{"id":938,"date":"2022-02-25T16:53:22","date_gmt":"2022-02-25T15:53:22","guid":{"rendered":"http:\/\/new.wielkopolskipn.pl\/?page_id=938"},"modified":"2023-11-29T15:56:53","modified_gmt":"2023-11-29T14:56:53","slug":"zadania-ochronne","status":"publish","type":"page","link":"https:\/\/archiwum.wielkopolskipn.pl\/en\/zadania-ochronne\/","title":{"rendered":"ZADANIA OCHRONNE"},"content":{"rendered":"\n<p><a rel=\"noreferrer noopener\" href=\"\/materialy\/zadania_ochronne\/Zarz._MKiS_ws_zadan_ochronnych_dla_Wielkopolskiego_PN_na_lata_2022-2023.pdf\" target=\"_blank\"><strong>Zrz\u0105dzenie Ministra Klimatu i \u015arodowiska w sprawie zada\u0144 ochronnych Wielkopolskiego Parku Narodowego na lata 2022 -2023<\/strong><\/a><br><strong><a href=\"https:\/\/dziennikurzedowy.mos.gov.pl\/dzienniki-urzedowe-z-2023-r\/pazdziernik-grudzien\/zarzadzenie\/poz-38-zarzadzenie-ministra-klimatu-i-srodowiska-z-dnia-16-pazdziernika-2023-r-w-sprawie-zada\/\">Zarz\u0105dzenie Ministra Klimatu i \u015arodowiska z dnia 16 pa\u017adziernika 2023 r. w sprawie zada\u0144 ochronnych dla Wielkopolskiego Parku Narodowego na lata 2024 i 2025<\/a><\/strong><\/p>\n\n\n\n<p><a href=\"http:\/\/archiwum.wielkopolskipn.pl\/materialy\/zadania_ochronne\/2_zadania_ochronne_luty_2023.pdf\" data-type=\"URL\" data-id=\"http:\/\/archiwum.wielkopolskipn.pl\/materialy\/zadania_ochronne\/12_zadania_ochronne_grudzie\u0144_2022.pdf\">Zadania ochronne luty 2023<\/a><br><a href=\"\/materialy\/zadania_ochronne\/3_zadania_ochronne_marzec_2023.pdf\" data-type=\"URL\" data-id=\"\/materialy\/zadania_ochronne\/3_zadania_ochronne_marzec_2023.pdf\">Zadania ochronne marzec 2023<\/a><br><a href=\"\/materialy\/zadania_ochronne\/4_zadania_ochronne_kwiecien_2023.pdf\">Zadania ochronne kwiecie\u0144 2023<\/a><br><a href=\"\/materialy\/zadania_ochronne\/5_zadania_ochronne_maj_2023.pdf\">Zadania ochronne maj 2023<\/a><br><a href=\"\/materialy\/zadania_ochronne\/6_zadania_ochronne_czerwiec_2023.pdf\">Zadania ochronne czerwiec 2023<\/a><br><a href=\"\/materialy\/zadania_ochronne\/7_zadania_ochronne_lipiec_2023.pdf\">Zadania ochronne lipiec 2023<\/a><br><a href=\"\/materialy\/zadania_ochronne\/8_zadania_ochronne_sierpie\u0144_2023.pdf\">Zadania ochronne sierpie\u0144 2023<\/a><br><a href=\"\/materialy\/zadania_ochronne\/9_zadania_ochronne_wrzesien_2023.pdf\">Zadania ochronne wrzesie\u0144 2023<\/a><br><a href=\"\/materialy\/zadania_ochronne\/10_zadania_ochronne_pa\u017adziernik_2023.pdf\" data-type=\"link\" data-id=\"\/materialy\/zadania_ochronne\/10_zadania_ochronne_pa\u017adziernik_2023.pdf\">Zadania ochronne pa\u017adziernik 2023<\/a><br><strong><a href=\"\/materialy\/zadania_ochronne\/11_zadania_ochronne_listopad_2023.pdf\">Zadania ochronne listopad 2023<\/a><\/strong><br><\/p>\n","protected":false},"excerpt":{"rendered":"<p>Zrz\u0105dzenie Ministra Klimatu i \u015arodowiska w sprawie zada\u0144 ochronnych Wielkopolskiego Parku Narodowego na lata 2022 -2023Zarz\u0105dzenie Ministra Klimatu i \u015arodowiska z dnia 16 pa\u017adziernika 2023 r. w sprawie zada\u0144 ochronnych dla Wielkopolskiego Parku Narodowego na lata 2024 i 2025 Zadania ochronne luty 2023Zadania ochronne marzec 2023Zadania ochronne kwiecie\u0144 2023Zadania ochronne maj 2023Zadania ochronne czerwiec 2023Zadania &hellip; <\/p>\n<p class=\"link-more\"><a href=\"https:\/\/archiwum.wielkopolskipn.pl\/en\/zadania-ochronne\/\" class=\"more-link\">Continue reading<span class=\"screen-reader-text\"> &#8220;ZADANIA OCHRONNE&#8221;<\/span><\/a><\/p>\n","protected":false},"author":1,"featured_media":0,"parent":0,"menu_order":0,"comment_status":"closed","ping_status":"closed","template":"","meta":{"ngg_post_thumbnail":0,"footnotes":""},"class_list":["post-938","page","type-page","status-publish","hentry"],"_links":{"self":[{"href":"https:\/\/archiwum.wielkopolskipn.pl\/en\/wp-json\/wp\/v2\/pages\/938","targetHints":{"allow":["GET"]}}],"collection":[{"href":"https:\/\/archiwum.wielkopolskipn.pl\/en\/wp-json\/wp\/v2\/pages"}],"about":[{"href":"https:\/\/archiwum.wielkopolskipn.pl\/en\/wp-json\/wp\/v2\/types\/page"}],"author":[{"embeddable":true,"href":"https:\/\/archiwum.wielkopolskipn.pl\/en\/wp-json\/wp\/v2\/users\/1"}],"replies":[{"embeddable":true,"href":"https:\/\/archiwum.wielkopolskipn.pl\/en\/wp-json\/wp\/v2\/comments?post=938"}],"version-history":[{"count":34,"href":"https:\/\/archiwum.wielkopolskipn.pl\/en\/wp-json\/wp\/v2\/pages\/938\/revisions"}],"predecessor-version":[{"id":3216,"href":"https:\/\/archiwum.wielkopolskipn.pl\/en\/wp-json\/wp\/v2\/pages\/938\/revisions\/3216"}],"wp:attachment":[{"href":"https:\/\/archiwum.wielkopolskipn.pl\/en\/wp-json\/wp\/v2\/media?parent=938"}],"curies":[{"name":"wp","href":"https:\/\/api.w.org\/{rel}","templated":true}]}}