{"id":934,"date":"2022-02-25T16:52:59","date_gmt":"2022-02-25T15:52:59","guid":{"rendered":"http:\/\/new.wielkopolskipn.pl\/?page_id=934"},"modified":"2022-11-04T13:33:46","modified_gmt":"2022-11-04T12:33:46","slug":"projekty","status":"publish","type":"page","link":"https:\/\/archiwum.wielkopolskipn.pl\/en\/projekty\/","title":{"rendered":"PROJEKTY"},"content":{"rendered":"\n<p class=\"has-medium-font-size\"><strong><a href=\"http:\/\/archiwum.wielkopolskipn.pl\/projekty-z-ue\/\" data-type=\"URL\" data-id=\"http:\/\/archiwum.wielkopolskipn.pl\/projekty-z-ue\/\">Projekty z UE<\/a><\/strong><\/p>\n\n\n\n<p class=\"has-medium-font-size\"><a href=\"http:\/\/archiwum.wielkopolskipn.pl\/nfosigw\/\" data-type=\"URL\" data-id=\"http:\/\/archiwum.wielkopolskipn.pl\/nfosigw\/\"><strong>NFO\u015aiGW<\/strong><\/a><\/p>\n\n\n\n<p class=\"has-medium-font-size\"><strong><a href=\"http:\/\/archiwum.wielkopolskipn.pl\/?page_id=1057\" data-type=\"URL\" data-id=\"http:\/\/archiwum.wielkopolskipn.pl\/?page_id=1057\">WFO\u015aiGW<\/a><\/strong><\/p>\n\n\n\n<p class=\"has-medium-font-size\"><strong><a href=\"http:\/\/archiwum.wielkopolskipn.pl\/fundusz-lesny\/\" data-type=\"URL\" data-id=\"http:\/\/archiwum.wielkopolskipn.pl\/fundusz-lesny\/\">Fundusz Le\u015bny<\/a><\/strong><\/p>\n\n\n\n<p class=\"has-medium-font-size\"><strong><a href=\"http:\/\/archiwum.wielkopolskipn.pl\/pozostale-projekty\/\" data-type=\"URL\" data-id=\"http:\/\/archiwum.wielkopolskipn.pl\/pozostale-projekty\/\">Pozosta\u0142e<\/a><\/strong><\/p>\n\n\n\n<p class=\"has-medium-font-size\"><a href=\"http:\/\/archiwum.wielkopolskipn.pl\/pilotazowe-zwalczanie-inwazyjnych-gatunkow-ob\/\" data-type=\"URL\" data-id=\"http:\/\/archiwum.wielkopolskipn.pl\/pilotazowe-zwalczanie-inwazyjnych-gatunkow-ob\/\"><strong>Pilota\u017cowe zwalczanie inwazyjnych gatunk\u00f3w obcych<\/strong><\/a><\/p>\n\n\n\n<p class=\"has-medium-font-size\"><strong><a href=\"http:\/\/archiwum.wielkopolskipn.pl\/promocja-pn\/\" data-type=\"URL\" data-id=\"http:\/\/archiwum.wielkopolskipn.pl\/promocja-pn\/\">Promocja Park\u00f3w Narodowych jako marki<\/a><\/strong><\/p>\n\n\n\n<p class=\"has-medium-font-size\"><strong><a href=\"https:\/\/archiwum.wielkopolskipn.pl\/chrzaszcz-brzmi-w-trzcinie-nie-bez-przyczyny\/\" data-type=\"URL\" data-id=\"https:\/\/archiwum.wielkopolskipn.pl\/chrzaszcz-brzmi-w-trzcinie-nie-bez-przyczyny\/\" target=\"_blank\" rel=\"noreferrer noopener\">Chrz\u0105szcz brzmi w trzcinie nie bez przyczyny<\/a><\/strong><\/p>\n","protected":false},"excerpt":{"rendered":"<p>Projekty z UE NFO\u015aiGW WFO\u015aiGW Fundusz Le\u015bny Pozosta\u0142e Pilota\u017cowe zwalczanie inwazyjnych gatunk\u00f3w obcych Promocja Park\u00f3w Narodowych jako marki Chrz\u0105szcz brzmi w trzcinie nie bez przyczyny<\/p>\n","protected":false},"author":1,"featured_media":0,"parent":0,"menu_order":0,"comment_status":"closed","ping_status":"closed","template":"","meta":{"ngg_post_thumbnail":0,"footnotes":""},"class_list":["post-934","page","type-page","status-publish","hentry"],"_links":{"self":[{"href":"https:\/\/archiwum.wielkopolskipn.pl\/en\/wp-json\/wp\/v2\/pages\/934","targetHints":{"allow":["GET"]}}],"collection":[{"href":"https:\/\/archiwum.wielkopolskipn.pl\/en\/wp-json\/wp\/v2\/pages"}],"about":[{"href":"https:\/\/archiwum.wielkopolskipn.pl\/en\/wp-json\/wp\/v2\/types\/page"}],"author":[{"embeddable":true,"href":"https:\/\/archiwum.wielkopolskipn.pl\/en\/wp-json\/wp\/v2\/users\/1"}],"replies":[{"embeddable":true,"href":"https:\/\/archiwum.wielkopolskipn.pl\/en\/wp-json\/wp\/v2\/comments?post=934"}],"version-history":[{"count":31,"href":"https:\/\/archiwum.wielkopolskipn.pl\/en\/wp-json\/wp\/v2\/pages\/934\/revisions"}],"predecessor-version":[{"id":2126,"href":"https:\/\/archiwum.wielkopolskipn.pl\/en\/wp-json\/wp\/v2\/pages\/934\/revisions\/2126"}],"wp:attachment":[{"href":"https:\/\/archiwum.wielkopolskipn.pl\/en\/wp-json\/wp\/v2\/media?parent=934"}],"curies":[{"name":"wp","href":"https:\/\/api.w.org\/{rel}","templated":true}]}}