{"id":673,"date":"2021-08-03T18:20:29","date_gmt":"2021-08-03T16:20:29","guid":{"rendered":"http:\/\/new.wielkopolskipn.pl\/?page_id=673"},"modified":"2022-09-02T12:02:57","modified_gmt":"2022-09-02T10:02:57","slug":"cennik-uslug-edukacyjnych","status":"publish","type":"page","link":"https:\/\/archiwum.wielkopolskipn.pl\/en\/cennik-uslug-edukacyjnych\/","title":{"rendered":"CENNIK US\u0141UG EDUKACYJNYCH"},"content":{"rendered":"\n<p class=\"has-medium-font-size\"><strong>CENNIK US\u0141UG \u015aWIADCZONYCH PRZEZ CENTRUM EDUKACJI EKOLOGICZNEJ WIELKOPOLSKIEGO PARKU NARODOWEGO OBOWI\u0104ZUJ\u0104CYCH OD 1 WRZE\u015aNIA 2022 r.<\/strong><\/p>\n\n\n\n<p><strong><a href=\"https:\/\/www.e-bip.org.pl\/WPN\/12305\" data-type=\"URL\" data-id=\"https:\/\/www.e-bip.org.pl\/WPN\/12305\" target=\"_blank\" rel=\"noreferrer noopener\">Za\u0142\u0105cznik do Zarz\u0105dzenia Dyrektora Wielkopolskiego Parku Narodowego nr 15\/2022<br>\u00a0z dnia 24.08.2022 r<\/a><a href=\"https:\/\/www.e-bip.org.pl\/WPN\/12305\" data-type=\"URL\" data-id=\"https:\/\/www.e-bip.org.pl\/WPN\/12305\">.<\/a><\/strong><\/p>\n\n\n\n<h2 class=\"wp-block-heading\"><strong>I. WST\u0118P DO MUZEUM PRZYRODNICZEGO WIELKOPOLSKIEGO PARKU NARODOWEGO<\/strong><\/h2>\n\n\n\n<h3 class=\"wp-block-heading\"><strong>1. ZWIEDZANIE BEZ PRZEWODNIKA- PRACOWNIKA WPN<\/strong><\/h3>\n\n\n\n<div class=\"wp-block-group\"><div class=\"wp-block-group__inner-container is-layout-flow wp-block-group-is-layout-flow\">\n<figure class=\"wp-block-table\"><table><tbody><tr><td><strong>Rodzaj biletu<\/strong><\/td><td class=\"has-text-align-center\" data-align=\"center\"><strong>Cena biletu    <\/strong>                     <\/td><\/tr><tr><td>   Bilet normalny<\/td><td class=\"has-text-align-center\" data-align=\"center\">10 z\u0142<\/td><\/tr><tr><td>   Bilet ulgowy*<\/td><td class=\"has-text-align-center\" data-align=\"center\">5 z\u0142<\/td><\/tr><tr><td>   Bilet na podstawie wa\u017cnej <em>Karty Du\u017cej Rodziny<\/em><\/td><td class=\"has-text-align-center\" data-align=\"center\">3 z\u0142<\/td><\/tr><\/tbody><\/table><figcaption><strong>*Uwaga : <\/strong>Bilety ulgowe przys\u0142uguj\u0105: (a) dzieciom pow. 3 lat, m\u0142odzie\u017cy szkolnej i studentom; &nbsp;(b)&nbsp;emerytom i rencistom; (c) inwalidom po okazaniu legitymacji inwalidzkiej; (d) nauczycielom- opiekunom w trakcie wycieczki szkolnej (1 osoba na 15 uczni\u00f3w). Z op\u0142at za wst\u0119p do Muzeum Przyrodniczego &nbsp;zwolnione s\u0105 osoby posiadaj\u0105ce zgod\u0119 Dyrektora Wielkopolskiego Parku Narodowego oraz dzieci do lat trzech.<\/figcaption><\/figure>\n<\/div><\/div>\n\n\n\n<h3 class=\"wp-block-heading\"><strong>2. ZWIEDZANIE Z PRZEWODNIKIEM \u2013 PRACOWNIKIEM WPN (&nbsp;j.&nbsp;polski)<\/strong><\/h3>\n\n\n\n<p>Mo\u017cliwe wy\u0142\u0105cznie w przypadku grup (min. 10 os\u00f3b do max. 25 os\u00f3b) od poniedzia\u0142ku do pi\u0105tku w godzinach od 8-14, po wcze\u015bniejszym zg\u0142oszeniu takiej formy obs\u0142ugi nie p\u00f3\u017aniej ni\u017c 14 dni przed terminem planowanego zwiedzania<\/p>\n\n\n\n<figure class=\"wp-block-table is-style-stripes\"><table><tbody><tr><td><strong>Dop\u0142ata do ceny biletu<\/strong><\/td><td class=\"has-text-align-center\" data-align=\"center\">60 z\u0142\/grup\u0119<\/td><\/tr><\/tbody><\/table><\/figure>\n\n\n\n<h2 class=\"wp-block-heading\"><strong>II. ZAJ\u0118CIA PROWADZONE PRZEZ PRACOWNIK\u00d3W CENTRUM EDUKACJI EKOLOGICZNEJ<\/strong><\/h2>\n\n\n\n<h3 class=\"wp-block-heading\"><strong>1. ZAJ\u0118CIA W TERENIE<\/strong><\/h3>\n\n\n\n<figure class=\"wp-block-table\"><table><tbody><tr><td><strong>Wielko\u015b\u0107 grupy<\/strong><\/td><td><strong>Op\u0142ata za zaj\u0119cia<\/strong><\/td><\/tr><tr><td>10-25 os\u00f3b\/1 grup\u0119<\/td><td>15&nbsp;z\u0142\/ 1 osob\u0119 w grupie<\/td><\/tr><\/tbody><\/table><\/figure>\n\n\n\n<h3 class=\"wp-block-heading\"><strong>2. ZAJ\u0118CIA W SALI I W TERENIE<\/strong><\/h3>\n\n\n\n<figure class=\"wp-block-table\"><table><tbody><tr><td><strong>Wielko\u015b\u0107 grupy<\/strong><\/td><td><strong>Op\u0142ata za zaj\u0119cia<\/strong><\/td><\/tr><tr><td>10-25 os\u00f3b\/1 grup\u0119<\/td><td>20&nbsp;z\u0142\/ 1 osob\u0119 w grupie<\/td><\/tr><\/tbody><\/table><\/figure>\n\n\n\n<h3 class=\"wp-block-heading\"><strong>3. ZAJ\u0118CIA ON-LINE<\/strong><\/h3>\n\n\n\n<figure class=\"wp-block-table\"><table><tbody><tr><td><strong>Wielko\u015b\u0107 grupy<\/strong><\/td><td><strong>Op\u0142ata za zaj\u0119cia<\/strong><\/td><\/tr><tr><td>10-25 os\u00f3b\/1 grup\u0119<\/td><td>10&nbsp;z\u0142\/ 1 osob\u0119 w grupie<\/td><\/tr><\/tbody><\/table><\/figure>\n\n\n\n<h3 class=\"wp-block-heading\"><strong>4. ZAJ\u0118CIA W SZKOLE<\/strong><\/h3>\n\n\n\n<figure class=\"wp-block-table\"><table><tbody><tr><td><strong>Wielko\u015b\u0107 grupy<\/strong><\/td><td><strong>Op\u0142ata za zaj\u0119cia<\/strong><\/td><\/tr><tr><td>10-25 os\u00f3b\/1 grup\u0119<\/td><td>25&nbsp;z\u0142\/ 1 osob\u0119 w grupie<\/td><\/tr><\/tbody><\/table><\/figure>\n\n\n\n<h2 class=\"wp-block-heading\"><strong>III. OGNISKO W WIACIE EDUKACYJNEJ W JEZIORACH DLA DZIECI UCZESTNICZ\u0104CYCH W ZAJ\u0118CIACH<\/strong><\/h2>\n\n\n\n<figure class=\"wp-block-table\"><table><tbody><tr><td><strong>Zakres oferty<\/strong><\/td><td><strong>Op\u0142ata<\/strong><\/td><\/tr><tr><td>Cena zawiera op\u0142at\u0119 za zorganizowanie ogniska, za kijki<br>do kie\u0142basy oraz za 0,25 mp drewna li\u015bciastego na ognisko<br>Maksymalna liczba os\u00f3b korzystaj\u0105cych z ogniska wynosi 50.<\/td><td>220 z\u0142<\/td><\/tr><\/tbody><\/table><\/figure>\n\n\n\n<h2 class=\"wp-block-heading\"><strong>IV. WYNAJEM SAL<\/strong><\/h2>\n\n\n\n<figure class=\"wp-block-table\"><table><tbody><tr><td><strong>Rodzaj sali\/us\u0142ugi<\/strong><\/td><td><strong>Cena wynajmu<\/strong><\/td><\/tr><tr><td>Wynajem Sali audiowizualnej<\/td><td>200&nbsp;z\u0142\/1godz.<\/td><\/tr><tr><td>Bilet wst\u0119pu na projekcj\u0119 filmu nt. Wielkopolskiego Parku Narodowego lub innego filmu o tematyce przyrodniczej w Sali audiowizualnej (do 1 godziny)<\/td><td>7&nbsp;z\u0142\/osoba<\/td><\/tr><tr><td>Wynajem Sali konferencyjnej du\u017cej<\/td><td>200&nbsp;z\u0142\/1 godz.<\/td><\/tr><tr><td>Wynajem Sali konferencyjnej ma\u0142ej<\/td><td>70&nbsp;z\u0142\/1 godz.<\/td><\/tr><\/tbody><\/table><\/figure>\n","protected":false},"excerpt":{"rendered":"<p>CENNIK US\u0141UG \u015aWIADCZONYCH PRZEZ CENTRUM EDUKACJI EKOLOGICZNEJ WIELKOPOLSKIEGO PARKU NARODOWEGO OBOWI\u0104ZUJ\u0104CYCH OD 1 WRZE\u015aNIA 2022 r. Za\u0142\u0105cznik do Zarz\u0105dzenia Dyrektora Wielkopolskiego Parku Narodowego nr 15\/2022\u00a0z dnia 24.08.2022 r. I. WST\u0118P DO MUZEUM PRZYRODNICZEGO WIELKOPOLSKIEGO PARKU NARODOWEGO 1. ZWIEDZANIE BEZ PRZEWODNIKA- PRACOWNIKA WPN Rodzaj biletu Cena biletu Bilet normalny 10 z\u0142 Bilet ulgowy* 5 z\u0142 Bilet &hellip; <\/p>\n<p class=\"link-more\"><a href=\"https:\/\/archiwum.wielkopolskipn.pl\/en\/cennik-uslug-edukacyjnych\/\" class=\"more-link\">Continue reading<span class=\"screen-reader-text\"> &#8220;CENNIK US\u0141UG EDUKACYJNYCH&#8221;<\/span><\/a><\/p>\n","protected":false},"author":2,"featured_media":0,"parent":0,"menu_order":0,"comment_status":"closed","ping_status":"closed","template":"","meta":{"ngg_post_thumbnail":0,"footnotes":""},"class_list":["post-673","page","type-page","status-publish","hentry"],"_links":{"self":[{"href":"https:\/\/archiwum.wielkopolskipn.pl\/en\/wp-json\/wp\/v2\/pages\/673","targetHints":{"allow":["GET"]}}],"collection":[{"href":"https:\/\/archiwum.wielkopolskipn.pl\/en\/wp-json\/wp\/v2\/pages"}],"about":[{"href":"https:\/\/archiwum.wielkopolskipn.pl\/en\/wp-json\/wp\/v2\/types\/page"}],"author":[{"embeddable":true,"href":"https:\/\/archiwum.wielkopolskipn.pl\/en\/wp-json\/wp\/v2\/users\/2"}],"replies":[{"embeddable":true,"href":"https:\/\/archiwum.wielkopolskipn.pl\/en\/wp-json\/wp\/v2\/comments?post=673"}],"version-history":[{"count":15,"href":"https:\/\/archiwum.wielkopolskipn.pl\/en\/wp-json\/wp\/v2\/pages\/673\/revisions"}],"predecessor-version":[{"id":1997,"href":"https:\/\/archiwum.wielkopolskipn.pl\/en\/wp-json\/wp\/v2\/pages\/673\/revisions\/1997"}],"wp:attachment":[{"href":"https:\/\/archiwum.wielkopolskipn.pl\/en\/wp-json\/wp\/v2\/media?parent=673"}],"curies":[{"name":"wp","href":"https:\/\/api.w.org\/{rel}","templated":true}]}}