{"id":590,"date":"2021-06-02T21:59:55","date_gmt":"2021-06-02T19:59:55","guid":{"rendered":"http:\/\/new.wielkopolskipn.pl\/?page_id=590"},"modified":"2022-08-19T12:06:54","modified_gmt":"2022-08-19T10:06:54","slug":"e-sklep","status":"publish","type":"page","link":"https:\/\/archiwum.wielkopolskipn.pl\/en\/e-sklep\/","title":{"rendered":"E-SKLEP"},"content":{"rendered":"\n<p>Obecnie pami\u0105tki oraz wydawnictwa Parku mo\u017cna zakupi\u0107 w siedzibie Dyrekcji WPN. W e-sklepie pod adresem <a rel=\"noreferrer noopener\" href=\"https:\/\/wielkopolskipn.eparki.pl\/\" target=\"_blank\"><strong>https:\/\/wielkopolskipn.eparki.pl\/<\/strong><\/a> mo\u017cna zakupi\u0107 karty w\u0119dkarskie na jeziora w granicach Parku. <\/p>\n","protected":false},"excerpt":{"rendered":"<p>Obecnie pami\u0105tki oraz wydawnictwa Parku mo\u017cna zakupi\u0107 w siedzibie Dyrekcji WPN. W e-sklepie pod adresem https:\/\/wielkopolskipn.eparki.pl\/ mo\u017cna zakupi\u0107 karty w\u0119dkarskie na jeziora w granicach Parku.<\/p>\n","protected":false},"author":2,"featured_media":0,"parent":0,"menu_order":0,"comment_status":"closed","ping_status":"closed","template":"","meta":{"ngg_post_thumbnail":0,"footnotes":""},"class_list":["post-590","page","type-page","status-publish","hentry"],"_links":{"self":[{"href":"https:\/\/archiwum.wielkopolskipn.pl\/en\/wp-json\/wp\/v2\/pages\/590","targetHints":{"allow":["GET"]}}],"collection":[{"href":"https:\/\/archiwum.wielkopolskipn.pl\/en\/wp-json\/wp\/v2\/pages"}],"about":[{"href":"https:\/\/archiwum.wielkopolskipn.pl\/en\/wp-json\/wp\/v2\/types\/page"}],"author":[{"embeddable":true,"href":"https:\/\/archiwum.wielkopolskipn.pl\/en\/wp-json\/wp\/v2\/users\/2"}],"replies":[{"embeddable":true,"href":"https:\/\/archiwum.wielkopolskipn.pl\/en\/wp-json\/wp\/v2\/comments?post=590"}],"version-history":[{"count":2,"href":"https:\/\/archiwum.wielkopolskipn.pl\/en\/wp-json\/wp\/v2\/pages\/590\/revisions"}],"predecessor-version":[{"id":593,"href":"https:\/\/archiwum.wielkopolskipn.pl\/en\/wp-json\/wp\/v2\/pages\/590\/revisions\/593"}],"wp:attachment":[{"href":"https:\/\/archiwum.wielkopolskipn.pl\/en\/wp-json\/wp\/v2\/media?parent=590"}],"curies":[{"name":"wp","href":"https:\/\/api.w.org\/{rel}","templated":true}]}}