{"id":524,"date":"2021-06-02T14:45:35","date_gmt":"2021-06-02T12:45:35","guid":{"rendered":"http:\/\/new.wielkopolskipn.pl\/?page_id=524"},"modified":"2022-08-10T09:19:31","modified_gmt":"2022-08-10T07:19:31","slug":"baza-gastronomiczna","status":"publish","type":"page","link":"https:\/\/archiwum.wielkopolskipn.pl\/en\/baza-gastronomiczna\/","title":{"rendered":"BAZA GASTRONOMICZNA"},"content":{"rendered":"\n<p>Na terenie Parku znajduj\u0105 si\u0119 dwa punkty gastronomiczne: <\/p>\n\n\n\n<p><strong>Na parkingu w Jeziorach<\/strong><\/p>\n\n\n\n<p>TKJ Jan Krauze <\/p>\n\n\n\n<p>Mariola Moczy\u0144ska catering <\/p>\n\n\n\n<p><strong>Przy jeziorze Jaros\u0142awieckim <\/strong><\/p>\n\n\n\n<p>TKJ Jan Krauze Piernikowa Chata &#8211; Bistro <\/p>\n\n\n\n<p><\/p>\n\n\n\n<p>Zgoda i warunki na prowadzenie dzia\u0142alno\u015bci mobilnego punktu gastronomicznego wydawana jest na podstawie pisemnej zgody Dyrektora Wielkopolskiego Parku Narodowego <\/p>\n\n\n\n<p><\/p>\n","protected":false},"excerpt":{"rendered":"<p>Na terenie Parku znajduj\u0105 si\u0119 dwa punkty gastronomiczne: Na parkingu w Jeziorach TKJ Jan Krauze Mariola Moczy\u0144ska catering Przy jeziorze Jaros\u0142awieckim TKJ Jan Krauze Piernikowa Chata &#8211; Bistro Zgoda i warunki na prowadzenie dzia\u0142alno\u015bci mobilnego punktu gastronomicznego wydawana jest na podstawie pisemnej zgody Dyrektora Wielkopolskiego Parku Narodowego<\/p>\n","protected":false},"author":2,"featured_media":0,"parent":0,"menu_order":0,"comment_status":"closed","ping_status":"closed","template":"","meta":{"ngg_post_thumbnail":0,"footnotes":""},"class_list":["post-524","page","type-page","status-publish","hentry"],"_links":{"self":[{"href":"https:\/\/archiwum.wielkopolskipn.pl\/en\/wp-json\/wp\/v2\/pages\/524","targetHints":{"allow":["GET"]}}],"collection":[{"href":"https:\/\/archiwum.wielkopolskipn.pl\/en\/wp-json\/wp\/v2\/pages"}],"about":[{"href":"https:\/\/archiwum.wielkopolskipn.pl\/en\/wp-json\/wp\/v2\/types\/page"}],"author":[{"embeddable":true,"href":"https:\/\/archiwum.wielkopolskipn.pl\/en\/wp-json\/wp\/v2\/users\/2"}],"replies":[{"embeddable":true,"href":"https:\/\/archiwum.wielkopolskipn.pl\/en\/wp-json\/wp\/v2\/comments?post=524"}],"version-history":[{"count":3,"href":"https:\/\/archiwum.wielkopolskipn.pl\/en\/wp-json\/wp\/v2\/pages\/524\/revisions"}],"predecessor-version":[{"id":1685,"href":"https:\/\/archiwum.wielkopolskipn.pl\/en\/wp-json\/wp\/v2\/pages\/524\/revisions\/1685"}],"wp:attachment":[{"href":"https:\/\/archiwum.wielkopolskipn.pl\/en\/wp-json\/wp\/v2\/media?parent=524"}],"curies":[{"name":"wp","href":"https:\/\/api.w.org\/{rel}","templated":true}]}}