{"id":367,"date":"2021-05-23T15:25:09","date_gmt":"2021-05-23T13:25:09","guid":{"rendered":"http:\/\/war-wpn.home.amu.edu.pl\/?page_id=367"},"modified":"2024-02-27T08:45:28","modified_gmt":"2024-02-27T07:45:28","slug":"aktualnosci-2","status":"publish","type":"page","link":"https:\/\/archiwum.wielkopolskipn.pl\/en\/","title":{"rendered":"AKTUALNO\u015aCI"},"content":{"rendered":"<div class=\"wp-block-image\">\n<figure class=\"aligncenter size-large is-resized\"><a href=\"https:\/\/archiwum.wielkopolskipn.pl\/wystawa-fotografii-przyrodniczej\/\"><img loading=\"lazy\" decoding=\"async\" width=\"717\" height=\"1024\" src=\"https:\/\/archiwum.wielkopolskipn.pl\/wp-content\/uploads\/2024\/02\/baner1_page-0001-717x1024.jpg\" alt=\"\" class=\"wp-image-3310\" style=\"width:432px;height:auto\" srcset=\"https:\/\/archiwum.wielkopolskipn.pl\/wp-content\/uploads\/2024\/02\/baner1_page-0001-717x1024.jpg 717w, https:\/\/archiwum.wielkopolskipn.pl\/wp-content\/uploads\/2024\/02\/baner1_page-0001-210x300.jpg 210w, https:\/\/archiwum.wielkopolskipn.pl\/wp-content\/uploads\/2024\/02\/baner1_page-0001-768x1097.jpg 768w, https:\/\/archiwum.wielkopolskipn.pl\/wp-content\/uploads\/2024\/02\/baner1_page-0001-1075x1536.jpg 1075w, https:\/\/archiwum.wielkopolskipn.pl\/wp-content\/uploads\/2024\/02\/baner1_page-0001.jpg 1241w\" sizes=\"auto, (max-width: 717px) 100vw, 717px\" \/><\/a><figcaption class=\"wp-element-caption\"><strong>Zapraszamy do obejrzenia wystawy w siedzibie WPN<\/strong><\/figcaption><\/figure>\n<\/div>\n\n<div class=\"wp-block-image\">\n<figure class=\"aligncenter size-full is-resized\"><a href=\"szosty-numer-kwartalnika-glos-puszczyka-wpn-juz-dostepny\"><img loading=\"lazy\" decoding=\"async\" width=\"1276\" height=\"1571\" src=\"https:\/\/archiwum.wielkopolskipn.pl\/wp-content\/uploads\/2024\/02\/okladka6.jpg\" alt=\"\" class=\"wp-image-3321\" style=\"width:440px;height:auto\" srcset=\"https:\/\/archiwum.wielkopolskipn.pl\/wp-content\/uploads\/2024\/02\/okladka6.jpg 1276w, https:\/\/archiwum.wielkopolskipn.pl\/wp-content\/uploads\/2024\/02\/okladka6-244x300.jpg 244w, https:\/\/archiwum.wielkopolskipn.pl\/wp-content\/uploads\/2024\/02\/okladka6-832x1024.jpg 832w, https:\/\/archiwum.wielkopolskipn.pl\/wp-content\/uploads\/2024\/02\/okladka6-768x946.jpg 768w, https:\/\/archiwum.wielkopolskipn.pl\/wp-content\/uploads\/2024\/02\/okladka6-1248x1536.jpg 1248w\" sizes=\"auto, (max-width: 767px) 89vw, (max-width: 1000px) 54vw, (max-width: 1071px) 543px, 580px\" \/><\/a><figcaption class=\"wp-element-caption\"><strong><a href=\"https:\/\/archiwum.wielkopolskipn.pl\/czwarty\/\" data-type=\"URL\" data-id=\"https:\/\/archiwum.wielkopolskipn.pl\/czwarty\/\"> <\/a>ZIMOWY NUMER G\u0141OSU PUSZCZYKA JU\u017b DOST\u0118PNY<\/strong><\/figcaption><\/figure>\n<\/div>\n\n<div class=\"wp-block-image\">\n<figure class=\"aligncenter size-large is-resized\"><a href=\"https:\/\/archiwum.wielkopolskipn.pl\/komunikat-turystyczny-14-02-2024-r\/\"><img loading=\"lazy\" decoding=\"async\" width=\"724\" height=\"1024\" src=\"https:\/\/archiwum.wielkopolskipn.pl\/wp-content\/uploads\/2024\/02\/informacje-724x1024.jpg\" alt=\"\" class=\"wp-image-3298\" style=\"width:426px;height:auto\" srcset=\"https:\/\/archiwum.wielkopolskipn.pl\/wp-content\/uploads\/2024\/02\/informacje-724x1024.jpg 724w, https:\/\/archiwum.wielkopolskipn.pl\/wp-content\/uploads\/2024\/02\/informacje-212x300.jpg 212w, https:\/\/archiwum.wielkopolskipn.pl\/wp-content\/uploads\/2024\/02\/informacje-768x1086.jpg 768w, https:\/\/archiwum.wielkopolskipn.pl\/wp-content\/uploads\/2024\/02\/informacje-1086x1536.jpg 1086w, https:\/\/archiwum.wielkopolskipn.pl\/wp-content\/uploads\/2024\/02\/informacje.jpg 1414w\" sizes=\"auto, (max-width: 724px) 100vw, 724px\" \/><\/a><\/figure>\n<\/div>\n\n<div class=\"wp-block-image is-style-default\">\n<figure class=\"aligncenter size-large is-resized\"><img loading=\"lazy\" decoding=\"async\" width=\"724\" height=\"1024\" src=\"https:\/\/archiwum.wielkopolskipn.pl\/wp-content\/uploads\/2023\/10\/informacje-724x1024.jpg\" alt=\"\" class=\"wp-image-3155\" style=\"width:425px;height:600px\" srcset=\"https:\/\/archiwum.wielkopolskipn.pl\/wp-content\/uploads\/2023\/10\/informacje-724x1024.jpg 724w, https:\/\/archiwum.wielkopolskipn.pl\/wp-content\/uploads\/2023\/10\/informacje-212x300.jpg 212w, https:\/\/archiwum.wielkopolskipn.pl\/wp-content\/uploads\/2023\/10\/informacje-768x1086.jpg 768w, https:\/\/archiwum.wielkopolskipn.pl\/wp-content\/uploads\/2023\/10\/informacje-1086x1536.jpg 1086w, https:\/\/archiwum.wielkopolskipn.pl\/wp-content\/uploads\/2023\/10\/informacje.jpg 1414w\" sizes=\"auto, (max-width: 724px) 100vw, 724px\" \/><\/figure>\n<\/div>\n\n<ul class=\"wp-block-latest-posts__list has-dates wp-block-latest-posts\"><li><a class=\"wp-block-latest-posts__post-title\" href=\"https:\/\/archiwum.wielkopolskipn.pl\/en\/ogloszenie-o-naborze-do-punktu-alarmowo-dyspozycyjnego-w-jeziorach\/\"><strong>Og\u0142oszenie o naborze do Punktu Alarmowo-Dyspozycyjnego w Jeziorach<\/strong><\/a><time datetime=\"2024-03-05T12:49:30+01:00\" class=\"wp-block-latest-posts__post-date\">5 March 2024<\/time><div class=\"wp-block-latest-posts__post-excerpt\"><\/div><\/li>\n<li><a class=\"wp-block-latest-posts__post-title\" href=\"https:\/\/archiwum.wielkopolskipn.pl\/en\/wystawa-fotografii-przyrodniczej\/\"><strong>Wystawa fotografii przyrodniczej<\/strong><\/a><time datetime=\"2024-02-26T13:05:50+01:00\" class=\"wp-block-latest-posts__post-date\">26 February 2024<\/time><div class=\"wp-block-latest-posts__post-excerpt\">Zapraszamy na now\u0105 wystaw\u0119 fotografii przyrodniczej autorstwa Mariusza Jarka!Wystawa prezentowana jest w budynku Dyrekcji WPN w Jeziorach, w dni robocze w godzinach od 7:00 &hellip; <p class=\"link-more\"><a href=\"https:\/\/archiwum.wielkopolskipn.pl\/en\/wystawa-fotografii-przyrodniczej\/\" class=\"more-link\">Continue reading<span class=\"screen-reader-text\"> &#8220;<strong>Wystawa fotografii przyrodniczej<\/strong>&#8220;<\/span><\/a><\/p><\/div><\/li>\n<li><a class=\"wp-block-latest-posts__post-title\" href=\"https:\/\/archiwum.wielkopolskipn.pl\/en\/komunikat-turystyczny-14-02-2024-r\/\"><strong>KOMUNIKAT TURYSTYCZNY 14.02.2024 r.<\/strong><\/a><time datetime=\"2024-02-14T14:12:09+01:00\" class=\"wp-block-latest-posts__post-date\">14 February 2024<\/time><div class=\"wp-block-latest-posts__post-excerpt\">Zamkni\u0119te odcinki w o. o. Wiry Odcinki na szlaku pieszym zielonym (Trasa im. Tadeusza Smoluchowskiego) \u2013 przebieg Trzebaw -Rosn\u00f3wko: fragment do Mauzoleum Bierbaum\u00f3w fragment &hellip; <p class=\"link-more\"><a href=\"https:\/\/archiwum.wielkopolskipn.pl\/en\/komunikat-turystyczny-14-02-2024-r\/\" class=\"more-link\">Continue reading<span class=\"screen-reader-text\"> &#8220;<strong>KOMUNIKAT TURYSTYCZNY 14.02.2024 r.<\/strong>&#8220;<\/span><\/a><\/p><\/div><\/li>\n<li><a class=\"wp-block-latest-posts__post-title\" href=\"https:\/\/archiwum.wielkopolskipn.pl\/en\/wylozenie-projektu-planu-urzadzenia-lasu-do-publicznego-wgladu\/\"><strong>Wy\u0142o\u017cenie projektu Planu urz\u0105dzenia lasu do publicznego wgl\u0105du<\/strong><\/a><time datetime=\"2024-01-31T11:37:05+01:00\" class=\"wp-block-latest-posts__post-date\">31 January 2024<\/time><div class=\"wp-block-latest-posts__post-excerpt\">Dyrektor Wielkopolskiego Parku Narodowego informuje o wy\u0142o\u017ceniu projektu Planu Urz\u0105dzenia Lasu (PUL) dla las\u00f3w Skarbu Pa\u0144stwa w u\u017cytkowaniu wieczystym Wielkopolskiego Parku Narodowego \u201eOBIEKT NIWKA\u201d &hellip; <p class=\"link-more\"><a href=\"https:\/\/archiwum.wielkopolskipn.pl\/en\/wylozenie-projektu-planu-urzadzenia-lasu-do-publicznego-wgladu\/\" class=\"more-link\">Continue reading<span class=\"screen-reader-text\"> &#8220;<strong>Wy\u0142o\u017cenie projektu Planu urz\u0105dzenia lasu do publicznego wgl\u0105du<\/strong>&#8220;<\/span><\/a><\/p><\/div><\/li>\n<li><a class=\"wp-block-latest-posts__post-title\" href=\"https:\/\/archiwum.wielkopolskipn.pl\/en\/przetarg-na-dzierzawe-gruntow-rolnych-2\/\"><strong>Przetarg na zadania ochronne WPN 2024-2025<\/strong><\/a><time datetime=\"2024-01-29T10:23:09+01:00\" class=\"wp-block-latest-posts__post-date\">29 January 2024<\/time><div class=\"wp-block-latest-posts__post-excerpt\">Wielkopolski Park Narodowy og\u0142asza przetarg pisemny nieograniczony na zadania ochronne Wielkopolskiego Parku Narodowego do wykonania w latach 2024-2025, podzielony na 5 cz\u0119\u015bci: Cz\u0119\u015b\u0107 nr &hellip; <p class=\"link-more\"><a href=\"https:\/\/archiwum.wielkopolskipn.pl\/en\/przetarg-na-dzierzawe-gruntow-rolnych-2\/\" class=\"more-link\">Continue reading<span class=\"screen-reader-text\"> &#8220;<strong>Przetarg na zadania ochronne WPN 2024-2025<\/strong>&#8220;<\/span><\/a><\/p><\/div><\/li>\n<\/ul>","protected":false},"excerpt":{"rendered":"","protected":false},"author":8,"featured_media":0,"parent":0,"menu_order":0,"comment_status":"closed","ping_status":"closed","template":"","meta":{"ngg_post_thumbnail":0,"footnotes":""},"class_list":["post-367","page","type-page","status-publish","hentry"],"_links":{"self":[{"href":"https:\/\/archiwum.wielkopolskipn.pl\/en\/wp-json\/wp\/v2\/pages\/367","targetHints":{"allow":["GET"]}}],"collection":[{"href":"https:\/\/archiwum.wielkopolskipn.pl\/en\/wp-json\/wp\/v2\/pages"}],"about":[{"href":"https:\/\/archiwum.wielkopolskipn.pl\/en\/wp-json\/wp\/v2\/types\/page"}],"author":[{"embeddable":true,"href":"https:\/\/archiwum.wielkopolskipn.pl\/en\/wp-json\/wp\/v2\/users\/8"}],"replies":[{"embeddable":true,"href":"https:\/\/archiwum.wielkopolskipn.pl\/en\/wp-json\/wp\/v2\/comments?post=367"}],"version-history":[{"count":89,"href":"https:\/\/archiwum.wielkopolskipn.pl\/en\/wp-json\/wp\/v2\/pages\/367\/revisions"}],"predecessor-version":[{"id":3331,"href":"https:\/\/archiwum.wielkopolskipn.pl\/en\/wp-json\/wp\/v2\/pages\/367\/revisions\/3331"}],"wp:attachment":[{"href":"https:\/\/archiwum.wielkopolskipn.pl\/en\/wp-json\/wp\/v2\/media?parent=367"}],"curies":[{"name":"wp","href":"https:\/\/api.w.org\/{rel}","templated":true}]}}