{"id":3320,"date":"2024-02-27T08:15:49","date_gmt":"2024-02-27T07:15:49","guid":{"rendered":"https:\/\/archiwum.wielkopolskipn.pl\/?page_id=3320"},"modified":"2024-02-27T08:43:53","modified_gmt":"2024-02-27T07:43:53","slug":"szosty-numer-kwartalnika-glos-puszczyka-wpn-juz-dostepny","status":"publish","type":"page","link":"https:\/\/archiwum.wielkopolskipn.pl\/en\/szosty-numer-kwartalnika-glos-puszczyka-wpn-juz-dostepny\/","title":{"rendered":"Sz\u00f3sty numer Kwartalnika G\u0142os Puszczyka WPN ju\u017c dost\u0119pny"},"content":{"rendered":"\n<p>Wielkopolski Park Narodowy to bogactwo flory i fauny. To kraina form polodowcowych i wyj\u0105tkowych krajobraz\u00f3w, kt\u00f3rych pi\u0119kno i wyj\u0105tkowo\u015b\u0107 chcemy Wam przybli\u017cy\u0107. Dzi\u0119ki wsp\u00f3\u0142pracy Gminy Mosina i WPN powsta\u0142o pismo \u2013 kwartalnik, kt\u00f3ry pozwoli Wam pozna\u0107 fascynuj\u0105cy \u015bwiat Wielkopolskiego Parku Narodowego. Premierowy, zimowy numer kwartalnika \u201eG\u0142os Puszczyka WPN\u201d jest ju\u017c dost\u0119pny na stronie Parku i Gminy Mosina.<\/p>\n\n\n\n<figure class=\"wp-block-image size-large is-resized\"><img loading=\"lazy\" decoding=\"async\" width=\"832\" height=\"1024\" src=\"https:\/\/archiwum.wielkopolskipn.pl\/wp-content\/uploads\/2024\/02\/okladka6-832x1024.jpg\" alt=\"\" class=\"wp-image-3321\" style=\"width:458px;height:auto\" srcset=\"https:\/\/archiwum.wielkopolskipn.pl\/wp-content\/uploads\/2024\/02\/okladka6-832x1024.jpg 832w, https:\/\/archiwum.wielkopolskipn.pl\/wp-content\/uploads\/2024\/02\/okladka6-244x300.jpg 244w, https:\/\/archiwum.wielkopolskipn.pl\/wp-content\/uploads\/2024\/02\/okladka6-768x946.jpg 768w, https:\/\/archiwum.wielkopolskipn.pl\/wp-content\/uploads\/2024\/02\/okladka6-1248x1536.jpg 1248w, https:\/\/archiwum.wielkopolskipn.pl\/wp-content\/uploads\/2024\/02\/okladka6.jpg 1276w\" sizes=\"auto, (max-width: 767px) 89vw, (max-width: 1000px) 54vw, (max-width: 1071px) 543px, 580px\" \/><\/figure>\n\n\n\n<p><strong>W tym numerze m.in. :<\/strong>&nbsp;<br>TEMAT NUMERU: Popielica &nbsp;<br>TEMAT SPECJALNY: &#8220;Jak jest zima, to musi by\u0107 zimno&#8221;<br>NA TROPACH L\u0104DOLODU: Polodowcowe oczka wodne&nbsp;<br>CHRZ\u0104SZCZE: Koszmar \u015blimaka<br>HISTORIA W PARKU: Muzeum Przyrodnicze w Puszczykowie<br>MOSINA &#8211; NATURALNIE PI\u0118KNE MIEJSCE: Mosi\u0144skie cegielnie,<br>FAUNA WPN: sKUMa\u0107 KUMaka<br>LE\u015aNIK ZIM\u0104 &#8211; czyli z pami\u0119tnika parkowego le\u015bnika<br>Ponadto: Wolontariat WPN, newsy z Wielkopolski Park Narodowy, zagadki dla najm\u0142odszych, konkurs.<\/p>\n\n\n\n<p><strong>Czytajcie bezp\u0142atnie na urz\u0105dzeniach elektronicznych.<\/strong><br><strong>Zaczytajcie si\u0119 w przyrodzie!<\/strong><\/p>\n\n\n\n<p><strong><a href=\"https:\/\/www.mosina.pl\/filemanager\/photos\/uploads\/papers\/12\/project\/index.html\">Kwartalnik w wersji elektronicznej<\/a><\/strong><\/p>\n\n\n\n<p><strong><a href=\"https:\/\/wpn.gov.pl\/pliki-do-pobrania\/otworz\/09ddb9d9-0625-459b-a2cb-ed081cf760b8\">Kwartalnik w wersji PDF<\/a><\/strong><\/p>\n\n\n\n<p><a href=\"https:\/\/archiwum.wielkopolskipn.pl\/wp-content\/uploads\/2024\/02\/Konkurs_dla_przyrodniczych_tropicieli_regulamin.pdf\" data-type=\"link\" data-id=\"https:\/\/archiwum.wielkopolskipn.pl\/wp-content\/uploads\/2024\/02\/Konkurs_dla_przyrodniczych_tropicieli_regulamin.pdf\"><strong>Regulamin konkursu dla przyrodniczych tropicieli<\/strong><\/a><\/p>\n","protected":false},"excerpt":{"rendered":"<p>Wielkopolski Park Narodowy to bogactwo flory i fauny. To kraina form polodowcowych i wyj\u0105tkowych krajobraz\u00f3w, kt\u00f3rych pi\u0119kno i wyj\u0105tkowo\u015b\u0107 chcemy Wam przybli\u017cy\u0107. Dzi\u0119ki wsp\u00f3\u0142pracy Gminy Mosina i WPN powsta\u0142o pismo \u2013 kwartalnik, kt\u00f3ry pozwoli Wam pozna\u0107 fascynuj\u0105cy \u015bwiat Wielkopolskiego Parku Narodowego. Premierowy, zimowy numer kwartalnika \u201eG\u0142os Puszczyka WPN\u201d jest ju\u017c dost\u0119pny na stronie Parku i &hellip; <\/p>\n<p class=\"link-more\"><a href=\"https:\/\/archiwum.wielkopolskipn.pl\/en\/szosty-numer-kwartalnika-glos-puszczyka-wpn-juz-dostepny\/\" class=\"more-link\">Continue reading<span class=\"screen-reader-text\"> &#8220;Sz\u00f3sty numer Kwartalnika G\u0142os Puszczyka WPN ju\u017c dost\u0119pny&#8221;<\/span><\/a><\/p>\n","protected":false},"author":8,"featured_media":0,"parent":0,"menu_order":0,"comment_status":"closed","ping_status":"closed","template":"","meta":{"ngg_post_thumbnail":0,"footnotes":""},"class_list":["post-3320","page","type-page","status-publish","hentry"],"_links":{"self":[{"href":"https:\/\/archiwum.wielkopolskipn.pl\/en\/wp-json\/wp\/v2\/pages\/3320","targetHints":{"allow":["GET"]}}],"collection":[{"href":"https:\/\/archiwum.wielkopolskipn.pl\/en\/wp-json\/wp\/v2\/pages"}],"about":[{"href":"https:\/\/archiwum.wielkopolskipn.pl\/en\/wp-json\/wp\/v2\/types\/page"}],"author":[{"embeddable":true,"href":"https:\/\/archiwum.wielkopolskipn.pl\/en\/wp-json\/wp\/v2\/users\/8"}],"replies":[{"embeddable":true,"href":"https:\/\/archiwum.wielkopolskipn.pl\/en\/wp-json\/wp\/v2\/comments?post=3320"}],"version-history":[{"count":4,"href":"https:\/\/archiwum.wielkopolskipn.pl\/en\/wp-json\/wp\/v2\/pages\/3320\/revisions"}],"predecessor-version":[{"id":3330,"href":"https:\/\/archiwum.wielkopolskipn.pl\/en\/wp-json\/wp\/v2\/pages\/3320\/revisions\/3330"}],"wp:attachment":[{"href":"https:\/\/archiwum.wielkopolskipn.pl\/en\/wp-json\/wp\/v2\/media?parent=3320"}],"curies":[{"name":"wp","href":"https:\/\/api.w.org\/{rel}","templated":true}]}}