{"id":3208,"date":"2023-12-06T21:04:01","date_gmt":"2023-12-06T20:04:01","guid":{"rendered":"https:\/\/archiwum.wielkopolskipn.pl\/?page_id=3208"},"modified":"2023-12-06T21:07:11","modified_gmt":"2023-12-06T20:07:11","slug":"monitoring-hydrometeorologiczny","status":"publish","type":"page","link":"https:\/\/archiwum.wielkopolskipn.pl\/en\/monitoring-hydrometeorologiczny\/","title":{"rendered":"MONITORING HYDROMETEOROLOGICZNY"},"content":{"rendered":"\n<p><strong>Portal danych monitoringu hydrometeorologicznego to bogaty i r\u00f3\u017cnorodny zas\u00f3b informacji o \u015brodowisku przyrodniczym\u00a0<a href=\"https:\/\/archiwum.wielkopolskipn.pl\/\" target=\"_blank\" rel=\"noreferrer noopener\">Wielkopolskiego Parku Narodowego<\/a>. Mo\u017cna znale\u017a\u0107 tu zar\u00f3wno\u00a0<a href=\"https:\/\/ebd.web.amu.edu.pl\/dane-i-wykresy\/\" target=\"_blank\" rel=\"noreferrer noopener\">zbiory danych<\/a>\u00a0z wynikami wieloletnich pomiar\u00f3w i obserwacji stanu atmosfery, w\u00f3d powierzchniowych i podziemnych, jak i\u00a0<a href=\"https:\/\/ebd.web.amu.edu.pl\/materialy-edukacyjne\/\" target=\"_blank\" rel=\"noreferrer noopener\">komentarze naukowe<\/a>\u00a0do nich. Dane s\u0105 zaprezentowane r\u00f3wnie\u017c na\u00a0<a href=\"https:\/\/ebd.web.amu.edu.pl\/dane-i-wykresy\/\" target=\"_blank\" rel=\"noreferrer noopener\">wykresach zbiorczych<\/a>. Stanowiska pomiarowe s\u0105 zwizualizowane w specjalnym\u00a0<a href=\"https:\/\/ebd.web.amu.edu.pl\/geoportal\/\" target=\"_blank\" rel=\"noreferrer noopener\">geoportalu<\/a>\u00a0na tle map tematycznych. Bie\u017c\u0105ce dane meteorologiczne mierzone w stacji meteorologicznej Jeziory mo\u017cna podejrze\u0107\u00a0<a href=\"http:\/\/monitoring.a-ster.net\/login2.php?o=53&#038;u=216&#038;d=310&#038;key=wgc926Wq\" target=\"_blank\" rel=\"noreferrer noopener\">pod tym linkiem<\/a>.<\/strong> <\/p>\n\n\n\n<p class=\"has-text-align-center\"><strong>Wejd\u017a do portalu klikaj\u0105c na baner: <\/strong><\/p>\n\n\n<div class=\"wp-block-image\">\n<figure class=\"aligncenter size-full\"><a href=\"https:\/\/ebd.web.amu.edu.pl\/\" target=\"_blank\" rel=\"noreferrer noopener\"><img loading=\"lazy\" decoding=\"async\" width=\"666\" height=\"75\" src=\"https:\/\/archiwum.wielkopolskipn.pl\/wp-content\/uploads\/2023\/12\/image-1.png\" alt=\"\" class=\"wp-image-3210\" srcset=\"https:\/\/archiwum.wielkopolskipn.pl\/wp-content\/uploads\/2023\/12\/image-1.png 666w, https:\/\/archiwum.wielkopolskipn.pl\/wp-content\/uploads\/2023\/12\/image-1-300x34.png 300w\" sizes=\"auto, (max-width: 666px) 100vw, 666px\" \/><\/a><\/figure>\n<\/div>\n\n\n<p><\/p>\n\n\n\n<div class=\"wp-block-group\"><div class=\"wp-block-group__inner-container is-layout-constrained wp-block-group-is-layout-constrained\">\n<p class=\"has-small-font-size\"><em>Projekt WODA W \u015aRODOWISKU PRZYRODNICZYM WIELKOPOLSKIEGO PARKU NARODOWEGO powsta\u0142 w ramach przedsi\u0119wzi\u0119cia pt. <strong>\u201eWspomaganie edukacji ekologicznej poprzez druk wydawnictwa &#8220;G\u0142os Puszczyka WPN&#8221; i przygotowanie aplikacji udost\u0119pniaj\u0105cej spo\u0142ecze\u0144stwu dane o \u015brodowisku przyrodniczym Wielkopolskiego Parku Narodowego&#8221;<\/strong> dofinansowanego ze \u015brodk\u00f3w Wojew\u00f3dzkiego Funduszu Ochrony \u015arodowiska i Gospodarki Wodnej w Poznaniu<\/em><\/p>\n\n\n<div class=\"wp-block-image\">\n<figure class=\"aligncenter size-full\"><img loading=\"lazy\" decoding=\"async\" width=\"267\" height=\"119\" src=\"https:\/\/archiwum.wielkopolskipn.pl\/wp-content\/uploads\/2023\/12\/image.png\" alt=\"\" class=\"wp-image-3209\"\/><\/figure>\n<\/div><\/div><\/div>\n\n\n\n<p><\/p>\n","protected":false},"excerpt":{"rendered":"<p>Portal danych monitoringu hydrometeorologicznego to bogaty i r\u00f3\u017cnorodny zas\u00f3b informacji o \u015brodowisku przyrodniczym\u00a0Wielkopolskiego Parku Narodowego. Mo\u017cna znale\u017a\u0107 tu zar\u00f3wno\u00a0zbiory danych\u00a0z wynikami wieloletnich pomiar\u00f3w i obserwacji stanu atmosfery, w\u00f3d powierzchniowych i podziemnych, jak i\u00a0komentarze naukowe\u00a0do nich. Dane s\u0105 zaprezentowane r\u00f3wnie\u017c na\u00a0wykresach zbiorczych. Stanowiska pomiarowe s\u0105 zwizualizowane w specjalnym\u00a0geoportalu\u00a0na tle map tematycznych. Bie\u017c\u0105ce dane meteorologiczne mierzone w &hellip; <\/p>\n<p class=\"link-more\"><a href=\"https:\/\/archiwum.wielkopolskipn.pl\/en\/monitoring-hydrometeorologiczny\/\" class=\"more-link\">Continue reading<span class=\"screen-reader-text\"> &#8220;MONITORING HYDROMETEOROLOGICZNY&#8221;<\/span><\/a><\/p>\n","protected":false},"author":2,"featured_media":0,"parent":0,"menu_order":0,"comment_status":"closed","ping_status":"closed","template":"","meta":{"ngg_post_thumbnail":0,"footnotes":""},"class_list":["post-3208","page","type-page","status-publish","hentry"],"_links":{"self":[{"href":"https:\/\/archiwum.wielkopolskipn.pl\/en\/wp-json\/wp\/v2\/pages\/3208","targetHints":{"allow":["GET"]}}],"collection":[{"href":"https:\/\/archiwum.wielkopolskipn.pl\/en\/wp-json\/wp\/v2\/pages"}],"about":[{"href":"https:\/\/archiwum.wielkopolskipn.pl\/en\/wp-json\/wp\/v2\/types\/page"}],"author":[{"embeddable":true,"href":"https:\/\/archiwum.wielkopolskipn.pl\/en\/wp-json\/wp\/v2\/users\/2"}],"replies":[{"embeddable":true,"href":"https:\/\/archiwum.wielkopolskipn.pl\/en\/wp-json\/wp\/v2\/comments?post=3208"}],"version-history":[{"count":2,"href":"https:\/\/archiwum.wielkopolskipn.pl\/en\/wp-json\/wp\/v2\/pages\/3208\/revisions"}],"predecessor-version":[{"id":3213,"href":"https:\/\/archiwum.wielkopolskipn.pl\/en\/wp-json\/wp\/v2\/pages\/3208\/revisions\/3213"}],"wp:attachment":[{"href":"https:\/\/archiwum.wielkopolskipn.pl\/en\/wp-json\/wp\/v2\/media?parent=3208"}],"curies":[{"name":"wp","href":"https:\/\/api.w.org\/{rel}","templated":true}]}}