{"id":3178,"date":"2023-11-20T14:38:53","date_gmt":"2023-11-20T13:38:53","guid":{"rendered":"https:\/\/archiwum.wielkopolskipn.pl\/?page_id=3178"},"modified":"2023-11-21T10:34:14","modified_gmt":"2023-11-21T09:34:14","slug":"piaty-numer-kwartalnika-glos-puszczyka-wpn-juz-dostepny","status":"publish","type":"page","link":"https:\/\/archiwum.wielkopolskipn.pl\/en\/piaty-numer-kwartalnika-glos-puszczyka-wpn-juz-dostepny\/","title":{"rendered":"Pi\u0105ty numer Kwartalnika G\u0142os Puszczyka WPN ju\u017c dost\u0119pny"},"content":{"rendered":"\n<p>Wielkopolski Park Narodowy to bogactwo flory i fauny. To kraina form polodowcowych i wyj\u0105tkowych krajobraz\u00f3w, kt\u00f3rych pi\u0119kno i wyj\u0105tkowo\u015b\u0107 chcemy Wam przybli\u017cy\u0107. Dzi\u0119ki wsp\u00f3\u0142pracy Gminy Mosina i WPN powsta\u0142o pismo &#8211; kwartalnik, kt\u00f3ry pozwoli Wam pozna\u0107 fascynuj\u0105cy \u015bwiat Wielkopolskiego Parku Narodowego. <strong>Premierowy, jesienny numer kwartalnika &#8220;G\u0142os Puszczyka WPN\u201d jest ju\u017c dost\u0119pny na stronie Parku i Gminy Mosina.<\/strong><\/p>\n\n\n\n<p>Kilka s\u0142\u00f3w o kwartalniku &#8220;G\u0142os Puszczyka WPN\u201d przedstawia Zast\u0119pca Dyrektora WPN Rafa\u0142 Kurczewski. Zapraszamy do ogl\u0105dania!<\/p>\n\n\n\n<figure class=\"wp-block-embed is-type-video is-provider-youtube wp-block-embed-youtube wp-embed-aspect-16-9 wp-has-aspect-ratio\"><div class=\"wp-block-embed__wrapper\">\n<iframe loading=\"lazy\" title=\"Mosina TV | #7 Kwartalnik WPN &quot;G\u0142os Puszczyka&quot;\" width=\"525\" height=\"295\" src=\"https:\/\/www.youtube.com\/embed\/-AFxfhIt_30?feature=oembed\" frameborder=\"0\" allow=\"accelerometer; autoplay; clipboard-write; encrypted-media; gyroscope; picture-in-picture; web-share\" referrerpolicy=\"strict-origin-when-cross-origin\" allowfullscreen><\/iframe>\n<\/div><\/figure>\n\n\n\n<p><strong>W tym numerze m.in.:<\/strong> \u015awiat grzybowej r\u00f3\u017cnorodno\u015bci, Wykorzystanie GIS w zarz\u0105dzaniu przyrod\u0105 WPN na przyk\u0142adzie borsuka, Pradolina &#8211; historia niczym z filmu przygodowego, O czym szumi\u0105 jeziora, Mosi\u0144skie cegielnie, Skrzydlate ssaki, Wielka gra.<\/p>\n\n\n\n<p><strong>Czytajcie bezp\u0142atnie na urz\u0105dzeniach elektronicznych.<\/strong><br><strong>Zaczytajcie si\u0119 w przyrodzie!<\/strong><\/p>\n\n\n\n<p><strong><a href=\"https:\/\/www.mosina.pl\/filemanager\/photos\/uploads\/papers\/6\/project\/index.html\">Kwartalnik w wersji elektronicznej<\/a><\/strong><\/p>\n\n\n\n<p><strong><a href=\"https:\/\/archiwum.wielkopolskipn.pl\/wp-content\/uploads\/2023\/11\/glos_puszczyka_nr_5_23_jesien.pdf\">Kwartalnik w wersji PDF<\/a><\/strong><\/p>\n\n\n\n<p><strong><a href=\"https:\/\/archiwum.wielkopolskipn.pl\/wp-content\/uploads\/2023\/11\/Konkurs_herpetologiczny_regulamin.pdf\">Regulamin konkursu herpetologicznego<\/a><\/strong><\/p>\n","protected":false},"excerpt":{"rendered":"<p>Wielkopolski Park Narodowy to bogactwo flory i fauny. To kraina form polodowcowych i wyj\u0105tkowych krajobraz\u00f3w, kt\u00f3rych pi\u0119kno i wyj\u0105tkowo\u015b\u0107 chcemy Wam przybli\u017cy\u0107. Dzi\u0119ki wsp\u00f3\u0142pracy Gminy Mosina i WPN powsta\u0142o pismo &#8211; kwartalnik, kt\u00f3ry pozwoli Wam pozna\u0107 fascynuj\u0105cy \u015bwiat Wielkopolskiego Parku Narodowego. Premierowy, jesienny numer kwartalnika &#8220;G\u0142os Puszczyka WPN\u201d jest ju\u017c dost\u0119pny na stronie Parku i &hellip; <\/p>\n<p class=\"link-more\"><a href=\"https:\/\/archiwum.wielkopolskipn.pl\/en\/piaty-numer-kwartalnika-glos-puszczyka-wpn-juz-dostepny\/\" class=\"more-link\">Continue reading<span class=\"screen-reader-text\"> &#8220;Pi\u0105ty numer Kwartalnika G\u0142os Puszczyka WPN ju\u017c dost\u0119pny&#8221;<\/span><\/a><\/p>\n","protected":false},"author":8,"featured_media":0,"parent":0,"menu_order":0,"comment_status":"closed","ping_status":"closed","template":"","meta":{"ngg_post_thumbnail":0,"footnotes":""},"class_list":["post-3178","page","type-page","status-publish","hentry"],"_links":{"self":[{"href":"https:\/\/archiwum.wielkopolskipn.pl\/en\/wp-json\/wp\/v2\/pages\/3178","targetHints":{"allow":["GET"]}}],"collection":[{"href":"https:\/\/archiwum.wielkopolskipn.pl\/en\/wp-json\/wp\/v2\/pages"}],"about":[{"href":"https:\/\/archiwum.wielkopolskipn.pl\/en\/wp-json\/wp\/v2\/types\/page"}],"author":[{"embeddable":true,"href":"https:\/\/archiwum.wielkopolskipn.pl\/en\/wp-json\/wp\/v2\/users\/8"}],"replies":[{"embeddable":true,"href":"https:\/\/archiwum.wielkopolskipn.pl\/en\/wp-json\/wp\/v2\/comments?post=3178"}],"version-history":[{"count":3,"href":"https:\/\/archiwum.wielkopolskipn.pl\/en\/wp-json\/wp\/v2\/pages\/3178\/revisions"}],"predecessor-version":[{"id":3190,"href":"https:\/\/archiwum.wielkopolskipn.pl\/en\/wp-json\/wp\/v2\/pages\/3178\/revisions\/3190"}],"wp:attachment":[{"href":"https:\/\/archiwum.wielkopolskipn.pl\/en\/wp-json\/wp\/v2\/media?parent=3178"}],"curies":[{"name":"wp","href":"https:\/\/api.w.org\/{rel}","templated":true}]}}