{"id":3104,"date":"2023-10-05T12:34:52","date_gmt":"2023-10-05T10:34:52","guid":{"rendered":"https:\/\/archiwum.wielkopolskipn.pl\/?page_id=3104"},"modified":"2023-10-05T12:34:53","modified_gmt":"2023-10-05T10:34:53","slug":"zagadka-nr-10","status":"publish","type":"page","link":"https:\/\/archiwum.wielkopolskipn.pl\/en\/zagadka-nr-10\/","title":{"rendered":"Zagadka nr 10"},"content":{"rendered":"\n<p>W \u015bci\u00f3\u0142ce buszuje drapie\u017cnik srogi,<\/p>\n\n\n\n<p>Goni ofiary, ma d\u0142ugie nogi.<\/p>\n\n\n\n<p>Koloru jagody spory jegomo\u015b\u0107,<\/p>\n\n\n\n<p>Czy ju\u017c wiesz co to za chrz\u0105szczowy go\u015b\u0107?<\/p>\n\n\n\n<div data-wp-interactive=\"core\/file\" class=\"wp-block-file\"><object data-wp-bind--hidden=\"!state.hasPdfPreview\" hidden class=\"wp-block-file__embed\" data=\"https:\/\/archiwum.wielkopolskipn.pl\/wp-content\/uploads\/2023\/10\/Poznajemy-chrzaszcze-WPN-12.pdf\" type=\"application\/pdf\" style=\"width:100%;height:600px\" aria-label=\"Embed of Poznajemy chrz\u0105szcze WPN 12.\"><\/object><a id=\"wp-block-file--media-e9799964-7fdc-48bc-adff-6a935b8643ce\" href=\"https:\/\/archiwum.wielkopolskipn.pl\/wp-content\/uploads\/2023\/10\/Poznajemy-chrzaszcze-WPN-12.pdf\">Poznajemy chrz\u0105szcze WPN 12<\/a><a href=\"https:\/\/archiwum.wielkopolskipn.pl\/wp-content\/uploads\/2023\/10\/Poznajemy-chrzaszcze-WPN-12.pdf\" class=\"wp-block-file__button wp-element-button\" download aria-describedby=\"wp-block-file--media-e9799964-7fdc-48bc-adff-6a935b8643ce\">Pobierz<\/a><\/div>\n","protected":false},"excerpt":{"rendered":"<p>W \u015bci\u00f3\u0142ce buszuje drapie\u017cnik srogi, Goni ofiary, ma d\u0142ugie nogi. Koloru jagody spory jegomo\u015b\u0107, Czy ju\u017c wiesz co to za chrz\u0105szczowy go\u015b\u0107?<\/p>\n","protected":false},"author":8,"featured_media":0,"parent":0,"menu_order":0,"comment_status":"closed","ping_status":"closed","template":"","meta":{"ngg_post_thumbnail":0,"footnotes":""},"class_list":["post-3104","page","type-page","status-publish","hentry"],"_links":{"self":[{"href":"https:\/\/archiwum.wielkopolskipn.pl\/en\/wp-json\/wp\/v2\/pages\/3104","targetHints":{"allow":["GET"]}}],"collection":[{"href":"https:\/\/archiwum.wielkopolskipn.pl\/en\/wp-json\/wp\/v2\/pages"}],"about":[{"href":"https:\/\/archiwum.wielkopolskipn.pl\/en\/wp-json\/wp\/v2\/types\/page"}],"author":[{"embeddable":true,"href":"https:\/\/archiwum.wielkopolskipn.pl\/en\/wp-json\/wp\/v2\/users\/8"}],"replies":[{"embeddable":true,"href":"https:\/\/archiwum.wielkopolskipn.pl\/en\/wp-json\/wp\/v2\/comments?post=3104"}],"version-history":[{"count":1,"href":"https:\/\/archiwum.wielkopolskipn.pl\/en\/wp-json\/wp\/v2\/pages\/3104\/revisions"}],"predecessor-version":[{"id":3105,"href":"https:\/\/archiwum.wielkopolskipn.pl\/en\/wp-json\/wp\/v2\/pages\/3104\/revisions\/3105"}],"wp:attachment":[{"href":"https:\/\/archiwum.wielkopolskipn.pl\/en\/wp-json\/wp\/v2\/media?parent=3104"}],"curies":[{"name":"wp","href":"https:\/\/api.w.org\/{rel}","templated":true}]}}