{"id":2874,"date":"2023-06-30T11:06:16","date_gmt":"2023-06-30T09:06:16","guid":{"rendered":"https:\/\/archiwum.wielkopolskipn.pl\/?page_id=2874"},"modified":"2023-06-30T11:43:43","modified_gmt":"2023-06-30T09:43:43","slug":"akwarium","status":"publish","type":"page","link":"https:\/\/archiwum.wielkopolskipn.pl\/en\/akwarium\/","title":{"rendered":"AKWARIUM"},"content":{"rendered":"\n<p class=\"has-text-align-center has-pale-cyan-blue-background-color has-background has-large-font-size\"><strong>Co s\u0142ycha\u0107 w akwariach naszego Muzeum.<\/strong><\/p>\n\n\n<div class=\"wp-block-image\">\n<figure class=\"aligncenter size-large\"><img decoding=\"async\" src=\"\/materialy\/akwarium\/chwytaj.jpg\" alt=\"\"\/><\/figure>\n<\/div>\n\n\n<p class=\"has-text-align-center has-medium-font-size\"><strong><a href=\"\/materialy\/akwarium\/chwytaj.html\">CHWYTAJ I SZYBKO ZJADAJ, BO&#8230;<\/a><\/strong><\/p>\n\n\n<div class=\"wp-block-image\">\n<figure class=\"aligncenter size-large\"><img decoding=\"async\" src=\"\/materialy\/akwarium\/okonie.jpg\" alt=\"\"\/><\/figure>\n<\/div>\n\n\n<p class=\"has-text-align-center has-medium-font-size\"><strong><a href=\"\/materialy\/akwarium\/okonie.html\">Tu rz\u0105dz\u0105 okonie<\/a><\/strong><\/p>\n\n\n\n<p><\/p>\n\n\n\n<p class=\"has-text-align-right\">autor: Maciej Czarnecki<\/p>\n","protected":false},"excerpt":{"rendered":"<p>Co s\u0142ycha\u0107 w akwariach naszego Muzeum. CHWYTAJ I SZYBKO ZJADAJ, BO&#8230; Tu rz\u0105dz\u0105 okonie autor: Maciej Czarnecki<\/p>\n","protected":false},"author":1,"featured_media":0,"parent":0,"menu_order":0,"comment_status":"closed","ping_status":"closed","template":"","meta":{"ngg_post_thumbnail":0,"footnotes":""},"class_list":["post-2874","page","type-page","status-publish","hentry"],"_links":{"self":[{"href":"https:\/\/archiwum.wielkopolskipn.pl\/en\/wp-json\/wp\/v2\/pages\/2874","targetHints":{"allow":["GET"]}}],"collection":[{"href":"https:\/\/archiwum.wielkopolskipn.pl\/en\/wp-json\/wp\/v2\/pages"}],"about":[{"href":"https:\/\/archiwum.wielkopolskipn.pl\/en\/wp-json\/wp\/v2\/types\/page"}],"author":[{"embeddable":true,"href":"https:\/\/archiwum.wielkopolskipn.pl\/en\/wp-json\/wp\/v2\/users\/1"}],"replies":[{"embeddable":true,"href":"https:\/\/archiwum.wielkopolskipn.pl\/en\/wp-json\/wp\/v2\/comments?post=2874"}],"version-history":[{"count":4,"href":"https:\/\/archiwum.wielkopolskipn.pl\/en\/wp-json\/wp\/v2\/pages\/2874\/revisions"}],"predecessor-version":[{"id":2891,"href":"https:\/\/archiwum.wielkopolskipn.pl\/en\/wp-json\/wp\/v2\/pages\/2874\/revisions\/2891"}],"wp:attachment":[{"href":"https:\/\/archiwum.wielkopolskipn.pl\/en\/wp-json\/wp\/v2\/media?parent=2874"}],"curies":[{"name":"wp","href":"https:\/\/api.w.org\/{rel}","templated":true}]}}