{"id":2447,"date":"2023-02-07T14:57:07","date_gmt":"2023-02-07T13:57:07","guid":{"rendered":"https:\/\/archiwum.wielkopolskipn.pl\/?page_id=2447"},"modified":"2023-02-07T14:57:07","modified_gmt":"2023-02-07T13:57:07","slug":"kwartalnik-glos-puszczyka-wpn-nr-2-1-2023-zima","status":"publish","type":"page","link":"https:\/\/archiwum.wielkopolskipn.pl\/en\/kwartalnik-glos-puszczyka-wpn-nr-2-1-2023-zima\/","title":{"rendered":"<strong><a href=\"https:\/\/archiwum.wielkopolskipn.pl\/kwartalnik-1\/\">KWARTALNIK G\u0141OS PUSZCZYKA WPN NR 2 (1) 2023 ZIMA<\/a><\/strong>"},"content":{"rendered":"\n<h1 class=\"wp-block-heading\">Drugi numer Kwartalnika G\u0142os Puszczyka WPN ju\u017c dost\u0119pny<\/h1>\n\n\n\n<p>Wielkopolski Park Narodowy to bogactwo flory i fauny. To kraina form polodowcowych i wyj\u0105tkowych krajobraz\u00f3w, kt\u00f3rych pi\u0119kno i wyj\u0105tkowo\u015b\u0107 chcemy Wam przybli\u017cy\u0107. Dzi\u0119ki wsp\u00f3\u0142pracy Gminy Mosina i WPN powsta\u0142o pismo &#8211; kwartalnik, kt\u00f3ry pozwoli Wam pozna\u0107 fascynuj\u0105cy \u015bwiat Wielkopolskiego Parku Narodowego. Drugi, zimowy numer \u201eKwartalnika G\u0142os Puszczyka WPN\u201d jest ju\u017c dost\u0119pny na stronie Parku i Gminy Mosina.<\/p>\n\n\n\n<figure class=\"wp-block-image size-large is-resized\"><img loading=\"lazy\" decoding=\"async\" src=\"https:\/\/archiwum.wielkopolskipn.pl\/wp-content\/uploads\/2023\/01\/glos_puszczyka_nr_2_2023_zima-827x1024.jpg\" alt=\"Grafika przedstawia ok\u0142adk\u0119 drugiego numeru kwartalnika pt. \" class=\"wp-image-2411\" width=\"414\" height=\"512\" srcset=\"https:\/\/archiwum.wielkopolskipn.pl\/wp-content\/uploads\/2023\/01\/glos_puszczyka_nr_2_2023_zima-827x1024.jpg 827w, https:\/\/archiwum.wielkopolskipn.pl\/wp-content\/uploads\/2023\/01\/glos_puszczyka_nr_2_2023_zima-242x300.jpg 242w, https:\/\/archiwum.wielkopolskipn.pl\/wp-content\/uploads\/2023\/01\/glos_puszczyka_nr_2_2023_zima-768x951.jpg 768w, https:\/\/archiwum.wielkopolskipn.pl\/wp-content\/uploads\/2023\/01\/glos_puszczyka_nr_2_2023_zima.jpg 993w\" sizes=\"auto, (max-width: 414px) 100vw, 414px\" \/><\/figure>\n\n\n\n<p>W tym numerze m.in.: Temat numeru &#8211; Jak \u017cy\u0107? Zwierz\u0105t sposoby na zim\u0119, Kania ruda &#8211; latawiec z krainy pojezierzy, Na tropach l\u0105dolodu, Glinianki potrzebuj\u0105 dzia\u0142a\u0144, Kilka fakt\u00f3w &#8220;naj&#8230;&#8221; na temat krajowej ichtiofauny, recenzje, konkursy.<\/p>\n\n\n\n<p><strong>Czytajcie bezp\u0142atnie na urz\u0105dzeniach elektronicznych. <br>Zaczytajcie si\u0119 w przyrodzie!<\/strong><\/p>\n\n\n\n<p><strong><a href=\"https:\/\/www.mosina.pl\/filemanager\/photos\/uploads\/papers\/2\/project\/index.html\" data-type=\"URL\" data-id=\"https:\/\/www.mosina.pl\/filemanager\/photos\/uploads\/papers\/2\/project\/index.html\" target=\"_blank\" rel=\"noreferrer noopener\">Kwartalnik w wersji elektronicznej<\/a><\/strong><\/p>\n\n\n\n<p><strong><a href=\"https:\/\/archiwum.wielkopolskipn.pl\/wp-content\/uploads\/2023\/01\/glos-puszczyka_nr2_2023_zima.pdf\" data-type=\"URL\" data-id=\"https:\/\/archiwum.wielkopolskipn.pl\/wp-content\/uploads\/2023\/01\/glos-puszczyka_nr2_2023_zima.pdf\" target=\"_blank\" rel=\"noreferrer noopener\">Kwartalnik w wersji PDF<\/a><\/strong><\/p>\n\n\n\n<p><strong><a rel=\"noreferrer noopener\" href=\"https:\/\/archiwum.wielkopolskipn.pl\/wp-content\/uploads\/2023\/01\/Konkurs_ichtiologiczny_regulamin.pdf\" data-type=\"URL\" data-id=\"https:\/\/archiwum.wielkopolskipn.pl\/wp-content\/uploads\/2023\/01\/Konkurs_ichtiologiczny_regulamin.pdf\" target=\"_blank\">Regulamin konkursu ichtiologicznego<\/a><\/strong><\/p>\n\n\n\n<p><strong><a rel=\"noreferrer noopener\" href=\"https:\/\/www.facebook.com\/Wielkopolski.Park.Narodowy\/videos\/2710987132488259\" data-type=\"URL\" data-id=\"https:\/\/www.facebook.com\/Wielkopolski.Park.Narodowy\/videos\/2710987132488259\" target=\"_blank\">Film Jezioro G\u00f3reckie &#8211; podwodny \u015bwiat przyrody<\/a><\/strong><\/p>\n","protected":false},"excerpt":{"rendered":"<p>Drugi numer Kwartalnika G\u0142os Puszczyka WPN ju\u017c dost\u0119pny Wielkopolski Park Narodowy to bogactwo flory i fauny. To kraina form polodowcowych i wyj\u0105tkowych krajobraz\u00f3w, kt\u00f3rych pi\u0119kno i wyj\u0105tkowo\u015b\u0107 chcemy Wam przybli\u017cy\u0107. Dzi\u0119ki wsp\u00f3\u0142pracy Gminy Mosina i WPN powsta\u0142o pismo &#8211; kwartalnik, kt\u00f3ry pozwoli Wam pozna\u0107 fascynuj\u0105cy \u015bwiat Wielkopolskiego Parku Narodowego. Drugi, zimowy numer \u201eKwartalnika G\u0142os Puszczyka &hellip; <\/p>\n<p class=\"link-more\"><a href=\"https:\/\/archiwum.wielkopolskipn.pl\/en\/kwartalnik-glos-puszczyka-wpn-nr-2-1-2023-zima\/\" class=\"more-link\">Continue reading<span class=\"screen-reader-text\"> &#8220;<strong><a href=\"https:\/\/archiwum.wielkopolskipn.pl\/kwartalnik-1\/\">KWARTALNIK G\u0141OS PUSZCZYKA WPN NR 2 (1) 2023 ZIMA<\/a><\/strong>&#8220;<\/span><\/a><\/p>\n","protected":false},"author":8,"featured_media":0,"parent":0,"menu_order":0,"comment_status":"closed","ping_status":"closed","template":"","meta":{"ngg_post_thumbnail":0,"footnotes":""},"class_list":["post-2447","page","type-page","status-publish","hentry"],"_links":{"self":[{"href":"https:\/\/archiwum.wielkopolskipn.pl\/en\/wp-json\/wp\/v2\/pages\/2447","targetHints":{"allow":["GET"]}}],"collection":[{"href":"https:\/\/archiwum.wielkopolskipn.pl\/en\/wp-json\/wp\/v2\/pages"}],"about":[{"href":"https:\/\/archiwum.wielkopolskipn.pl\/en\/wp-json\/wp\/v2\/types\/page"}],"author":[{"embeddable":true,"href":"https:\/\/archiwum.wielkopolskipn.pl\/en\/wp-json\/wp\/v2\/users\/8"}],"replies":[{"embeddable":true,"href":"https:\/\/archiwum.wielkopolskipn.pl\/en\/wp-json\/wp\/v2\/comments?post=2447"}],"version-history":[{"count":1,"href":"https:\/\/archiwum.wielkopolskipn.pl\/en\/wp-json\/wp\/v2\/pages\/2447\/revisions"}],"predecessor-version":[{"id":2448,"href":"https:\/\/archiwum.wielkopolskipn.pl\/en\/wp-json\/wp\/v2\/pages\/2447\/revisions\/2448"}],"wp:attachment":[{"href":"https:\/\/archiwum.wielkopolskipn.pl\/en\/wp-json\/wp\/v2\/media?parent=2447"}],"curies":[{"name":"wp","href":"https:\/\/api.w.org\/{rel}","templated":true}]}}