{"id":2232,"date":"2022-12-13T14:31:21","date_gmt":"2022-12-13T13:31:21","guid":{"rendered":"https:\/\/archiwum.wielkopolskipn.pl\/?page_id=2232"},"modified":"2023-04-04T11:27:52","modified_gmt":"2023-04-04T09:27:52","slug":"aktualnosci-3","status":"publish","type":"page","link":"https:\/\/archiwum.wielkopolskipn.pl\/en\/aktualnosci-3\/","title":{"rendered":"Aktualno\u015bci"},"content":{"rendered":"\n<p><\/p>\n\n\n\n<figure class=\"wp-block-image size-full\"><img loading=\"lazy\" decoding=\"async\" width=\"720\" height=\"540\" src=\"https:\/\/archiwum.wielkopolskipn.pl\/wp-content\/uploads\/2023\/04\/Konkurs-rozstrzygniecie_grafika-1.jpg\" alt=\"\" class=\"wp-image-2683\" srcset=\"https:\/\/archiwum.wielkopolskipn.pl\/wp-content\/uploads\/2023\/04\/Konkurs-rozstrzygniecie_grafika-1.jpg 720w, https:\/\/archiwum.wielkopolskipn.pl\/wp-content\/uploads\/2023\/04\/Konkurs-rozstrzygniecie_grafika-1-300x225.jpg 300w\" sizes=\"auto, (max-width: 720px) 100vw, 720px\" \/><\/figure>\n\n\n\n<p>Z przyjemno\u015bci\u0105 informujemy, \u017ce jubileuszowy konkurs \u201eWielkopolski Park Narodowy dawniej i dzi\u015b\u201d dobieg\u0142 ko\u0144ca, a zwyci\u0119zcy zostali wy\u0142onieni! <br>Wszystkie wyr\u00f3\u017cnione i nagrodzone prace mo\u017cna podziwia\u0107 w siedzibie Dyrekcji WPN w Jeziorach. <\/p>\n\n\n\n<p>Serdecznie gratulujemy wszystkim Uczestnikom konkursu oraz ich Opiekunom dzi\u0119kujemy za kreatywno\u015b\u0107 i zaanga\u017cowanie w tworzenie swoich prac.<\/p>\n\n\n\n<p>List\u0119 Laureat\u00f3w Konkursu znajdziecie Pa\u0144stwo w zak\u0142adce KONKURSY.<\/p>\n\n\n\n<p><\/p>\n\n\n\n<p><\/p>\n\n\n\n<p><\/p>\n\n\n\n<figure class=\"wp-block-image size-full\"><img loading=\"lazy\" decoding=\"async\" width=\"940\" height=\"788\" src=\"https:\/\/archiwum.wielkopolskipn.pl\/wp-content\/uploads\/2023\/03\/FB_zapisy_2-2.jpg\" alt=\"\" class=\"wp-image-2585\" srcset=\"https:\/\/archiwum.wielkopolskipn.pl\/wp-content\/uploads\/2023\/03\/FB_zapisy_2-2.jpg 940w, https:\/\/archiwum.wielkopolskipn.pl\/wp-content\/uploads\/2023\/03\/FB_zapisy_2-2-300x251.jpg 300w, https:\/\/archiwum.wielkopolskipn.pl\/wp-content\/uploads\/2023\/03\/FB_zapisy_2-2-768x644.jpg 768w\" sizes=\"auto, (max-width: 767px) 89vw, (max-width: 1000px) 54vw, (max-width: 1071px) 543px, 580px\" \/><\/figure>\n\n\n\n<p><\/p>\n\n\n\n<p><\/p>\n\n\n\n<p><\/p>\n\n\n\n<figure class=\"wp-block-image size-full is-resized\"><img loading=\"lazy\" decoding=\"async\" src=\"https:\/\/archiwum.wielkopolskipn.pl\/wp-content\/uploads\/2023\/03\/FB_zapisy_2-1.jpg\" alt=\"\" class=\"wp-image-2584\" width=\"674\" height=\"565\" srcset=\"https:\/\/archiwum.wielkopolskipn.pl\/wp-content\/uploads\/2023\/03\/FB_zapisy_2-1.jpg 940w, https:\/\/archiwum.wielkopolskipn.pl\/wp-content\/uploads\/2023\/03\/FB_zapisy_2-1-300x251.jpg 300w, https:\/\/archiwum.wielkopolskipn.pl\/wp-content\/uploads\/2023\/03\/FB_zapisy_2-1-768x644.jpg 768w\" sizes=\"auto, (max-width: 674px) 100vw, 674px\" \/><\/figure>\n\n\n\n<p><\/p>\n\n\n\n<p><\/p>\n\n\n\n<figure class=\"wp-block-image size-large\"><img loading=\"lazy\" decoding=\"async\" width=\"1024\" height=\"1024\" src=\"https:\/\/archiwum.wielkopolskipn.pl\/wp-content\/uploads\/2022\/12\/Zyczenia_dopasowany-rozmiar-_FB_CEE_2022_bez-c-1024x1024.jpg\" alt=\"\" class=\"wp-image-2261\" srcset=\"https:\/\/archiwum.wielkopolskipn.pl\/wp-content\/uploads\/2022\/12\/Zyczenia_dopasowany-rozmiar-_FB_CEE_2022_bez-c-1024x1024.jpg 1024w, https:\/\/archiwum.wielkopolskipn.pl\/wp-content\/uploads\/2022\/12\/Zyczenia_dopasowany-rozmiar-_FB_CEE_2022_bez-c-300x300.jpg 300w, https:\/\/archiwum.wielkopolskipn.pl\/wp-content\/uploads\/2022\/12\/Zyczenia_dopasowany-rozmiar-_FB_CEE_2022_bez-c-150x150.jpg 150w, https:\/\/archiwum.wielkopolskipn.pl\/wp-content\/uploads\/2022\/12\/Zyczenia_dopasowany-rozmiar-_FB_CEE_2022_bez-c-768x768.jpg 768w, https:\/\/archiwum.wielkopolskipn.pl\/wp-content\/uploads\/2022\/12\/Zyczenia_dopasowany-rozmiar-_FB_CEE_2022_bez-c-100x100.jpg 100w, https:\/\/archiwum.wielkopolskipn.pl\/wp-content\/uploads\/2022\/12\/Zyczenia_dopasowany-rozmiar-_FB_CEE_2022_bez-c.jpg 1080w\" sizes=\"auto, (max-width: 767px) 89vw, (max-width: 1000px) 54vw, (max-width: 1071px) 543px, 580px\" \/><\/figure>\n","protected":false},"excerpt":{"rendered":"<p>Z przyjemno\u015bci\u0105 informujemy, \u017ce jubileuszowy konkurs \u201eWielkopolski Park Narodowy dawniej i dzi\u015b\u201d dobieg\u0142 ko\u0144ca, a zwyci\u0119zcy zostali wy\u0142onieni! Wszystkie wyr\u00f3\u017cnione i nagrodzone prace mo\u017cna podziwia\u0107 w siedzibie Dyrekcji WPN w Jeziorach. Serdecznie gratulujemy wszystkim Uczestnikom konkursu oraz ich Opiekunom dzi\u0119kujemy za kreatywno\u015b\u0107 i zaanga\u017cowanie w tworzenie swoich prac. List\u0119 Laureat\u00f3w Konkursu znajdziecie Pa\u0144stwo w zak\u0142adce &hellip; <\/p>\n<p class=\"link-more\"><a href=\"https:\/\/archiwum.wielkopolskipn.pl\/en\/aktualnosci-3\/\" class=\"more-link\">Continue reading<span class=\"screen-reader-text\"> &#8220;Aktualno\u015bci&#8221;<\/span><\/a><\/p>\n","protected":false},"author":1,"featured_media":0,"parent":0,"menu_order":0,"comment_status":"closed","ping_status":"closed","template":"","meta":{"ngg_post_thumbnail":0,"footnotes":""},"class_list":["post-2232","page","type-page","status-publish","hentry"],"_links":{"self":[{"href":"https:\/\/archiwum.wielkopolskipn.pl\/en\/wp-json\/wp\/v2\/pages\/2232","targetHints":{"allow":["GET"]}}],"collection":[{"href":"https:\/\/archiwum.wielkopolskipn.pl\/en\/wp-json\/wp\/v2\/pages"}],"about":[{"href":"https:\/\/archiwum.wielkopolskipn.pl\/en\/wp-json\/wp\/v2\/types\/page"}],"author":[{"embeddable":true,"href":"https:\/\/archiwum.wielkopolskipn.pl\/en\/wp-json\/wp\/v2\/users\/1"}],"replies":[{"embeddable":true,"href":"https:\/\/archiwum.wielkopolskipn.pl\/en\/wp-json\/wp\/v2\/comments?post=2232"}],"version-history":[{"count":5,"href":"https:\/\/archiwum.wielkopolskipn.pl\/en\/wp-json\/wp\/v2\/pages\/2232\/revisions"}],"predecessor-version":[{"id":2685,"href":"https:\/\/archiwum.wielkopolskipn.pl\/en\/wp-json\/wp\/v2\/pages\/2232\/revisions\/2685"}],"wp:attachment":[{"href":"https:\/\/archiwum.wielkopolskipn.pl\/en\/wp-json\/wp\/v2\/media?parent=2232"}],"curies":[{"name":"wp","href":"https:\/\/api.w.org\/{rel}","templated":true}]}}