{"id":2184,"date":"2022-11-16T08:11:24","date_gmt":"2022-11-16T07:11:24","guid":{"rendered":"https:\/\/archiwum.wielkopolskipn.pl\/?page_id=2184"},"modified":"2024-02-28T12:52:40","modified_gmt":"2024-02-28T11:52:40","slug":"glos-puszczyka-kwartalnik-wpn","status":"publish","type":"page","link":"https:\/\/archiwum.wielkopolskipn.pl\/en\/glos-puszczyka-kwartalnik-wpn\/","title":{"rendered":"KWARTALNIK G\u0141OS PUSZCZYKA WPN"},"content":{"rendered":"\n<p><strong><a href=\"https:\/\/archiwum.wielkopolskipn.pl\/szosty-numer-kwartalnika-glos-puszczyka-wpn-juz-dostepny\/\">KWARTALNIK G\u0141OS PUSZCZYKA WPN NR 6 (1) 2024 ZIMA<\/a><\/strong><\/p>\n\n\n\n<figure class=\"wp-block-image size-full is-resized\"><a href=\"szosty-numer-kwartalnika-glos-puszczyka-wpn-juz-dostepny\"><img loading=\"lazy\" decoding=\"async\" width=\"383\" height=\"472\" src=\"https:\/\/archiwum.wielkopolskipn.pl\/wp-content\/uploads\/2024\/02\/okladka6m.jpg\" alt=\"\" class=\"wp-image-3317\" style=\"object-fit:cover;width:280px;height:346px\" srcset=\"https:\/\/archiwum.wielkopolskipn.pl\/wp-content\/uploads\/2024\/02\/okladka6m.jpg 383w, https:\/\/archiwum.wielkopolskipn.pl\/wp-content\/uploads\/2024\/02\/okladka6m-243x300.jpg 243w\" sizes=\"auto, (max-width: 383px) 100vw, 383px\" \/><\/a><\/figure>\n\n\n\n<p><strong><a href=\"https:\/\/archiwum.wielkopolskipn.pl\/piaty-numer-kwartalnika-glos-puszczyka-wpn-juz-dostepny\/\" data-type=\"link\" data-id=\"https:\/\/archiwum.wielkopolskipn.pl\/piaty-numer-kwartalnika-glos-puszczyka-wpn-juz-dostepny\/\">KWARTALNIK G\u0141OS PUSZCZYKA WPN NR 5 (4) 2023 JESIE\u0143<\/a><\/strong><\/p>\n\n\n\n<figure class=\"wp-block-image size-full is-resized\"><a href=\"https:\/\/archiwum.wielkopolskipn.pl\/piaty-numer-kwartalnika-glos-puszczyka-wpn-juz-dostepny\/\"><img loading=\"lazy\" decoding=\"async\" width=\"373\" height=\"461\" src=\"https:\/\/archiwum.wielkopolskipn.pl\/wp-content\/uploads\/2023\/11\/okladka5m.jpg\" alt=\"\" class=\"wp-image-3176\" style=\"object-fit:cover;width:280px;height:346px\" srcset=\"https:\/\/archiwum.wielkopolskipn.pl\/wp-content\/uploads\/2023\/11\/okladka5m.jpg 373w, https:\/\/archiwum.wielkopolskipn.pl\/wp-content\/uploads\/2023\/11\/okladka5m-243x300.jpg 243w\" sizes=\"auto, (max-width: 373px) 100vw, 373px\" \/><\/a><\/figure>\n\n\n\n<p><strong><a href=\"https:\/\/archiwum.wielkopolskipn.pl\/czwarty\/\" data-type=\"URL\" data-id=\"https:\/\/archiwum.wielkopolskipn.pl\/czwarty\/\">KWARTALNIK G\u0141OS PUSZCZYKA WPN NR 4 (3) 2023 LATO<\/a><\/strong><\/p>\n\n\n\n<figure class=\"wp-block-image size-full is-resized\"><a href=\"https:\/\/archiwum.wielkopolskipn.pl\/czwarty\/\"><img loading=\"lazy\" decoding=\"async\" width=\"373\" height=\"461\" src=\"https:\/\/archiwum.wielkopolskipn.pl\/wp-content\/uploads\/2023\/07\/okladka4m.jpg\" alt=\"\" class=\"wp-image-2908\" style=\"width:280px;height:346px\" srcset=\"https:\/\/archiwum.wielkopolskipn.pl\/wp-content\/uploads\/2023\/07\/okladka4m.jpg 373w, https:\/\/archiwum.wielkopolskipn.pl\/wp-content\/uploads\/2023\/07\/okladka4m-243x300.jpg 243w\" sizes=\"auto, (max-width: 373px) 100vw, 373px\" \/><\/a><\/figure>\n\n\n\n<p><a href=\"https:\/\/archiwum.wielkopolskipn.pl\/trzeci-numer-kwartalnika-glos-puszczyka-wpn-juz-dostepny\/\" data-type=\"URL\" data-id=\"https:\/\/archiwum.wielkopolskipn.pl\/kwartalnik-glos-puszczyka-wpn-nr-3-2-2023-wiosna\/\"><strong>KWARTALNIK G\u0141OS PUSZCZYKA WPN NR 3 (2) 2023 WIOSNA<\/strong><\/a><\/p>\n\n\n\n<figure class=\"wp-block-image size-full is-resized\"><a href=\"https:\/\/archiwum.wielkopolskipn.pl\/trzeci-numer-kwartalnika-glos-puszczyka-wpn-juz-dostepny\/\"><img loading=\"lazy\" decoding=\"async\" width=\"362\" height=\"452\" src=\"https:\/\/archiwum.wielkopolskipn.pl\/wp-content\/uploads\/2023\/04\/okladka3m.jpg\" alt=\"\" class=\"wp-image-2732\" style=\"width:272px;height:339px\" srcset=\"https:\/\/archiwum.wielkopolskipn.pl\/wp-content\/uploads\/2023\/04\/okladka3m.jpg 362w, https:\/\/archiwum.wielkopolskipn.pl\/wp-content\/uploads\/2023\/04\/okladka3m-240x300.jpg 240w\" sizes=\"auto, (max-width: 362px) 100vw, 362px\" \/><\/a><\/figure>\n\n\n\n<p><strong><a href=\"https:\/\/archiwum.wielkopolskipn.pl\/kwartalnik-glos-puszczyka-wpn-nr-2-1-2023-zima\/\" data-type=\"URL\" data-id=\"https:\/\/archiwum.wielkopolskipn.pl\/kwartalnik-glos-puszczyka-wpn-nr-2-1-2023-zima\/\" target=\"_blank\" rel=\"noreferrer noopener\">KWARTALNIK G\u0141OS PUSZCZYKA WPN NR 2 (1) 2023 ZIMA<\/a><\/strong><\/p>\n\n\n\n<figure class=\"wp-block-image size-full is-resized\"><a href=\"https:\/\/archiwum.wielkopolskipn.pl\/kwartalnik-glos-puszczyka-wpn-nr-2-1-2023-zima\/\"><img loading=\"lazy\" decoding=\"async\" width=\"331\" height=\"410\" src=\"https:\/\/archiwum.wielkopolskipn.pl\/wp-content\/uploads\/2023\/02\/okladka2m.jpg\" alt=\"\" class=\"wp-image-2438\" style=\"width:248px;height:308px\" srcset=\"https:\/\/archiwum.wielkopolskipn.pl\/wp-content\/uploads\/2023\/02\/okladka2m.jpg 331w, https:\/\/archiwum.wielkopolskipn.pl\/wp-content\/uploads\/2023\/02\/okladka2m-242x300.jpg 242w\" sizes=\"auto, (max-width: 331px) 100vw, 331px\" \/><\/a><\/figure>\n\n\n\n<p><strong><a href=\"https:\/\/archiwum.wielkopolskipn.pl\/kwartalnik-1\/\" data-type=\"page\" data-id=\"2420\">KWARTALNIK G\u0141OS PUSZCZYKA WPN NR 1 (1) 2022 JESIE\u0143<\/a><\/strong><\/p>\n\n\n\n<figure class=\"wp-block-image size-full is-resized\"><a href=\"https:\/\/archiwum.wielkopolskipn.pl\/kwartalnik-1\/\"><img loading=\"lazy\" decoding=\"async\" width=\"331\" height=\"410\" src=\"https:\/\/archiwum.wielkopolskipn.pl\/wp-content\/uploads\/2023\/02\/okladka1m.jpg\" alt=\"\" class=\"wp-image-2439\" style=\"width:248px;height:308px\" srcset=\"https:\/\/archiwum.wielkopolskipn.pl\/wp-content\/uploads\/2023\/02\/okladka1m.jpg 331w, https:\/\/archiwum.wielkopolskipn.pl\/wp-content\/uploads\/2023\/02\/okladka1m-242x300.jpg 242w\" sizes=\"auto, (max-width: 331px) 100vw, 331px\" \/><\/a><\/figure>\n","protected":false},"excerpt":{"rendered":"<p>KWARTALNIK G\u0141OS PUSZCZYKA WPN NR 6 (1) 2024 ZIMA KWARTALNIK G\u0141OS PUSZCZYKA WPN NR 5 (4) 2023 JESIE\u0143 KWARTALNIK G\u0141OS PUSZCZYKA WPN NR 4 (3) 2023 LATO KWARTALNIK G\u0141OS PUSZCZYKA WPN NR 3 (2) 2023 WIOSNA KWARTALNIK G\u0141OS PUSZCZYKA WPN NR 2 (1) 2023 ZIMA KWARTALNIK G\u0141OS PUSZCZYKA WPN NR 1 (1) 2022 JESIE\u0143<\/p>\n","protected":false},"author":8,"featured_media":0,"parent":0,"menu_order":0,"comment_status":"closed","ping_status":"closed","template":"","meta":{"ngg_post_thumbnail":0,"footnotes":""},"class_list":["post-2184","page","type-page","status-publish","hentry"],"_links":{"self":[{"href":"https:\/\/archiwum.wielkopolskipn.pl\/en\/wp-json\/wp\/v2\/pages\/2184","targetHints":{"allow":["GET"]}}],"collection":[{"href":"https:\/\/archiwum.wielkopolskipn.pl\/en\/wp-json\/wp\/v2\/pages"}],"about":[{"href":"https:\/\/archiwum.wielkopolskipn.pl\/en\/wp-json\/wp\/v2\/types\/page"}],"author":[{"embeddable":true,"href":"https:\/\/archiwum.wielkopolskipn.pl\/en\/wp-json\/wp\/v2\/users\/8"}],"replies":[{"embeddable":true,"href":"https:\/\/archiwum.wielkopolskipn.pl\/en\/wp-json\/wp\/v2\/comments?post=2184"}],"version-history":[{"count":31,"href":"https:\/\/archiwum.wielkopolskipn.pl\/en\/wp-json\/wp\/v2\/pages\/2184\/revisions"}],"predecessor-version":[{"id":3335,"href":"https:\/\/archiwum.wielkopolskipn.pl\/en\/wp-json\/wp\/v2\/pages\/2184\/revisions\/3335"}],"wp:attachment":[{"href":"https:\/\/archiwum.wielkopolskipn.pl\/en\/wp-json\/wp\/v2\/media?parent=2184"}],"curies":[{"name":"wp","href":"https:\/\/api.w.org\/{rel}","templated":true}]}}