{"id":2075,"date":"2022-10-13T12:26:13","date_gmt":"2022-10-13T10:26:13","guid":{"rendered":"https:\/\/archiwum.wielkopolskipn.pl\/?page_id=2075"},"modified":"2022-10-13T13:13:44","modified_gmt":"2022-10-13T11:13:44","slug":"dostepnosc-cyfrowa","status":"publish","type":"page","link":"https:\/\/archiwum.wielkopolskipn.pl\/en\/dostepnosc-cyfrowa\/","title":{"rendered":"Dost\u0119pno\u015b\u0107 cyfrowa"},"content":{"rendered":"\n<h1 class=\"has-text-align-center wp-block-heading\"><strong>Deklaracja dost\u0119pno\u015bci<\/strong><\/h1>\n\n\n\n<p><strong>Wielkopolski Park Narodowy zobowi\u0105zuje si\u0119 zapewni\u0107 dost\u0119pno\u015b\u0107 swojej strony internetowej zgodnie z przepisami ustawy z dnia 4 kwietnia 2019 r. o dost\u0119pno\u015bci cyfrowej stron internetowych i aplikacji mobilnych podmiot\u00f3w publicznych. O\u015bwiadczenie w sprawie dost\u0119pno\u015bci ma zastosowanie do strony internetowej Wielkopolskiego Parku Narodowego: <\/strong><a href=\"https:\/\/archiwum.wielkopolskipn.pl\/\"><strong>wielkopolskipn.pl<\/strong><\/a><strong>.<\/strong><br>Data publikacji strony internetowej:<strong> 2002-11-14<\/strong>.<br>Data ostatniej istotnej aktualizacji:<strong> 2022-08-25<\/strong>.<\/p>\n\n\n\n<h3 class=\"wp-block-heading\"><strong>Status pod wzgl\u0119dem zgodno\u015bci z ustaw\u0105<\/strong><\/h3>\n\n\n\n<p>Strona internetowa jest cz\u0119\u015bciowo zgodna z ustaw\u0105 z dnia 4 kwietnia 2019 r. o dost\u0119pno\u015bci cyfrowej stron internetowych i aplikacji mobilnych podmiot\u00f3w publicznych <strong>Dz.U. z 2019 r. poz. 848 <\/strong>z powodu niezgodno\u015bci lub wy\u0142\u0105cze\u0144 wymienionych poni\u017cej.<\/p>\n\n\n\n<h3 class=\"wp-block-heading\"><strong>Powody wy\u0142\u0105cze\u0144:<\/strong><\/h3>\n\n\n\n<p>strona Wielkopolskiego Parku Narodowego jest w trakcie budowy, nie wszystkie elementy strony dost\u0119pne s\u0105 w formacie umo\u017cliwiaj\u0105cym zastosowanie u\u0142atwie\u0144 dla os\u00f3b z niepe\u0142nosprawno\u015bciami.<\/p>\n\n\n\n<h3 class=\"wp-block-heading\"><strong>U\u0142atwienia na stronie https:\/\/archiwum.wielkopolskipn.pl<\/strong><\/h3>\n\n\n\n<p>Aby skorzysta\u0107 z u\u0142atwie\u0144 nale\u017cy klikn\u0105\u0107 ikon\u0119 z logo dost\u0119pno\u015bci&nbsp;znajduj\u0105c\u0105 si\u0119 w lewej, g\u00f3rnej cz\u0119\u015bci ekranu, co spowoduje otwarcie menu wyboru nast\u0119puj\u0105cych u\u0142atwie\u0144:<\/p>\n\n\n\n<ul class=\"wp-block-list\"><li>mo\u017cliwo\u015b\u0107 powi\u0119kszenia\/pomniejszenia wielko\u015bci liter na stronie<\/li><li>w\u0142\u0105czenie trybu skala szaro\u015bci<\/li><li>w\u0142\u0105czenie trybu kontrastu (czarne t\u0142o, zmiana kolorystyki tekstu zwi\u0119kszaj\u0105cej kontrast)<\/li><li>w\u0142\u0105czenie trybu wysoki kontrast (czarne t\u0142o, \u017c\u00f3\u0142te litery)<\/li><li>w\u0142\u0105czenie trybu podkre\u015blenia hiper\u0142\u0105czy<br>Na stronie internetowej mo\u017cna u\u017cywa\u0107 standardowych skr\u00f3t\u00f3w klawiaturowych przegl\u0105darki.<\/li><li>Zmiana rozmiaru strony: Graficzne przegl\u0105darki internetowe umo\u017cliwiaj\u0105 powi\u0119kszenie lub pomniejszenie widoku wy\u015bwietlanej strony.<\/li><li>Aby powi\u0119kszy\u0107 tekst nale\u017cy wybra\u0107 odpowiedni\u0105 kombinacj\u0119 klawiszy:<\/li><li>Firefox, Chrome, Internet Explorer:<\/li><li>[CTRL] oraz [+] aby powi\u0119kszy\u0107 widok<\/li><li>[CTRL] oraz [-] aby pomniejszy\u0107 widok<\/li><li>Opera:<\/li><li>[SHIFT] oraz [+] aby powi\u0119kszy\u0107 widok [-] aby pomniejszy\u0107 widok<\/li><\/ul>\n\n\n\n<h3 class=\"wp-block-heading\"><strong>Elementy niedost\u0119pne<\/strong><\/h3>\n\n\n\n<ul class=\"wp-block-list\"><li>Pliki w formatach PDF, DOC, XLS itp. &#8211; redaktorzy b\u0119d\u0105 stara\u0107 si\u0119 ogranicza\u0107 do minimum korzystanie z takich plik\u00f3w i publikowa\u0107 teksty bezpo\u015brednio w serwisie.<\/li><li>Na stronie znajduj\u0105 si\u0119 dokumenty PDF, kt\u00f3re powsta\u0142y na podstawie nieprawid\u0142owo przygotowanych dokument\u00f3w MS-Word (brak w nich prawid\u0142owo zaznaczonej logicznej struktury) &#8211; lub s\u0105 skanami dokument\u00f3w &#8211; &nbsp;niemo\u017cliwe do odczytu przez czytniki ekranu skany dokument\u00f3w PDF u\u017cytkownicy mog\u0105 rozpozna\u0107 narz\u0119dziem OCR.W miar\u0119 mo\u017cliwo\u015bci b\u0119dziemy poprawia\u0107 t\u0119 niedogodno\u015b\u0107.<\/li><li><strong>Dokumenty archiwalne opublikowane na stronie przed 23 wrze\u015bnia 2018 r. nie s\u0105 dost\u0119pne.&nbsp;<\/strong>Nie mamy prawnego obowi\u0105zku dostosowywania tych dokument\u00f3w. Je\u017celi potrzebujesz dost\u0119pu do nich skontaktuj si\u0119 z nami i wska\u017c dok\u0142adnie, o kt\u00f3re z nich Ci chodzi i jak powinni\u015bmy je dostosowa\u0107.<\/li><li>Cz\u0119\u015b\u0107 obraz\u00f3w prezentuj\u0105ca mapy jest wy\u0142\u0105czona z obowi\u0105zku zapewniania dost\u0119pno\u015bci.<\/li><li>Mapy s\u0105 wy\u0142\u0105czone z obowi\u0105zku zapewniania dost\u0119pno\u015bci.<\/li><li>Wi\u0119kszo\u015b\u0107 film\u00f3w zosta\u0142a opublikowana przed wej\u015bciem w \u017cycie ustawy o dost\u0119pno\u015bci cyfrowej lub pochodzi z serwisu YouTube i nie ma do\u0142\u0105czonych napis\u00f3w dla os\u00f3b z dysfunkcj\u0105 narz\u0105du s\u0142uchu.<\/li><\/ul>\n\n\n\n<h3 class=\"wp-block-heading\"><strong>Data sporz\u0105dzenia Deklaracji i metoda oceny dost\u0119pno\u015bci cyfrowej<\/strong><\/h3>\n\n\n\n<p>O\u015bwiadczenie sporz\u0105dzono dnia: 2021-10-25<br><strong>Deklaracj\u0119 sporz\u0105dzono na podstawie samooceny przeprowadzonej przez podmiot publiczny.<br><\/strong>Data ostatniego przegl\u0105du deklaracji: 2022-10-12.<\/p>\n\n\n\n<h3 class=\"wp-block-heading\"><strong>Informacje zwrotne i dane kontaktowe<\/strong><\/h3>\n\n\n\n<p>W przypadku problem\u00f3w z dost\u0119pno\u015bci\u0105 strony internetowej prosimy o kontakt.<br>Osob\u0105 kontaktow\u0105 jest&nbsp;Piotr Zaremba,&nbsp;sekretariat@wielkopolskipn.pl. Kontaktowa\u0107 mo\u017cna si\u0119 tak\u017ce dzwoni\u0105c na numer telefonu&nbsp;+48 61 89 82 300. T\u0105 sam\u0105 drog\u0105 mo\u017cna sk\u0142ada\u0107 wnioski o udost\u0119pnienie informacji niedost\u0119pnej oraz sk\u0142ada\u0107 skargi na brak zapewnienia dost\u0119pno\u015bci.<br>Ka\u017cdy ma prawo do wyst\u0105pienia z \u017c\u0105daniem zapewnienia dost\u0119pno\u015bci cyfrowej strony internetowej lub jakiego\u015b jej elementu. Mo\u017cna tak\u017ce za\u017c\u0105da\u0107 udost\u0119pnienia informacji za pomoc\u0105 alternatywnego sposobu dost\u0119pu, na przyk\u0142ad przez odczytanie niedost\u0119pnego cyfrowo dokumentu, opisanie zawarto\u015bci filmu bez audiodeskrypcji itp. \u017b\u0105danie powinno zawiera\u0107 dane osoby zg\u0142aszaj\u0105cej \u017c\u0105danie, wskazanie, o kt\u00f3r\u0105 stron\u0119 internetow\u0105 chodzi oraz spos\u00f3b kontaktu. Je\u017celi osoba \u017c\u0105daj\u0105ca zg\u0142asza potrzeb\u0119 otrzymania informacji za pomoc\u0105 alternatywnego sposobu dost\u0119pu, powinna tak\u017ce okre\u015bli\u0107 dogodny dla niej spos\u00f3b przedstawienia tej informacji. Podmiot publiczny powinien zrealizowa\u0107 \u017c\u0105danie niezw\u0142ocznie, nie p\u00f3\u017aniej ni\u017c w ci\u0105gu 7 dni od dnia wyst\u0105pienia z \u017c\u0105daniem. Je\u017celi dotrzymanie tego terminu nie jest mo\u017cliwe, podmiot publiczny niezw\u0142ocznie informuje o tym wnosz\u0105cego \u017c\u0105danie, kiedy realizacja \u017c\u0105dania b\u0119dzie mo\u017cliwa, przy czym termin ten nie mo\u017ce by\u0107 d\u0142u\u017cszy ni\u017c 2 miesi\u0105ce od dnia wyst\u0105pienia z \u017c\u0105daniem. Je\u017celi zapewnienie dost\u0119pno\u015bci cyfrowej nie jest mo\u017cliwe, podmiot publiczny mo\u017ce zaproponowa\u0107 alternatywny spos\u00f3b dost\u0119pu do informacji. W przypadku, gdy podmiot publiczny odm\u00f3wi realizacji \u017c\u0105dania zapewnienia dost\u0119pno\u015bci lub alternatywnego sposobu dost\u0119pu do informacji, wnosz\u0105cy \u017c\u0105danie mo\u017cne z\u0142o\u017cy\u0107 skarg\u0119 w sprawie zapewniana dost\u0119pno\u015bci cyfrowej strony internetowej lub jej elementu. Po wyczerpaniu wskazanej wy\u017cej procedury mo\u017cna tak\u017ce z\u0142o\u017cy\u0107 wniosek do&nbsp;<a href=\"https:\/\/rpo.gov.pl\/\">Rzecznika Praw Obywatelskich<\/a>.<\/p>\n\n\n\n<h3 class=\"wp-block-heading\"><strong>Dane teleadresowe podmiotu<\/strong><\/h3>\n\n\n\n<p><strong>Wielkopolski Park Narodowy, Jeziory, poczta 62-050 Mosina,<br>tel. +48 61 89 82&nbsp;300, e-mail: <a href=\"mailto:sekretariat@wielkopolskipn.pl\">sekretariat@wielkopolskipn.pl<\/a><\/strong><\/p>\n\n\n\n<h3 class=\"wp-block-heading\"><strong>Dost\u0119pno\u015b\u0107 architektoniczna siedziby Wielkopolskiego Parku Narodowego<\/strong><\/h3>\n\n\n\n<p><strong>Wsp\u00f3\u0142rz\u0119dne budynku: szeroko\u015b\u0107: 52.26984, d\u0142ugo\u015b\u0107: 16.79714<\/strong><br>Dyrekcja i Centrum Edukacji Ekologicznej Wielkopolskiego Parku Narodowego mie\u015bci si\u0119 w tym samym budynku w Jeziorach, wybudowanym w czasie II Wojny \u015awiatowej.&nbsp; Dojazd do budynku mo\u017cliwy jest bram\u0105 g\u0142\u00f3wn\u0105 z drogi powiatowej nr 2495 (Komorniki \u2013 Jeziory \u2013 Puszczykowo). Post\u00f3j jest mo\u017cliwy na parkingu przy budynku Dyrekcji po stronie p\u00f3\u0142nocnej w dni robocze w godzinach 7,00 \u2013 15,00. Na parkingu przed budynkiem znajduj\u0105 si\u0119 miejsca parkingowe dla os\u00f3b niepe\u0142nosprawnych. Wej\u015bcie do budynku mo\u017cliwe jest po schodach, wej\u015bciem g\u0142\u00f3wnym oraz podjazdem dla os\u00f3b niepe\u0142nosprawnych (wej\u015bcie to jest otwarte&nbsp; r\u00f3wnie\u017c w letnie dni \u015bwi\u0105teczne w godzinach otwarcia wystawy przyrodniczej Parku &#8211; muzeum). Na parterze hollu przy wej\u015bciu g\u0142\u00f3wnym umieszczona jest tablica informacyjna o rozmieszczeniu poszczeg\u00f3lnych pomieszcze\u0144 w budynku.<br><br>W cz\u0119\u015bci piwnicznej znajduj\u0105 si\u0119 sala konferencyjna du\u017ca i ma\u0142a, biblioteka&nbsp; oraz inne pomieszczenia techniczne.<br><br>Na parterze mie\u015bci si\u0119 wystawa przyrodnicza Wielkopolskiego Parku Narodowego z Sal\u0105 audiowizualn\u0105,&nbsp; kawiarenka oraz obs\u0142uga muzeum, kiosk z pami\u0105tkami WPN . W skrzydle wschodnim mie\u015bci si\u0119 posterunek Stra\u017cy Parku oraz toalety damsko \u2013 m\u0119skie i dla os\u00f3b z niepe\u0142nosprawno\u015bci\u0105.<br><br>Cz\u0119\u015b\u0107 biurowa dyrekcji mie\u015bci si\u0119 na pi\u0119trze budynku. Wchodz\u0105c g\u0142\u00f3wnymi schodami (brak jest windy) na pi\u0119tro umieszczona jest tablica informacyjna o rozmieszczeniu poszczeg\u00f3lnych pomieszcze\u0144 z podaniem nazwy zespo\u0142\u00f3w i numer\u00f3w pomieszcze\u0144.<\/p>\n\n\n\n<h4 class=\"wp-block-heading\"><strong>Opis dost\u0119pno\u015bci korytarzy, schod\u00f3w i wind<\/strong><\/h4>\n\n\n\n<p>Na pierwsze pi\u0119tro (biura Dyrekcji i Zespo\u0142\u00f3w ) prowadz\u0105 drewniane schody. W budynku brak windy (obiekt pa\u0142acowy oraz brak miejsca na tak\u0105 inwestycj\u0119).<\/p>\n\n\n\n<h4 class=\"wp-block-heading\"><strong>Opis dostosowa\u0144, na przyk\u0142ad pochylni, platform, informacji g\u0142osowych, p\u0119tlach indukcyjnych<\/strong><\/h4>\n\n\n\n<p>Przy schodach wej\u015bciowych do budynku pochylnia dla w\u00f3zk\u00f3w inwalidzkich, umo\u017cliwiaj\u0105ca wjazd na parter budynku.<\/p>\n\n\n\n<h4 class=\"wp-block-heading\"><strong>Informacje o miejscu i sposobie korzystania z miejsc parkingowych wyznaczonych dla os\u00f3b niepe\u0142nosprawnych<\/strong><\/h4>\n\n\n\n<p>Interesanci i zwiedzaj\u0105cy mog\u0105 parkowa\u0107 pojazdy na parkingu przy budynku od strony p\u00f3\u0142nocnej, na czas zwiedzania i za\u0142atwienia sprawy w siedzibie dyrekcji Parku.<\/p>\n\n\n\n<h4 class=\"wp-block-heading\"><strong>Informacja o prawie wst\u0119pu z psem asystuj\u0105cym i ewentualnych uzasadnionych ograniczeniach<\/strong><\/h4>\n\n\n\n<p>Do budynku mo\u017cliwy jest wst\u0119p z psem asystuj\u0105cym.<\/p>\n\n\n\n<h4 class=\"wp-block-heading\"><strong>Informacje o mo\u017cliwo\u015bci skorzystania z t\u0142umacza j\u0119zyka migowego na miejscu lub online.&nbsp;<\/strong><\/h4>\n\n\n\n<p>Obecnie brak takiej mo\u017cliwo\u015bci.<\/p>\n\n\n\n<h4 class=\"wp-block-heading\"><strong>Opis dost\u0119pno\u015bci wej\u015bcia do budynku i przechodzenia przez obszary kontroli<\/strong><\/h4>\n\n\n\n<p>Brak barier architektonicznych przy wej\u015bciu do budynku.<\/p>\n\n\n\n<h4 class=\"wp-block-heading\"><strong>Opis dost\u0119pno\u015bci korytarzy, schod\u00f3w\u00a0 wind i terenu<\/strong><\/h4>\n\n\n\n<ul class=\"wp-block-list\"><li>Do dyspozycji os\u00f3b ze szczeg\u00f3lnymi potrzebami w budynku jest dost\u0119p do ca\u0142o\u015bci Centrum Edukacji Ekologicznej (parter). Do biur\u00a0 dyrekcji i zespo\u0142\u00f3w dost\u0119p jedynie przez klatk\u0119 schodow\u0105.<\/li><li>Przy budynku po stronie p\u00f3\u0142nocnej znajduj\u0105 si\u0119 dwa wy\u0142o\u017cone\u00a0 kostk\u0105\u00a0 parkingi &#8211; dla samochod\u00f3w osobowych i dla samochod\u00f3w os\u00f3b niepe\u0142nosprawnych.<\/li><li>W budynku nie ma oznacze\u0144 w alfabecie Braille\u2019a.<\/li><li>Pracownicy Wielkopolskiego Parku Narodowego zapewniaj\u0105 wsparcie osobom ze szczeg\u00f3lnymi potrzebami.<\/li><\/ul>\n\n\n\n<h4 class=\"wp-block-heading\"><strong>Dost\u0119pno\u015b\u0107 infrastruktury turystycznej i edukacyjnej w terenie<\/strong><\/h4>\n\n\n\n<ul class=\"wp-block-list\"><li>Na wybranych szlakach i \u015bcie\u017ckach znajduj\u0105 si\u0119 tablice informacyjne i edukacyjne dostosowane do potrzeb os\u00f3b na w\u00f3zkach i s\u0142abowidz\u0105cych.<\/li><li>Przy parkingach le\u015bnych w Jeziorach i Osowej G\u00f3rze znajduj\u0105 si\u0119 toalety dla os\u00f3b niepe\u0142nosprawnych.<\/li><\/ul>\n\n\n\n<h3 class=\"wp-block-heading\"><strong>Podstawa prawna<\/strong><\/h3>\n\n\n\n<p>Rozporz\u0105dzenie Rady Ministr\u00f3w z 12 kwietnia 2012 r. w sprawie Krajowych Ram Interoperacyjno\u015bci, minimalnych wymaga\u0144 dla rejestr\u00f3w publicznych i wymiany informacji w postaci elektronicznej oraz minimalnych wymaga\u0144 dla system\u00f3w teleinformatycznych <br>Dz. U. z 2017 r. poz. 2247<br>Ustawa z 4 kwietnia 2019 r. o dost\u0119pno\u015bci cyfrowej stron internetowych i aplikacji mobilnych podmiot\u00f3w publicznych Dz.U. z 2019 r. poz. 848<\/p>\n\n\n\n<h4 class=\"wp-block-heading\"><a href=\"https:\/\/www.gov.pl\/web\/dostepnosc-cyfrowa\">Dost\u0119pno\u015b\u0107 cyfrowa \u2013 Portal gov.pl<\/a><\/h4>\n","protected":false},"excerpt":{"rendered":"<p>Deklaracja dost\u0119pno\u015bci Wielkopolski Park Narodowy zobowi\u0105zuje si\u0119 zapewni\u0107 dost\u0119pno\u015b\u0107 swojej strony internetowej zgodnie z przepisami ustawy z dnia 4 kwietnia 2019 r. o dost\u0119pno\u015bci cyfrowej stron internetowych i aplikacji mobilnych podmiot\u00f3w publicznych. O\u015bwiadczenie w sprawie dost\u0119pno\u015bci ma zastosowanie do strony internetowej Wielkopolskiego Parku Narodowego: wielkopolskipn.pl.Data publikacji strony internetowej: 2002-11-14.Data ostatniej istotnej aktualizacji: 2022-08-25. Status pod &hellip; <\/p>\n<p class=\"link-more\"><a href=\"https:\/\/archiwum.wielkopolskipn.pl\/en\/dostepnosc-cyfrowa\/\" class=\"more-link\">Continue reading<span class=\"screen-reader-text\"> &#8220;Dost\u0119pno\u015b\u0107 cyfrowa&#8221;<\/span><\/a><\/p>\n","protected":false},"author":1,"featured_media":0,"parent":0,"menu_order":0,"comment_status":"closed","ping_status":"closed","template":"","meta":{"ngg_post_thumbnail":0,"footnotes":""},"class_list":["post-2075","page","type-page","status-publish","hentry"],"_links":{"self":[{"href":"https:\/\/archiwum.wielkopolskipn.pl\/en\/wp-json\/wp\/v2\/pages\/2075","targetHints":{"allow":["GET"]}}],"collection":[{"href":"https:\/\/archiwum.wielkopolskipn.pl\/en\/wp-json\/wp\/v2\/pages"}],"about":[{"href":"https:\/\/archiwum.wielkopolskipn.pl\/en\/wp-json\/wp\/v2\/types\/page"}],"author":[{"embeddable":true,"href":"https:\/\/archiwum.wielkopolskipn.pl\/en\/wp-json\/wp\/v2\/users\/1"}],"replies":[{"embeddable":true,"href":"https:\/\/archiwum.wielkopolskipn.pl\/en\/wp-json\/wp\/v2\/comments?post=2075"}],"version-history":[{"count":8,"href":"https:\/\/archiwum.wielkopolskipn.pl\/en\/wp-json\/wp\/v2\/pages\/2075\/revisions"}],"predecessor-version":[{"id":2087,"href":"https:\/\/archiwum.wielkopolskipn.pl\/en\/wp-json\/wp\/v2\/pages\/2075\/revisions\/2087"}],"wp:attachment":[{"href":"https:\/\/archiwum.wielkopolskipn.pl\/en\/wp-json\/wp\/v2\/media?parent=2075"}],"curies":[{"name":"wp","href":"https:\/\/api.w.org\/{rel}","templated":true}]}}