{"id":1839,"date":"2022-08-25T10:05:32","date_gmt":"2022-08-25T08:05:32","guid":{"rendered":"https:\/\/archiwum.wielkopolskipn.pl\/?page_id=1839"},"modified":"2024-03-06T11:41:50","modified_gmt":"2024-03-06T10:41:50","slug":"zajecia-w-roku-szkolnym-2022-23","status":"publish","type":"page","link":"https:\/\/archiwum.wielkopolskipn.pl\/en\/zajecia-w-roku-szkolnym-2022-23\/","title":{"rendered":"ZAJ\u0118CIA W ROKU SZKOLNYM 2023\/24"},"content":{"rendered":"\n<p class=\"has-white-color has-vivid-cyan-blue-background-color has-text-color has-background has-link-color has-medium-font-size wp-elements-e45e71dc6a5a489e5a71e07e865e7837\"><strong>OFERTA EDUKACYJNA WIOSNA-LATO 2024<\/strong><\/p>\n\n\n\n<p>Zach\u0119camy do zapoznania si\u0119 z opisami modu\u0142\u00f3w zaj\u0119\u0107  oraz do przesy\u0142ania zg\u0142osze\u0144 na zaj\u0119cia realizowane przez Centrum Edukacji Ekologicznej w drugim p\u00f3\u0142roczu roku szkolnego 2023\/24. <\/p>\n\n\n\n<p>Prosimy o zg\u0142aszanie grup wy\u0142\u0105cznie przez przes\u0142anie wype\u0142nionych formularzy<\/p>\n\n\n\n<div data-wp-interactive=\"core\/file\" class=\"wp-block-file\"><object data-wp-bind--hidden=\"!state.hasPdfPreview\" hidden class=\"wp-block-file__embed\" data=\"https:\/\/archiwum.wielkopolskipn.pl\/wp-content\/uploads\/2024\/03\/OFERTA-Kompresja_2.pdf\" type=\"application\/pdf\" style=\"width:100%;height:600px\" aria-label=\"Embed of Oferta zaj\u0119\u0107 w II p\u00f3\u0142roczu roku szkolnego 2023\/ 24.\"><\/object><a id=\"wp-block-file--media-ed08063c-b041-465b-89a1-81cc9bdb6c10\" href=\"https:\/\/archiwum.wielkopolskipn.pl\/wp-content\/uploads\/2024\/03\/OFERTA-Kompresja_2.pdf\">Oferta zaj\u0119\u0107 w II p\u00f3\u0142roczu roku szkolnego 2023\/ 24<\/a><a href=\"https:\/\/archiwum.wielkopolskipn.pl\/wp-content\/uploads\/2024\/03\/OFERTA-Kompresja_2.pdf\" class=\"wp-block-file__button wp-element-button\" download aria-describedby=\"wp-block-file--media-ed08063c-b041-465b-89a1-81cc9bdb6c10\">Pobierz<\/a><\/div>\n\n\n\n<p><\/p>\n\n\n\n<p class=\"has-white-color has-vivid-cyan-blue-background-color has-text-color has-background has-link-color has-small-font-size wp-elements-b35030dfec9f89e43bb766daa1f81bf4\"><strong>FORMULARZE OBOWI\u0104ZUJ\u0104CE W II P\u00d3\u0141ROCZU ROKU SZKOLNEGO 2023\/24<\/strong><\/p>\n\n\n\n<div class=\"wp-block-file\"><a id=\"wp-block-file--media-0cb84508-076b-4362-bd6c-5f9a3088579a\" href=\"https:\/\/archiwum.wielkopolskipn.pl\/wp-content\/uploads\/2024\/03\/2024-Wiosna-Zajecia-teren.pdf\">Zaj\u0119cia w terenie oraz w salach<\/a><a href=\"https:\/\/archiwum.wielkopolskipn.pl\/wp-content\/uploads\/2024\/03\/2024-Wiosna-Zajecia-teren.pdf\" class=\"wp-block-file__button wp-element-button\" download aria-describedby=\"wp-block-file--media-0cb84508-076b-4362-bd6c-5f9a3088579a\">Pobierz<\/a><\/div>\n\n\n\n<div class=\"wp-block-file\"><a id=\"wp-block-file--media-7d036092-eb0e-4b02-9d56-7627cacab02a\" href=\"https:\/\/archiwum.wielkopolskipn.pl\/wp-content\/uploads\/2024\/03\/2024-Wiosna-Zajecia-online.pdf\">Zaj\u0119cia online<\/a><a href=\"https:\/\/archiwum.wielkopolskipn.pl\/wp-content\/uploads\/2024\/03\/2024-Wiosna-Zajecia-online.pdf\" class=\"wp-block-file__button wp-element-button\" download aria-describedby=\"wp-block-file--media-7d036092-eb0e-4b02-9d56-7627cacab02a\">Pobierz<\/a><\/div>\n\n\n\n<div class=\"wp-block-file\"><a id=\"wp-block-file--media-3a02e71a-3e17-4f01-b7f1-b90e08dad464\" href=\"https:\/\/archiwum.wielkopolskipn.pl\/wp-content\/uploads\/2024\/03\/2024-Wiosna-Zajecia-EN.pdf\">Zaj\u0119cia w j. angielskim<\/a><a href=\"https:\/\/archiwum.wielkopolskipn.pl\/wp-content\/uploads\/2024\/03\/2024-Wiosna-Zajecia-EN.pdf\" class=\"wp-block-file__button wp-element-button\" download aria-describedby=\"wp-block-file--media-3a02e71a-3e17-4f01-b7f1-b90e08dad464\">Pobierz<\/a><\/div>\n\n\n\n<p><\/p>\n\n\n\n<p class=\"has-white-color has-vivid-cyan-blue-background-color has-text-color has-background has-link-color has-medium-font-size wp-elements-d0d7b746e04a5631c73c57d7da7989b8\"><strong>OFERTA EDUKACYJNA- FERIE ZIMOWE 2024<\/strong><\/p>\n\n\n\n<p><\/p>\n\n\n\n<p>Serdecznie zapraszamy &nbsp;do skorzystania ze specjalnej oferty zaj\u0119\u0107 edukacyjnych przygotowanej przez Centrum Edukacji Ekologicznej Wielkopolskiego Parku Narodowego na &nbsp;okres ferii zimowych 2024 roku!<\/p>\n\n\n\n<p>Zaj\u0119cia b\u0119d\u0105 si\u0119 odbywa\u0142y od poniedzia\u0142ku do pi\u0105tku, w terminie od 29 stycznia do 29 lutego 2024 roku!<\/p>\n\n\n\n<figure class=\"wp-block-image size-large\"><img loading=\"lazy\" decoding=\"async\" width=\"1024\" height=\"724\" src=\"https:\/\/archiwum.wielkopolskipn.pl\/wp-content\/uploads\/2023\/12\/Ferie-z-WPN-2-1024x724.png\" alt=\"\" class=\"wp-image-3224\" srcset=\"https:\/\/archiwum.wielkopolskipn.pl\/wp-content\/uploads\/2023\/12\/Ferie-z-WPN-2-1024x724.png 1024w, https:\/\/archiwum.wielkopolskipn.pl\/wp-content\/uploads\/2023\/12\/Ferie-z-WPN-2-300x212.png 300w, https:\/\/archiwum.wielkopolskipn.pl\/wp-content\/uploads\/2023\/12\/Ferie-z-WPN-2-768x543.png 768w, https:\/\/archiwum.wielkopolskipn.pl\/wp-content\/uploads\/2023\/12\/Ferie-z-WPN-2-1536x1086.png 1536w, https:\/\/archiwum.wielkopolskipn.pl\/wp-content\/uploads\/2023\/12\/Ferie-z-WPN-2.png 2000w\" sizes=\"auto, (max-width: 767px) 89vw, (max-width: 1000px) 54vw, (max-width: 1071px) 543px, 580px\" \/><\/figure>\n\n\n\n<div class=\"wp-block-file\"><a id=\"wp-block-file--media-d3778525-d81b-4e69-b831-d111decfe76d\" href=\"https:\/\/archiwum.wielkopolskipn.pl\/wp-content\/uploads\/2023\/12\/2024-Ferie.pdf\">FERIE ZIMOWE 2024_ formularz do pobrania<\/a><a href=\"https:\/\/archiwum.wielkopolskipn.pl\/wp-content\/uploads\/2023\/12\/2024-Ferie.pdf\" class=\"wp-block-file__button wp-element-button\" download aria-describedby=\"wp-block-file--media-d3778525-d81b-4e69-b831-d111decfe76d\">Pobierz<\/a><\/div>\n\n\n\n<p><\/p>\n\n\n\n<p class=\"has-white-color has-vivid-cyan-blue-background-color has-text-color has-background has-medium-font-size\"><strong>OFERTA EDUKACYJNA- JESIE\u0143 2023<\/strong><\/p>\n\n\n\n<p>Zach\u0119camy do zapoznania si\u0119 z opisami modu\u0142\u00f3w zaj\u0119\u0107  oraz do przesy\u0142ania zg\u0142osze\u0144 na zaj\u0119cia realizowane przez Centrum Edukacji Ekologicznej w pierwszym p\u00f3\u0142roczu roku szkolnego 2023\/24. <\/p>\n\n\n\n<p>Prosimy o zg\u0142aszanie grup wy\u0142\u0105cznie przez przes\u0142anie wype\u0142nionych formularzy, kt\u00f3re zosta\u0142y zamieszczone pod ofert\u0105.<\/p>\n\n\n\n<div data-wp-interactive=\"core\/file\" class=\"wp-block-file\"><object data-wp-bind--hidden=\"!state.hasPdfPreview\" hidden class=\"wp-block-file__embed\" data=\"https:\/\/archiwum.wielkopolskipn.pl\/wp-content\/uploads\/2023\/08\/2023-Jesien-Oferta-Edukacyjna.pdf\" type=\"application\/pdf\" style=\"width:100%;height:495px\" aria-label=\"Embed of Oferta zaj\u0119\u0107 edukacyjnych w I p\u00f3\u0142roczu roku szkolnego 2023\/24.\"><\/object><a id=\"wp-block-file--media-78e82cb9-77d9-4e71-9dfb-13728315c364\" href=\"https:\/\/archiwum.wielkopolskipn.pl\/wp-content\/uploads\/2023\/08\/2023-Jesien-Oferta-Edukacyjna.pdf\">Oferta zaj\u0119\u0107 edukacyjnych w I p\u00f3\u0142roczu roku szkolnego 2023\/24<\/a><a href=\"https:\/\/archiwum.wielkopolskipn.pl\/wp-content\/uploads\/2023\/08\/2023-Jesien-Oferta-Edukacyjna.pdf\" class=\"wp-block-file__button wp-element-button\" download aria-describedby=\"wp-block-file--media-78e82cb9-77d9-4e71-9dfb-13728315c364\">Pobierz<\/a><\/div>\n\n\n\n<p><\/p>\n\n\n\n<p class=\"has-white-color has-vivid-cyan-blue-background-color has-text-color has-background\"><strong>FORMULARZE ZG\u0141OSZENIOWE OBOWI\u0104ZUJ\u0104CE W ROKU SZKOLNYM 2023\/24<\/strong><\/p>\n\n\n\n<div class=\"wp-block-file\"><a id=\"wp-block-file--media-82b260e9-02fb-40ec-80f6-1b501eebd64f\" href=\"https:\/\/archiwum.wielkopolskipn.pl\/wp-content\/uploads\/2023\/08\/2023-Jesien-Zajecia-teren.pdf\">Zg\u0142oszenia na zaj\u0119cia &#8220;w terenie oraz w salach&#8221;<\/a><a href=\"https:\/\/archiwum.wielkopolskipn.pl\/wp-content\/uploads\/2023\/08\/2023-Jesien-Zajecia-teren.pdf\" class=\"wp-block-file__button wp-element-button\" download aria-describedby=\"wp-block-file--media-82b260e9-02fb-40ec-80f6-1b501eebd64f\">Pobierz<\/a><\/div>\n\n\n\n<div class=\"wp-block-file\"><a id=\"wp-block-file--media-ca67af1b-4962-4ed0-ae8e-0695f2c0ce47\" href=\"https:\/\/archiwum.wielkopolskipn.pl\/wp-content\/uploads\/2023\/08\/2023-Jesien-Zajecia-online.pdf\">Zg\u0142oszenie na zaj\u0119cia &#8220;online i inne&#8221;<\/a><a href=\"https:\/\/archiwum.wielkopolskipn.pl\/wp-content\/uploads\/2023\/08\/2023-Jesien-Zajecia-online.pdf\" class=\"wp-block-file__button wp-element-button\" download aria-describedby=\"wp-block-file--media-ca67af1b-4962-4ed0-ae8e-0695f2c0ce47\">Pobierz<\/a><\/div>\n\n\n\n<p><\/p>\n\n\n\n<p class=\"has-white-color has-luminous-vivid-orange-background-color has-text-color has-background has-medium-font-size\"><strong>OFERTA EDUKACYJNA &#8211; WAKACJE 2023<\/strong><\/p>\n\n\n\n<p>Centrum Edukacji Ekologicznej Wielkopolskiego Parku Narodowego informuje, \u017ce w zwi\u0105zku ze zbli\u017caj\u0105cym si\u0119 okresem letnich wakacji szkolnych uzupe\u0142ni\u0142o ofert\u0119 edukacyjn\u0105 Parku  na rok szkolny 2022\/23 o&nbsp;nowe zaj\u0119cia, kt\u00f3re b\u0119d\u0105 przeprowadzane w tym w\u0142a\u015bnie okresie.<\/p>\n\n\n\n<p>Zach\u0119camy do zapoznania si\u0119 z ni\u017cej opisanymi modu\u0142ami zaj\u0119\u0107  oraz o przesy\u0142anie zg\u0142osze\u0144 (formularz zg\u0142oszenia grupy zosta\u0142 zamieszczony pod grafikami). <\/p>\n\n\n\n<figure class=\"wp-block-image size-large\"><img loading=\"lazy\" decoding=\"async\" width=\"1024\" height=\"724\" src=\"https:\/\/archiwum.wielkopolskipn.pl\/wp-content\/uploads\/2023\/04\/3-1-1024x724.png\" alt=\"\" class=\"wp-image-2745\" srcset=\"https:\/\/archiwum.wielkopolskipn.pl\/wp-content\/uploads\/2023\/04\/3-1-1024x724.png 1024w, https:\/\/archiwum.wielkopolskipn.pl\/wp-content\/uploads\/2023\/04\/3-1-300x212.png 300w, https:\/\/archiwum.wielkopolskipn.pl\/wp-content\/uploads\/2023\/04\/3-1-768x543.png 768w, https:\/\/archiwum.wielkopolskipn.pl\/wp-content\/uploads\/2023\/04\/3-1-1536x1086.png 1536w, https:\/\/archiwum.wielkopolskipn.pl\/wp-content\/uploads\/2023\/04\/3-1.png 2000w\" sizes=\"auto, (max-width: 767px) 89vw, (max-width: 1000px) 54vw, (max-width: 1071px) 543px, 580px\" \/><\/figure>\n\n\n\n<figure class=\"wp-block-image size-large\"><img loading=\"lazy\" decoding=\"async\" width=\"2000\" height=\"1414\" src=\"https:\/\/archiwum.wielkopolskipn.pl\/wp-content\/uploads\/2023\/04\/4-1024x724.png\" alt=\"\" class=\"wp-image-2746\" srcset=\"https:\/\/archiwum.wielkopolskipn.pl\/wp-content\/uploads\/2023\/04\/4-1024x724.png 1024w, https:\/\/archiwum.wielkopolskipn.pl\/wp-content\/uploads\/2023\/04\/4-300x212.png 300w, https:\/\/archiwum.wielkopolskipn.pl\/wp-content\/uploads\/2023\/04\/4-768x543.png 768w, https:\/\/archiwum.wielkopolskipn.pl\/wp-content\/uploads\/2023\/04\/4-1536x1086.png 1536w, https:\/\/archiwum.wielkopolskipn.pl\/wp-content\/uploads\/2023\/04\/4.png 2000w\" sizes=\"auto, (max-width: 767px) 89vw, (max-width: 1000px) 54vw, (max-width: 1071px) 543px, 580px\" \/><\/figure>\n\n\n\n<div class=\"wp-block-file\"><a id=\"wp-block-file--media-a661154b-c8ed-4344-bcb2-27425041fc49\" href=\"https:\/\/archiwum.wielkopolskipn.pl\/wp-content\/uploads\/2023\/04\/2023-Zajecia-lato-2023.pdf\">Formularz zg\u0142oszeniowy na zaj\u0119cia w ramach oferty &#8220;wakacyjnej&#8221; <\/a><a href=\"https:\/\/archiwum.wielkopolskipn.pl\/wp-content\/uploads\/2023\/04\/2023-Zajecia-lato-2023.pdf\" class=\"wp-block-file__button wp-element-button\" download aria-describedby=\"wp-block-file--media-a661154b-c8ed-4344-bcb2-27425041fc49\">Pobierz<\/a><\/div>\n\n\n\n<p><\/p>\n\n\n\n<p class=\"has-white-color has-luminous-vivid-orange-background-color has-text-color has-background has-medium-font-size\"><strong>OFERTA EDUKACYJNA W SEZONIE WIOSNA-LATO<\/strong> <strong>2023<\/strong><\/p>\n\n\n\n<p><\/p>\n\n\n\n<div data-wp-interactive=\"core\/file\" class=\"wp-block-file\"><object data-wp-bind--hidden=\"!state.hasPdfPreview\" hidden class=\"wp-block-file__embed\" data=\"https:\/\/archiwum.wielkopolskipn.pl\/wp-content\/uploads\/2023\/03\/Nowa-oferta-edukacyjna-kompresja.pdf\" type=\"application\/pdf\" style=\"width:100%;height:491px\" aria-label=\"Embed of Zakres rzeczowy oferty edukacyjnej w roku szkolnym 2022\/23.\"><\/object><a id=\"wp-block-file--media-6bb33010-3e02-4fd5-859d-aabdcd8fbcb6\" href=\"https:\/\/archiwum.wielkopolskipn.pl\/wp-content\/uploads\/2023\/03\/Nowa-oferta-edukacyjna-kompresja.pdf\">Zakres rzeczowy oferty edukacyjnej w roku szkolnym 2022\/23<\/a><a href=\"https:\/\/archiwum.wielkopolskipn.pl\/wp-content\/uploads\/2023\/03\/Nowa-oferta-edukacyjna-kompresja.pdf\" class=\"wp-block-file__button wp-element-button\" download aria-describedby=\"wp-block-file--media-6bb33010-3e02-4fd5-859d-aabdcd8fbcb6\">Pobierz<\/a><\/div>\n\n\n\n<p><\/p>\n\n\n\n<p><strong>&#8220;PRYWATNE \u017bYCIE \u0141\u0104KI&#8221;  &#8211; regulamin konkursu plastycznego realizowanego w ramach zaj\u0119\u0107<\/strong> <strong>&#8220;B\u0104KI Z \u0141\u0104KI&#8221; opisanych na slajdzie\/ stronie 17<\/strong> <strong>oferty edukacyjnej<\/strong>.<\/p>\n\n\n\n<div class=\"wp-block-file\"><a id=\"wp-block-file--media-95dc44c6-7457-44aa-b72a-66d46ef00def\" href=\"https:\/\/archiwum.wielkopolskipn.pl\/wp-content\/uploads\/2023\/02\/Regulamin-konkursu-Prywatne-zycie-laki.pdf\">Regulamin-konkursu &#8220;Prywatne \u017cycie \u0142\u0105ki&#8221;<\/a><a href=\"https:\/\/archiwum.wielkopolskipn.pl\/wp-content\/uploads\/2023\/02\/Regulamin-konkursu-Prywatne-zycie-laki.pdf\" class=\"wp-block-file__button wp-element-button\" download aria-describedby=\"wp-block-file--media-95dc44c6-7457-44aa-b72a-66d46ef00def\">Pobierz<\/a><\/div>\n\n\n\n<p><\/p>\n\n\n\n<p class=\"has-white-color has-vivid-green-cyan-background-color has-text-color has-background has-medium-font-size\"><strong>FORMULARZE ZG\u0141OSZENIOWE OBOWI\u0104ZUJ\u0104CE W ROKU SZKOLNYM 2022\/23<\/strong><\/p>\n\n\n\n<div class=\"wp-block-file\"><a id=\"wp-block-file--media-770142fb-a8d1-45b6-a99c-b73fc738bf78\" href=\"https:\/\/archiwum.wielkopolskipn.pl\/wp-content\/uploads\/2023\/02\/2023-Formularz-zajecia-w-terenie-oraz-w-salach.pdf\"><strong>Zg\u0142oszenie na zaj\u0119cia &#8220;w-terenie oraz-w-salach&#8221;<\/strong><\/a><a href=\"https:\/\/archiwum.wielkopolskipn.pl\/wp-content\/uploads\/2023\/02\/2023-Formularz-zajecia-w-terenie-oraz-w-salach.pdf\" class=\"wp-block-file__button wp-element-button\" download aria-describedby=\"wp-block-file--media-770142fb-a8d1-45b6-a99c-b73fc738bf78\">Pobierz<\/a><\/div>\n\n\n\n<div class=\"wp-block-file\"><a id=\"wp-block-file--media-d8981e95-b9fe-43d9-b929-c72c6268af72\" href=\"https:\/\/archiwum.wielkopolskipn.pl\/wp-content\/uploads\/2023\/02\/Formularz-zajecia-online-i-inne.pdf\"><strong>Zg\u0142oszenie na zaj\u0119cia &#8220;online i inne&#8221;<\/strong><\/a><a href=\"https:\/\/archiwum.wielkopolskipn.pl\/wp-content\/uploads\/2023\/02\/Formularz-zajecia-online-i-inne.pdf\" class=\"wp-block-file__button wp-element-button\" download aria-describedby=\"wp-block-file--media-d8981e95-b9fe-43d9-b929-c72c6268af72\">Pobierz<\/a><\/div>\n\n\n\n<div class=\"wp-block-file\"><a id=\"wp-block-file--media-c5253a57-ef33-47e5-80c6-8ac4949e45cd\" href=\"https:\/\/archiwum.wielkopolskipn.pl\/wp-content\/uploads\/2023\/02\/Prywatne-zycie-laki-zalacznik-nr-1-zgody-.pdf\"><strong>PRYWATNE \u017bYCIE \u0141\u0104KI zalacznik-nr-1<\/strong>-zgody<\/a><a href=\"https:\/\/archiwum.wielkopolskipn.pl\/wp-content\/uploads\/2023\/02\/Prywatne-zycie-laki-zalacznik-nr-1-zgody-.pdf\" class=\"wp-block-file__button wp-element-button\" download aria-describedby=\"wp-block-file--media-c5253a57-ef33-47e5-80c6-8ac4949e45cd\">Pobierz<\/a><\/div>\n\n\n\n<div class=\"wp-block-file\"><a id=\"wp-block-file--media-f4d429e0-4c8f-424c-838a-548562687b2f\" href=\"https:\/\/archiwum.wielkopolskipn.pl\/wp-content\/uploads\/2023\/02\/Prywatne-zycie-laki-zalacznik-nr-2-klauzula.pdf\"><strong>PRYWATNE \u017bYCIE \u0141\u0104KI zalacznik-nr-2<\/strong>-klauzula<\/a><a href=\"https:\/\/archiwum.wielkopolskipn.pl\/wp-content\/uploads\/2023\/02\/Prywatne-zycie-laki-zalacznik-nr-2-klauzula.pdf\" class=\"wp-block-file__button wp-element-button\" download aria-describedby=\"wp-block-file--media-f4d429e0-4c8f-424c-838a-548562687b2f\">Pobierz<\/a><\/div>\n\n\n\n<div class=\"wp-block-file\"><a id=\"wp-block-file--media-64858d97-13ed-4792-9c38-e3ca5f45365f\" href=\"https:\/\/archiwum.wielkopolskipn.pl\/wp-content\/uploads\/2023\/02\/Prywatne-zycie-laki-zalacznik-nr-3-tabela.pdf\"><strong>PRYWATNE \u017bYCIE \u0141\u0104KI <\/strong> <strong>zalacznik-nr-3<\/strong>-tabela<\/a><a href=\"https:\/\/archiwum.wielkopolskipn.pl\/wp-content\/uploads\/2023\/02\/Prywatne-zycie-laki-zalacznik-nr-3-tabela.pdf\" class=\"wp-block-file__button wp-element-button\" download aria-describedby=\"wp-block-file--media-64858d97-13ed-4792-9c38-e3ca5f45365f\">Pobierz<\/a><\/div>\n\n\n\n<h2 class=\"wp-block-heading has-white-color has-text-color\"><\/h2>\n\n\n\n<h2 class=\"wp-block-heading has-white-color has-luminous-vivid-orange-background-color has-text-color has-background\"><strong>OFERTA FERIE 2023<\/strong><\/h2>\n\n\n\n<p>Centrum Edukacji Ekologicznej Wielkopolskiego Parku Narodowego informuje, \u017ce w zwi\u0105zku ze zbli\u017caj\u0105cymi si\u0119 zimowymi feriami szkolnymi uzupe\u0142ni\u0142o ofert\u0119 edukacyjn\u0105 na rok szkolny 2022\/23 o&nbsp;nowe zaj\u0119cia, kt\u00f3re b\u0119d\u0105 realizowane w terminach od <strong>31 stycznia do 26 lutego 2023 r.<\/strong><\/p>\n\n\n\n<figure class=\"wp-block-image size-large\"><img loading=\"lazy\" decoding=\"async\" width=\"1024\" height=\"724\" src=\"https:\/\/archiwum.wielkopolskipn.pl\/wp-content\/uploads\/2023\/01\/Ferie_-003_ZIMA-2023-1-1024x724.png\" alt=\"\" class=\"wp-image-2310\" srcset=\"https:\/\/archiwum.wielkopolskipn.pl\/wp-content\/uploads\/2023\/01\/Ferie_-003_ZIMA-2023-1-1024x724.png 1024w, https:\/\/archiwum.wielkopolskipn.pl\/wp-content\/uploads\/2023\/01\/Ferie_-003_ZIMA-2023-1-300x212.png 300w, https:\/\/archiwum.wielkopolskipn.pl\/wp-content\/uploads\/2023\/01\/Ferie_-003_ZIMA-2023-1-768x543.png 768w, https:\/\/archiwum.wielkopolskipn.pl\/wp-content\/uploads\/2023\/01\/Ferie_-003_ZIMA-2023-1-1536x1086.png 1536w, https:\/\/archiwum.wielkopolskipn.pl\/wp-content\/uploads\/2023\/01\/Ferie_-003_ZIMA-2023-1.png 2000w\" sizes=\"auto, (max-width: 767px) 89vw, (max-width: 1000px) 54vw, (max-width: 1071px) 543px, 580px\" \/><\/figure>\n\n\n\n<p><\/p>\n\n\n\n<div class=\"wp-block-file\"><a id=\"wp-block-file--media-b8d23ac6-a278-428e-a5da-57998e0c9204\" href=\"https:\/\/archiwum.wielkopolskipn.pl\/wp-content\/uploads\/2023\/01\/2023-Zajecia-ferie_zgloszenie-formularz.pdf\">Zg\u0142oszenie na zaj\u0119cia <strong>FERIE 2023<\/strong><\/a><a href=\"https:\/\/archiwum.wielkopolskipn.pl\/wp-content\/uploads\/2023\/01\/2023-Zajecia-ferie_zgloszenie-formularz.pdf\" class=\"wp-block-file__button wp-element-button\" download aria-describedby=\"wp-block-file--media-b8d23ac6-a278-428e-a5da-57998e0c9204\">Pobierz<\/a><\/div>\n","protected":false},"excerpt":{"rendered":"<p>OFERTA EDUKACYJNA WIOSNA-LATO 2024 Zach\u0119camy do zapoznania si\u0119 z opisami modu\u0142\u00f3w zaj\u0119\u0107 oraz do przesy\u0142ania zg\u0142osze\u0144 na zaj\u0119cia realizowane przez Centrum Edukacji Ekologicznej w drugim p\u00f3\u0142roczu roku szkolnego 2023\/24. Prosimy o zg\u0142aszanie grup wy\u0142\u0105cznie przez przes\u0142anie wype\u0142nionych formularzy FORMULARZE OBOWI\u0104ZUJ\u0104CE W II P\u00d3\u0141ROCZU ROKU SZKOLNEGO 2023\/24 OFERTA EDUKACYJNA- FERIE ZIMOWE 2024 Serdecznie zapraszamy &nbsp;do skorzystania &hellip; <\/p>\n<p class=\"link-more\"><a href=\"https:\/\/archiwum.wielkopolskipn.pl\/en\/zajecia-w-roku-szkolnym-2022-23\/\" class=\"more-link\">Continue reading<span class=\"screen-reader-text\"> &#8220;ZAJ\u0118CIA W ROKU SZKOLNYM 2023\/24&#8221;<\/span><\/a><\/p>\n","protected":false},"author":1,"featured_media":0,"parent":0,"menu_order":0,"comment_status":"closed","ping_status":"closed","template":"","meta":{"ngg_post_thumbnail":0,"footnotes":""},"class_list":["post-1839","page","type-page","status-publish","hentry"],"_links":{"self":[{"href":"https:\/\/archiwum.wielkopolskipn.pl\/en\/wp-json\/wp\/v2\/pages\/1839","targetHints":{"allow":["GET"]}}],"collection":[{"href":"https:\/\/archiwum.wielkopolskipn.pl\/en\/wp-json\/wp\/v2\/pages"}],"about":[{"href":"https:\/\/archiwum.wielkopolskipn.pl\/en\/wp-json\/wp\/v2\/types\/page"}],"author":[{"embeddable":true,"href":"https:\/\/archiwum.wielkopolskipn.pl\/en\/wp-json\/wp\/v2\/users\/1"}],"replies":[{"embeddable":true,"href":"https:\/\/archiwum.wielkopolskipn.pl\/en\/wp-json\/wp\/v2\/comments?post=1839"}],"version-history":[{"count":39,"href":"https:\/\/archiwum.wielkopolskipn.pl\/en\/wp-json\/wp\/v2\/pages\/1839\/revisions"}],"predecessor-version":[{"id":3350,"href":"https:\/\/archiwum.wielkopolskipn.pl\/en\/wp-json\/wp\/v2\/pages\/1839\/revisions\/3350"}],"wp:attachment":[{"href":"https:\/\/archiwum.wielkopolskipn.pl\/en\/wp-json\/wp\/v2\/media?parent=1839"}],"curies":[{"name":"wp","href":"https:\/\/api.w.org\/{rel}","templated":true}]}}