{"id":1772,"date":"2022-08-23T13:36:17","date_gmt":"2022-08-23T11:36:17","guid":{"rendered":"http:\/\/archiwum.wielkopolskipn.pl\/?page_id=1772"},"modified":"2022-08-29T09:08:31","modified_gmt":"2022-08-29T07:08:31","slug":"zasady-prowadzenia-badan","status":"publish","type":"page","link":"https:\/\/archiwum.wielkopolskipn.pl\/en\/zasady-prowadzenia-badan\/","title":{"rendered":"ZASADY PROWADZENIA BADA\u0143"},"content":{"rendered":"\n<p><strong><a href=\"https:\/\/archiwum.wielkopolskipn.pl\/wp-content\/uploads\/2022\/08\/Zarzadzenie-nr-12-2022.pdf\" data-type=\"attachment\" data-id=\"1799\">Zarz\u0105dzenie nr 12-2022 w spr. udost\u0119pniania terenu WPN do cel\u00f3w naukowych.<\/a><\/strong><\/p>\n\n\n\n<p><strong><a href=\"https:\/\/archiwum.wielkopolskipn.pl\/wp-content\/uploads\/2022\/08\/zalacznik-nr-1-12-2022-1.doc\" data-type=\"URL\" data-id=\"https:\/\/archiwum.wielkopolskipn.pl\/wp-content\/uploads\/2022\/08\/zalacznik-nr-1-12-2022-1.doc\" target=\"_blank\" rel=\"noreferrer noopener\">Za\u0142\u0105cznik nr 1<\/a> <\/strong> &#8211; do zarz\u0105dzenia nr 12\/2022 &#8211; Wniosek o wydanie zezwolenia na prowadzenie bada\u0144 naukowych na terenie Wielkopolskiego Parku Narodowego<br><strong><a href=\"https:\/\/archiwum.wielkopolskipn.pl\/wp-content\/uploads\/2022\/08\/Zalacznik-nr-2-12-2022.docx\" data-type=\"attachment\" data-id=\"1811\">Za\u0142\u0105cznik nr 2<\/a><\/strong>  &#8211; do zarz\u0105dzenia nr 12\/2022 &#8211; Wniosek o wydanie zezwolenia na prowadzenie zaj\u0119\u0107 terenowych na obszarze Wielkopolskiego Parku Narodowego<\/p>\n","protected":false},"excerpt":{"rendered":"<p>Zarz\u0105dzenie nr 12-2022 w spr. udost\u0119pniania terenu WPN do cel\u00f3w naukowych. Za\u0142\u0105cznik nr 1 &#8211; do zarz\u0105dzenia nr 12\/2022 &#8211; Wniosek o wydanie zezwolenia na prowadzenie bada\u0144 naukowych na terenie Wielkopolskiego Parku NarodowegoZa\u0142\u0105cznik nr 2 &#8211; do zarz\u0105dzenia nr 12\/2022 &#8211; Wniosek o wydanie zezwolenia na prowadzenie zaj\u0119\u0107 terenowych na obszarze Wielkopolskiego Parku Narodowego<\/p>\n","protected":false},"author":1,"featured_media":0,"parent":0,"menu_order":0,"comment_status":"closed","ping_status":"closed","template":"","meta":{"ngg_post_thumbnail":0,"footnotes":""},"class_list":["post-1772","page","type-page","status-publish","hentry"],"_links":{"self":[{"href":"https:\/\/archiwum.wielkopolskipn.pl\/en\/wp-json\/wp\/v2\/pages\/1772","targetHints":{"allow":["GET"]}}],"collection":[{"href":"https:\/\/archiwum.wielkopolskipn.pl\/en\/wp-json\/wp\/v2\/pages"}],"about":[{"href":"https:\/\/archiwum.wielkopolskipn.pl\/en\/wp-json\/wp\/v2\/types\/page"}],"author":[{"embeddable":true,"href":"https:\/\/archiwum.wielkopolskipn.pl\/en\/wp-json\/wp\/v2\/users\/1"}],"replies":[{"embeddable":true,"href":"https:\/\/archiwum.wielkopolskipn.pl\/en\/wp-json\/wp\/v2\/comments?post=1772"}],"version-history":[{"count":13,"href":"https:\/\/archiwum.wielkopolskipn.pl\/en\/wp-json\/wp\/v2\/pages\/1772\/revisions"}],"predecessor-version":[{"id":1898,"href":"https:\/\/archiwum.wielkopolskipn.pl\/en\/wp-json\/wp\/v2\/pages\/1772\/revisions\/1898"}],"wp:attachment":[{"href":"https:\/\/archiwum.wielkopolskipn.pl\/en\/wp-json\/wp\/v2\/media?parent=1772"}],"curies":[{"name":"wp","href":"https:\/\/api.w.org\/{rel}","templated":true}]}}