{"id":1768,"date":"2022-08-23T13:35:10","date_gmt":"2022-08-23T11:35:10","guid":{"rendered":"http:\/\/archiwum.wielkopolskipn.pl\/?page_id=1768"},"modified":"2022-09-02T12:21:06","modified_gmt":"2022-09-02T10:21:06","slug":"rada-naukowa-wpn","status":"publish","type":"page","link":"https:\/\/archiwum.wielkopolskipn.pl\/en\/rada-naukowa-wpn\/","title":{"rendered":"RADA NAUKOWA WPN"},"content":{"rendered":"\n<figure class=\"wp-block-image size-large is-resized\"><img loading=\"lazy\" decoding=\"async\" src=\"http:\/\/archiwum.wielkopolskipn.pl\/wp-content\/uploads\/2022\/05\/Wielkopolski-poziome-podstawowe-cmyk-1-1024x435.jpg\" alt=\"\" class=\"wp-image-1025\" width=\"303\" height=\"129\" srcset=\"https:\/\/archiwum.wielkopolskipn.pl\/wp-content\/uploads\/2022\/05\/Wielkopolski-poziome-podstawowe-cmyk-1-1024x435.jpg 1024w, https:\/\/archiwum.wielkopolskipn.pl\/wp-content\/uploads\/2022\/05\/Wielkopolski-poziome-podstawowe-cmyk-1-300x128.jpg 300w, https:\/\/archiwum.wielkopolskipn.pl\/wp-content\/uploads\/2022\/05\/Wielkopolski-poziome-podstawowe-cmyk-1-768x326.jpg 768w, https:\/\/archiwum.wielkopolskipn.pl\/wp-content\/uploads\/2022\/05\/Wielkopolski-poziome-podstawowe-cmyk-1-1536x653.jpg 1536w, https:\/\/archiwum.wielkopolskipn.pl\/wp-content\/uploads\/2022\/05\/Wielkopolski-poziome-podstawowe-cmyk-1-2048x870.jpg 2048w\" sizes=\"auto, (max-width: 303px) 100vw, 303px\" \/><\/figure>\n\n\n\n<p>\u200bZgodnie z Ustaw\u0105 o Ochronie Przyrody z dnia 16 kwietnia (art. 98) cz\u0142onk\u00f3w rady naukowej parku narodowego w liczbie od 10 do 20 na kadencj\u0119 trwaj\u0105c\u0105 5 lat, powo\u0142uje minister w\u0142a\u015bciwy do spraw \u015brodowiska spo\u015br\u00f3d dzia\u0142aj\u0105cych na rzecz ochrony przyrody przedstawicieli nauki, praktyki i organizacji ekologicznych oraz w\u0142a\u015bciwych miejscowo samorz\u0105d\u00f3w wojew\u00f3dzkich i samorz\u0105d\u00f3w gminnych. Do zada\u0144 rady naukowej parku narodowego nale\u017cy w szczeg\u00f3lno\u015bci:&nbsp;<\/p>\n\n\n\n<p>1. ocena zasob\u00f3w, twor\u00f3w i sk\u0142adnik\u00f3w przyrody; 2. opiniowanie projektu planu ochrony i zada\u0144 ochronnych; 3. ocena realizacji ustale\u0144 planu ochrony, rocznych zada\u0144 ochronnych i skuteczno\u015bci zabieg\u00f3w ochronnych; 4. opiniowanie program\u00f3w badawczych i naukowych w zakresie ochrony przyrody; 5. przedstawianie wniosk\u00f3w i opinii w sprawach ochrony przyrody i funkcjonowania parku narodowego.<\/p>\n\n\n\n<p>\u00a0<strong>Obecn\u0105 Rad\u0119 Naukow\u0105 Wielkopolskiego Parku Narodowego powo\u0142a\u0142 Minister \u015arodowiska Zarz\u0105dzeniem z dnia 10 wrze\u015bnia 2020 r. w sprawie powo\u0142ania cz\u0142onk\u00f3w Rady Naukowej Wielkopolskiego Parku Narodowego.\u00a0 <\/strong><\/p>\n\n\n\n<p><strong>Sk\u0142ad Rady Naukowej w kadencji 2020-2025<\/strong><\/p>\n\n\n\n<ol class=\"wp-block-list\" type=\"1\"><li>prof. dr hab. Mariusz Pe\u0142echaty \u2013 <strong>Przewodnicz\u0105cy Rady Naukowej<\/strong> <\/li><li>dr hab. Zbigniew Celka \u2013 <strong>Zast\u0119pca Przewodnicz\u0105cego Rady Naukowej<\/strong>&nbsp;<\/li><li>mgr Mi\u0142os\u0142awa Olejnik<\/li><li>Robert Popkowski<\/li><li>mgr in\u017c. Leszek Kurek<\/li><li>mgr Andrzej Balcerek<\/li><li>mgr in\u017c. Jan Broda<\/li><li>prof. UJK dr hab. Maria G\u00f3rska-Zabielska<\/li><li>prof. UAM dr hab. Miros\u0142aw Jurczyszyn<\/li><li>prof. dr hab. Krzysztof Kasprzak<\/li><li>mgr in\u017c. Tomasz Klapsa<\/li><li>Ma\u0142gorzata Knapczyk<\/li><li>dr in\u017c. Czes\u0142aw Kozio\u0142<\/li><li>dr hab. Krzysztof Kujawa<\/li><li>mgr in\u017c. Karol Kuznowicz<\/li><li>Przemys\u0142aw Mieloch<\/li><li>prof. UE dr hab. Agnieszka Niezgoda<\/li><li>mgr in\u017c. W\u0142odzimierz Pi\u0144czak<\/li><li>mgr in\u017c. Jolanta Ratajczak<\/li><li>prof. UPP dr hab. Jaros\u0142aw Szaban<\/li><\/ol>\n","protected":false},"excerpt":{"rendered":"<p>\u200bZgodnie z Ustaw\u0105 o Ochronie Przyrody z dnia 16 kwietnia (art. 98) cz\u0142onk\u00f3w rady naukowej parku narodowego w liczbie od 10 do 20 na kadencj\u0119 trwaj\u0105c\u0105 5 lat, powo\u0142uje minister w\u0142a\u015bciwy do spraw \u015brodowiska spo\u015br\u00f3d dzia\u0142aj\u0105cych na rzecz ochrony przyrody przedstawicieli nauki, praktyki i organizacji ekologicznych oraz w\u0142a\u015bciwych miejscowo samorz\u0105d\u00f3w wojew\u00f3dzkich i samorz\u0105d\u00f3w gminnych. Do &hellip; <\/p>\n<p class=\"link-more\"><a href=\"https:\/\/archiwum.wielkopolskipn.pl\/en\/rada-naukowa-wpn\/\" class=\"more-link\">Continue reading<span class=\"screen-reader-text\"> &#8220;RADA NAUKOWA WPN&#8221;<\/span><\/a><\/p>\n","protected":false},"author":1,"featured_media":0,"parent":0,"menu_order":0,"comment_status":"closed","ping_status":"closed","template":"","meta":{"ngg_post_thumbnail":0,"footnotes":""},"class_list":["post-1768","page","type-page","status-publish","hentry"],"_links":{"self":[{"href":"https:\/\/archiwum.wielkopolskipn.pl\/en\/wp-json\/wp\/v2\/pages\/1768","targetHints":{"allow":["GET"]}}],"collection":[{"href":"https:\/\/archiwum.wielkopolskipn.pl\/en\/wp-json\/wp\/v2\/pages"}],"about":[{"href":"https:\/\/archiwum.wielkopolskipn.pl\/en\/wp-json\/wp\/v2\/types\/page"}],"author":[{"embeddable":true,"href":"https:\/\/archiwum.wielkopolskipn.pl\/en\/wp-json\/wp\/v2\/users\/1"}],"replies":[{"embeddable":true,"href":"https:\/\/archiwum.wielkopolskipn.pl\/en\/wp-json\/wp\/v2\/comments?post=1768"}],"version-history":[{"count":5,"href":"https:\/\/archiwum.wielkopolskipn.pl\/en\/wp-json\/wp\/v2\/pages\/1768\/revisions"}],"predecessor-version":[{"id":2000,"href":"https:\/\/archiwum.wielkopolskipn.pl\/en\/wp-json\/wp\/v2\/pages\/1768\/revisions\/2000"}],"wp:attachment":[{"href":"https:\/\/archiwum.wielkopolskipn.pl\/en\/wp-json\/wp\/v2\/media?parent=1768"}],"curies":[{"name":"wp","href":"https:\/\/api.w.org\/{rel}","templated":true}]}}