{"id":1195,"date":"2022-06-01T12:41:57","date_gmt":"2022-06-01T10:41:57","guid":{"rendered":"http:\/\/new.wielkopolskipn.pl\/?page_id=1195"},"modified":"2023-02-16T09:19:04","modified_gmt":"2023-02-16T08:19:04","slug":"lesna-szkola-w-jeziorach","status":"publish","type":"page","link":"https:\/\/archiwum.wielkopolskipn.pl\/en\/lesna-szkola-w-jeziorach\/","title":{"rendered":"LE\u015aNA SZKO\u0141A W JEZIORACH"},"content":{"rendered":"\n<div class=\"wp-block-cover is-light\"><span aria-hidden=\"true\" class=\"wp-block-cover__background has-background-dim-0 has-background-dim\"><\/span><img loading=\"lazy\" decoding=\"async\" width=\"1858\" height=\"1467\" class=\"wp-block-cover__image-background wp-image-1576\" alt=\"\" src=\"https:\/\/archiwum.wielkopolskipn.pl\/wp-content\/uploads\/2022\/06\/Lesna-szkola-4_2.jpg\" data-object-fit=\"cover\" srcset=\"https:\/\/archiwum.wielkopolskipn.pl\/wp-content\/uploads\/2022\/06\/Lesna-szkola-4_2.jpg 1858w, https:\/\/archiwum.wielkopolskipn.pl\/wp-content\/uploads\/2022\/06\/Lesna-szkola-4_2-300x237.jpg 300w, https:\/\/archiwum.wielkopolskipn.pl\/wp-content\/uploads\/2022\/06\/Lesna-szkola-4_2-1024x809.jpg 1024w, https:\/\/archiwum.wielkopolskipn.pl\/wp-content\/uploads\/2022\/06\/Lesna-szkola-4_2-768x606.jpg 768w, https:\/\/archiwum.wielkopolskipn.pl\/wp-content\/uploads\/2022\/06\/Lesna-szkola-4_2-1536x1213.jpg 1536w\" sizes=\"auto, (max-width: 767px) 89vw, (max-width: 1000px) 54vw, (max-width: 1071px) 543px, 580px\" \/><div class=\"wp-block-cover__inner-container is-layout-flow wp-block-cover-is-layout-flow\">\n<p class=\"has-text-align-center has-white-color has-black-background-color has-text-color has-background\" style=\"font-size:26px\">LE\u015aNA SZKO\u0141A W JEZIORACH<\/p>\n<\/div><\/div>\n\n\n\n<p><\/p>\n\n\n\n<div class=\"wp-block-media-text alignwide is-stacked-on-mobile\"><figure class=\"wp-block-media-text__media\"><img loading=\"lazy\" decoding=\"async\" width=\"1024\" height=\"683\" src=\"https:\/\/archiwum.wielkopolskipn.pl\/wp-content\/uploads\/2022\/06\/IMG_7492-1024x683.jpg\" alt=\"\" class=\"wp-image-1582 size-full\" srcset=\"https:\/\/archiwum.wielkopolskipn.pl\/wp-content\/uploads\/2022\/06\/IMG_7492-1024x683.jpg 1024w, https:\/\/archiwum.wielkopolskipn.pl\/wp-content\/uploads\/2022\/06\/IMG_7492-300x200.jpg 300w, https:\/\/archiwum.wielkopolskipn.pl\/wp-content\/uploads\/2022\/06\/IMG_7492-768x512.jpg 768w, https:\/\/archiwum.wielkopolskipn.pl\/wp-content\/uploads\/2022\/06\/IMG_7492-1536x1024.jpg 1536w, https:\/\/archiwum.wielkopolskipn.pl\/wp-content\/uploads\/2022\/06\/IMG_7492-2048x1365.jpg 2048w\" sizes=\"auto, (max-width: 767px) 89vw, (max-width: 1000px) 54vw, (max-width: 1071px) 543px, 580px\" \/><\/figure><div class=\"wp-block-media-text__content\">\n<p><strong>Temat \u015bcie\u017cki<\/strong>: Biotyczne i abiotyczne zasoby Wielkopolskiego Parku Narodowego<br><strong>Lokalizacja: <\/strong>Obszar w murze Dyrekcji Wielkopolskiego Parku Narodowego<br><strong>Link do mapy: <\/strong><\/p>\n\n\n\n<p><a href=\"https:\/\/www.google.pl\/maps\/d\/edit?mid=1SD_XtENkovezq1DDNUIz2YYQ52y6BBeZ&#038;usp=sharing\">https:\/\/www.google.pl\/maps\/d\/edit?mid=1SD_XtENkovezq1DDNUIz2YYQ52y6BBeZ&#038;usp=sharing<\/a><\/p>\n\n\n\n<p><br><strong>Parking: <\/strong>Jeziory<br><strong>D\u0142ugo\u015b\u0107 trasy: <\/strong>oko\u0142o<strong> <\/strong>1,2 km<br><strong>Czas przej\u015bcia: <\/strong>oko\u0142o 2h.<\/p>\n<\/div><\/div>\n\n\n\n<p><strong>Opis:<\/strong><\/p>\n\n\n\n<p>Na \u015bcie\u017cce prezentowane s\u0105 tre\u015bci zwi\u0105zane z flor\u0105 i faun\u0105 Wielkopolskiego Parku Narodowego. Dodatkowo z platformy widokowej nad Jeziorem G\u00f3reckim mo\u017cna obserwowa\u0107  efekty dzia\u0142alno\u015bci l\u0105dolodu. Trasa ko\u0144czy si\u0119 w Ogr\u00f3dku Petrograficznym, prezentuj\u0105cym r\u00f3\u017cnorodno\u015b\u0107 g\u0142az\u00f3w polodowcowych.<\/p>\n\n\n\n<p><strong>Przystanki: <\/strong><\/p>\n\n\n\n<div class=\"wp-block-media-text alignwide is-stacked-on-mobile\"><figure class=\"wp-block-media-text__media\"><img loading=\"lazy\" decoding=\"async\" width=\"1024\" height=\"645\" src=\"https:\/\/archiwum.wielkopolskipn.pl\/wp-content\/uploads\/2022\/06\/Dyrekcja_FB-1024x645.jpg\" alt=\"\" class=\"wp-image-1583 size-full\" srcset=\"https:\/\/archiwum.wielkopolskipn.pl\/wp-content\/uploads\/2022\/06\/Dyrekcja_FB-1024x645.jpg 1024w, https:\/\/archiwum.wielkopolskipn.pl\/wp-content\/uploads\/2022\/06\/Dyrekcja_FB-300x189.jpg 300w, https:\/\/archiwum.wielkopolskipn.pl\/wp-content\/uploads\/2022\/06\/Dyrekcja_FB-768x484.jpg 768w, https:\/\/archiwum.wielkopolskipn.pl\/wp-content\/uploads\/2022\/06\/Dyrekcja_FB.jpg 1387w\" sizes=\"auto, (max-width: 767px) 89vw, (max-width: 1000px) 54vw, (max-width: 1071px) 543px, 580px\" \/><\/figure><div class=\"wp-block-media-text__content\">\n<p style=\"font-size:16px\">1.<strong>Siedziba Wielkopolskiego Parku Narodowego. <\/strong>Budynek znajduj\u0105cy si\u0119 w pobli\u017cu rynny jeziora G\u00f3reckiego zosta\u0142 wybudowany w czasie II wojny \u015bwiatowej. Przez lata zmienia\u0142 swe funkcje, by dzi\u015b sta\u0107 si\u0119 siedzib\u0105 Dyrekcji Wielkopolskiego Parku Narodowego. <\/p>\n<\/div><\/div>\n\n\n\n<p>2. <strong>Ro\u015bliny Runa Le\u015bnego. <\/strong>Czy ro\u015bliny mog\u0105 by\u0107 fascynuj\u0105ce? Oczywi\u015bcie, czy to pi\u0119kne i&nbsp;z\u0142o\u017cone kwiaty lilii z\u0142otog\u0142\u00f3w, czy mo\u017ce ro\u015bliny aspektu wiosennego, wszystkie one maj\u0105 do zaoferowania niezwyk\u0142\u0105 histori\u0119. <\/p>\n\n\n\n<p>3. <strong>Podstawowe Gatunki Lasotw\u00f3rcze. <\/strong>Drzewa, l\u0105dowe olbrzymy tworz\u0105ce nasze lasy, s\u0105 nieodzown\u0105 cz\u0119\u015bci\u0105 Wielkopolskiego Parku Narodowego<strong>. <\/strong>Podstawowe gatunki lasotw\u00f3rcze wytwarzaj\u0105 specyficzny mikroklimat w lesie, kreuj\u0105c \u015brodowisko do \u017cycia dla wielu innych organizm\u00f3w. <\/p>\n\n\n\n<div class=\"wp-block-media-text alignwide is-stacked-on-mobile\"><figure class=\"wp-block-media-text__media\"><img loading=\"lazy\" decoding=\"async\" width=\"1024\" height=\"683\" src=\"https:\/\/archiwum.wielkopolskipn.pl\/wp-content\/uploads\/2022\/06\/IMG_7535-1024x683.jpg\" alt=\"\" class=\"wp-image-1588 size-full\" srcset=\"https:\/\/archiwum.wielkopolskipn.pl\/wp-content\/uploads\/2022\/06\/IMG_7535-1024x683.jpg 1024w, https:\/\/archiwum.wielkopolskipn.pl\/wp-content\/uploads\/2022\/06\/IMG_7535-300x200.jpg 300w, https:\/\/archiwum.wielkopolskipn.pl\/wp-content\/uploads\/2022\/06\/IMG_7535-768x512.jpg 768w, https:\/\/archiwum.wielkopolskipn.pl\/wp-content\/uploads\/2022\/06\/IMG_7535-1536x1024.jpg 1536w, https:\/\/archiwum.wielkopolskipn.pl\/wp-content\/uploads\/2022\/06\/IMG_7535-2048x1365.jpg 2048w\" sizes=\"auto, (max-width: 767px) 89vw, (max-width: 1000px) 54vw, (max-width: 1071px) 543px, 580px\" \/><\/figure><div class=\"wp-block-media-text__content\">\n<p>4. <strong>Jak Ro\u015bnie Drzewo? <\/strong>Drzewa,b\u0119d\u0105ce najdoskonalszym tworem w \u015bwiecie ro\u015blin, potrafi\u0105 osi\u0105ga\u0107 imponuj\u0105ce rozmiary. Nale\u017c\u0105 przy tym do najd\u0142u\u017cej \u017cyj\u0105cych organizm\u00f3w w przyrodzie. Wszystkie te cechy zawdzi\u0119czaj\u0105 swojej specyficznej budowie.<\/p>\n<\/div><\/div>\n\n\n\n<p><\/p>\n\n\n\n<p>5.<strong>\u201eObce\u201d Gatunki Drzew w Parku. <\/strong>Przekszta\u0142canie sk\u0142adu gatunkowego las\u00f3w widoczne jest r\u00f3wnie\u017c w Wielkopolskim Parku Narodowym, gdzie spotka\u0107 mo\u017cna gatunki drzew rosn\u0105ce naturalnie m.in. w Ameryce P\u00f3\u0142nocnej, a sprowadzone do Wielkopolski przez cz\u0142owieka. Dzia\u0142ania pracownik\u00f3w Parku prowadz\u0105 do powrotu sk\u0142ad\u00f3w gatunkowych drzewostan\u00f3w do ich naturalnego charakteru, w procesie nazywanym przebudow\u0105 drzewostanu.<\/p>\n\n\n\n<p>6. <strong>B\u00f3br Europejski. <\/strong>Najwi\u0119kszy europejski gryzo\u0144, symbol Wigierskiego Parku Narodowego oraz utalentowany hydrotechnik. Jako jedyny w Polsce przedstawiciel kr\u00f3lestwa zwierz\u0105t, poza cz\u0142owiekiem, potrafi przekszta\u0142ca\u0107 \u015brodowisko wed\u0142ug w\u0142asnych potrzeb.&nbsp;<\/p>\n\n\n\n<div class=\"wp-block-media-text alignwide is-stacked-on-mobile\"><figure class=\"wp-block-media-text__media\"><img loading=\"lazy\" decoding=\"async\" width=\"1024\" height=\"683\" src=\"https:\/\/archiwum.wielkopolskipn.pl\/wp-content\/uploads\/2022\/06\/Goreckie_JW-1024x683.jpg\" alt=\"\" class=\"wp-image-1602 size-large\" srcset=\"https:\/\/archiwum.wielkopolskipn.pl\/wp-content\/uploads\/2022\/06\/Goreckie_JW-1024x683.jpg 1024w, https:\/\/archiwum.wielkopolskipn.pl\/wp-content\/uploads\/2022\/06\/Goreckie_JW-300x200.jpg 300w, https:\/\/archiwum.wielkopolskipn.pl\/wp-content\/uploads\/2022\/06\/Goreckie_JW-768x512.jpg 768w, https:\/\/archiwum.wielkopolskipn.pl\/wp-content\/uploads\/2022\/06\/Goreckie_JW-1536x1024.jpg 1536w, https:\/\/archiwum.wielkopolskipn.pl\/wp-content\/uploads\/2022\/06\/Goreckie_JW-2048x1365.jpg 2048w\" sizes=\"auto, (max-width: 767px) 89vw, (max-width: 1000px) 54vw, (max-width: 1071px) 543px, 580px\" \/><\/figure><div class=\"wp-block-media-text__content\">\n<p style=\"font-size:16px\">7.<strong>Jezioro G\u00f3reckie.&nbsp; <\/strong>Najg\u0142\u0119bszy zbiornik wodny parku. Le\u017c\u0105ce w jednej z trzech rynien polodowcowych jezioro jest doskona\u0142ym dowodem \u015bwiadcz\u0105cym o dzia\u0142alno\u015bci l\u0105dolodu na tych terenach.&nbsp; Opr\u00f3cz zr\u00f3\u017cnicowanej linii brzegowej na jeziorze zaobserwowa\u0107 mo\u017cna r\u00f3wnie\u017c dwie wyspy: Zamkow\u0105 i Kopczysko.<\/p>\n<\/div><\/div>\n\n\n\n<div class=\"wp-block-media-text alignwide is-stacked-on-mobile\"><figure class=\"wp-block-media-text__media\"><img loading=\"lazy\" decoding=\"async\" width=\"1024\" height=\"577\" src=\"https:\/\/archiwum.wielkopolskipn.pl\/wp-content\/uploads\/2022\/06\/Zamek-1024x577.jpg\" alt=\"\" class=\"wp-image-1600 size-full\" srcset=\"https:\/\/archiwum.wielkopolskipn.pl\/wp-content\/uploads\/2022\/06\/Zamek-1024x577.jpg 1024w, https:\/\/archiwum.wielkopolskipn.pl\/wp-content\/uploads\/2022\/06\/Zamek-300x169.jpg 300w, https:\/\/archiwum.wielkopolskipn.pl\/wp-content\/uploads\/2022\/06\/Zamek-768x433.jpg 768w, https:\/\/archiwum.wielkopolskipn.pl\/wp-content\/uploads\/2022\/06\/Zamek-1536x865.jpg 1536w, https:\/\/archiwum.wielkopolskipn.pl\/wp-content\/uploads\/2022\/06\/Zamek-2048x1154.jpg 2048w\" sizes=\"auto, (max-width: 767px) 89vw, (max-width: 1000px) 54vw, (max-width: 1071px) 543px, 580px\" \/><\/figure><div class=\"wp-block-media-text__content\">\n<p style=\"font-size:16px\">8. <strong>Wyspa Zamkowa Na Jeziorze G\u00f3reckim. <\/strong>Polodowcowy kem, jakim jest Wyspa Zamkowa, fascynuje swoimi walorami historyczno-kulturowymi. Znale\u017a\u0107 mo\u017cna tam ruiny zamku, kt\u00f3ry zosta\u0142 wybudowany dla Klaudyny Potockiej, w prezencie \u015blubnym przez jej brata Tytusa Dzia\u0142y\u0144skiego. <strong>Wyspa nie jest udost\u0119pniona do zwiedzania<\/strong>.<\/p>\n\n\n\n<p><\/p>\n<\/div><\/div>\n\n\n\n<div class=\"wp-block-media-text alignwide is-stacked-on-mobile\"><figure class=\"wp-block-media-text__media\"><img loading=\"lazy\" decoding=\"async\" width=\"1024\" height=\"683\" src=\"https:\/\/archiwum.wielkopolskipn.pl\/wp-content\/uploads\/2022\/06\/IMG_7607-1024x683.jpg\" alt=\"\" class=\"wp-image-1594 size-full\" srcset=\"https:\/\/archiwum.wielkopolskipn.pl\/wp-content\/uploads\/2022\/06\/IMG_7607-1024x683.jpg 1024w, https:\/\/archiwum.wielkopolskipn.pl\/wp-content\/uploads\/2022\/06\/IMG_7607-300x200.jpg 300w, https:\/\/archiwum.wielkopolskipn.pl\/wp-content\/uploads\/2022\/06\/IMG_7607-768x512.jpg 768w, https:\/\/archiwum.wielkopolskipn.pl\/wp-content\/uploads\/2022\/06\/IMG_7607-1536x1024.jpg 1536w, https:\/\/archiwum.wielkopolskipn.pl\/wp-content\/uploads\/2022\/06\/IMG_7607-2048x1365.jpg 2048w\" sizes=\"auto, (max-width: 767px) 89vw, (max-width: 1000px) 54vw, (max-width: 1071px) 543px, 580px\" \/><\/figure><div class=\"wp-block-media-text__content\">\n<p><strong>Dodatkowe informacje:<\/strong><br>Istnieje mo\u017cliwo\u015b\u0107 zakupienia przewodnika do \u015bcie\u017cki. Szczeg\u00f3\u0142owa oferta dla grup zorganizowanych znajduje si\u0119 w zak\u0142adce EDUKACJA. Zaj\u0119cia o charakterze p\u0119tlowym \u2013 rozpoczynaj\u0105 si\u0119 i ko\u0144cz\u0105 w jednym miejscu.<\/p>\n<\/div><\/div>\n\n\n\n<p><\/p>\n","protected":false},"excerpt":{"rendered":"<p>Temat \u015bcie\u017cki: Biotyczne i abiotyczne zasoby Wielkopolskiego Parku NarodowegoLokalizacja: Obszar w murze Dyrekcji Wielkopolskiego Parku NarodowegoLink do mapy: https:\/\/www.google.pl\/maps\/d\/edit?mid=1SD_XtENkovezq1DDNUIz2YYQ52y6BBeZ&#038;usp=sharing Parking: JezioryD\u0142ugo\u015b\u0107 trasy: oko\u0142o 1,2 kmCzas przej\u015bcia: oko\u0142o 2h. Opis: Na \u015bcie\u017cce prezentowane s\u0105 tre\u015bci zwi\u0105zane z flor\u0105 i faun\u0105 Wielkopolskiego Parku Narodowego. Dodatkowo z platformy widokowej nad Jeziorem G\u00f3reckim mo\u017cna obserwowa\u0107 efekty dzia\u0142alno\u015bci l\u0105dolodu. Trasa &hellip; <\/p>\n<p class=\"link-more\"><a href=\"https:\/\/archiwum.wielkopolskipn.pl\/en\/lesna-szkola-w-jeziorach\/\" class=\"more-link\">Continue reading<span class=\"screen-reader-text\"> &#8220;LE\u015aNA SZKO\u0141A W JEZIORACH&#8221;<\/span><\/a><\/p>\n","protected":false},"author":1,"featured_media":0,"parent":0,"menu_order":0,"comment_status":"closed","ping_status":"closed","template":"","meta":{"ngg_post_thumbnail":0,"footnotes":""},"class_list":["post-1195","page","type-page","status-publish","hentry"],"_links":{"self":[{"href":"https:\/\/archiwum.wielkopolskipn.pl\/en\/wp-json\/wp\/v2\/pages\/1195","targetHints":{"allow":["GET"]}}],"collection":[{"href":"https:\/\/archiwum.wielkopolskipn.pl\/en\/wp-json\/wp\/v2\/pages"}],"about":[{"href":"https:\/\/archiwum.wielkopolskipn.pl\/en\/wp-json\/wp\/v2\/types\/page"}],"author":[{"embeddable":true,"href":"https:\/\/archiwum.wielkopolskipn.pl\/en\/wp-json\/wp\/v2\/users\/1"}],"replies":[{"embeddable":true,"href":"https:\/\/archiwum.wielkopolskipn.pl\/en\/wp-json\/wp\/v2\/comments?post=1195"}],"version-history":[{"count":14,"href":"https:\/\/archiwum.wielkopolskipn.pl\/en\/wp-json\/wp\/v2\/pages\/1195\/revisions"}],"predecessor-version":[{"id":2489,"href":"https:\/\/archiwum.wielkopolskipn.pl\/en\/wp-json\/wp\/v2\/pages\/1195\/revisions\/2489"}],"wp:attachment":[{"href":"https:\/\/archiwum.wielkopolskipn.pl\/en\/wp-json\/wp\/v2\/media?parent=1195"}],"curies":[{"name":"wp","href":"https:\/\/api.w.org\/{rel}","templated":true}]}}