{"id":1190,"date":"2022-06-01T12:40:20","date_gmt":"2022-06-01T10:40:20","guid":{"rendered":"http:\/\/new.wielkopolskipn.pl\/?page_id=1190"},"modified":"2023-02-16T09:17:36","modified_gmt":"2023-02-16T08:17:36","slug":"nadwarcianska-sciezka-dydaktyczna","status":"publish","type":"page","link":"https:\/\/archiwum.wielkopolskipn.pl\/en\/nadwarcianska-sciezka-dydaktyczna\/","title":{"rendered":"NADWARCIA\u0143SKA \u015aCIE\u017bKA DYDAKTYCZNA"},"content":{"rendered":"\n<div class=\"wp-block-cover\"><span aria-hidden=\"true\" class=\"wp-block-cover__background has-background-dim-0 has-background-dim\"><\/span><img loading=\"lazy\" decoding=\"async\" width=\"2560\" height=\"1920\" class=\"wp-block-cover__image-background wp-image-1356\" alt=\"\" src=\"https:\/\/archiwum.wielkopolskipn.pl\/wp-content\/uploads\/2022\/06\/Nadwarcianska2_JW.jpg\" data-object-fit=\"cover\" srcset=\"https:\/\/archiwum.wielkopolskipn.pl\/wp-content\/uploads\/2022\/06\/Nadwarcianska2_JW.jpg 2560w, https:\/\/archiwum.wielkopolskipn.pl\/wp-content\/uploads\/2022\/06\/Nadwarcianska2_JW-300x225.jpg 300w, https:\/\/archiwum.wielkopolskipn.pl\/wp-content\/uploads\/2022\/06\/Nadwarcianska2_JW-1024x768.jpg 1024w, https:\/\/archiwum.wielkopolskipn.pl\/wp-content\/uploads\/2022\/06\/Nadwarcianska2_JW-768x576.jpg 768w, https:\/\/archiwum.wielkopolskipn.pl\/wp-content\/uploads\/2022\/06\/Nadwarcianska2_JW-1536x1152.jpg 1536w, https:\/\/archiwum.wielkopolskipn.pl\/wp-content\/uploads\/2022\/06\/Nadwarcianska2_JW-2048x1536.jpg 2048w\" sizes=\"auto, (max-width: 767px) 89vw, (max-width: 1000px) 54vw, (max-width: 1071px) 543px, 580px\" \/><div class=\"wp-block-cover__inner-container is-layout-flow wp-block-cover-is-layout-flow\">\n<p class=\"has-text-align-center has-white-color has-black-background-color has-text-color has-background has-medium-font-size\">NADWARCIA\u0143SKA \u015aCIE\u017bKA DYDAKTYCZNA<\/p>\n<\/div><\/div>\n\n\n\n<p><\/p>\n\n\n\n<div class=\"wp-block-media-text alignwide is-stacked-on-mobile\"><figure class=\"wp-block-media-text__media\"><img loading=\"lazy\" decoding=\"async\" width=\"1024\" height=\"683\" src=\"https:\/\/archiwum.wielkopolskipn.pl\/wp-content\/uploads\/2022\/06\/Katnik-JW-1024x683.jpg\" alt=\"\" class=\"wp-image-1374 size-full\" srcset=\"https:\/\/archiwum.wielkopolskipn.pl\/wp-content\/uploads\/2022\/06\/Katnik-JW-1024x683.jpg 1024w, https:\/\/archiwum.wielkopolskipn.pl\/wp-content\/uploads\/2022\/06\/Katnik-JW-300x200.jpg 300w, https:\/\/archiwum.wielkopolskipn.pl\/wp-content\/uploads\/2022\/06\/Katnik-JW-768x512.jpg 768w, https:\/\/archiwum.wielkopolskipn.pl\/wp-content\/uploads\/2022\/06\/Katnik-JW-1536x1024.jpg 1536w, https:\/\/archiwum.wielkopolskipn.pl\/wp-content\/uploads\/2022\/06\/Katnik-JW-2048x1365.jpg 2048w\" sizes=\"auto, (max-width: 767px) 89vw, (max-width: 1000px) 54vw, (max-width: 1071px) 543px, 580px\" \/><\/figure><div class=\"wp-block-media-text__content\">\n<div class=\"wp-block-group is-vertical is-layout-flex wp-container-core-group-is-layout-8cf370e7 wp-block-group-is-layout-flex\">\n<p><strong>Temat \u015bcie\u017cki:<\/strong> Rzeka, jako element proces\u00f3w przyrodniczych<\/p>\n\n\n\n<p><strong>Lokalizacja: <\/strong>Dworzec w Puszczykowie &#8211; K\u0105tnik<\/p>\n\n\n\n<p><strong>Link do mapy: <\/strong><\/p>\n\n\n\n<p><a href=\"https:\/\/www.google.com\/maps\/d\/edit?mid=1rfDImld9UHc_86-6i4L577dvVQKcAWs&#038;usp=sharing\">https:\/\/www.google.com\/maps\/d\/edit?mid=1rfDImld9UHc_86-6i4L577dvVQKcAWs&#038;usp=sharing<\/a><\/p>\n\n\n\n<p><strong>Parking:<\/strong> Parking w Puszczykowie oraz parking le\u015bny przy dworcu w K\u0105tniku<\/p>\n\n\n\n<p><strong>D\u0142ugo\u015b\u0107 trasy:<\/strong> 5,5 km<\/p>\n\n\n\n<p><strong>Czas przej\u015bcia: <\/strong>3,5 h<\/p>\n<\/div>\n<\/div><\/div>\n\n\n\n<p><strong>Opis:<\/strong><\/p>\n\n\n\n<p>Malownicza trasa przebiegaj\u0105ca wzd\u0142u\u017c brzeg\u00f3w koryta Warty, ukazuje pe\u0142n\u0105 gam\u0119 r\u00f3\u017cnorodnych siedlisk przyrodniczych. Od \u0142\u0119g\u00f3w topolowo-wierzbowych po bory sosnowe. Zaobserwowa\u0107 tutaj mo\u017cna krajobrazotw\u00f3rcz\u0105  rol\u0119 rzeki poprzez zmian\u0119 koryta i pozostawiania starorzeczy, jako nowych eutroficznych siedlisk.&nbsp; Na trasie widoczne s\u0105 r\u00f3wnie\u017c negatywne efekty, zagra\u017caj\u0105ce przyrodzie WPN przez pobliskie osadnictwo, otaczaj\u0105ce z ka\u017cdej strony Park.<\/p>\n\n\n\n<p><strong>Przystanki:<\/strong><\/p>\n\n\n\n<div class=\"wp-block-media-text alignwide is-stacked-on-mobile\"><figure class=\"wp-block-media-text__media\"><img loading=\"lazy\" decoding=\"async\" width=\"1024\" height=\"683\" src=\"https:\/\/archiwum.wielkopolskipn.pl\/wp-content\/uploads\/2022\/06\/sosny2IMG_6348-1024x683.jpg\" alt=\"\" class=\"wp-image-1402 size-full\" srcset=\"https:\/\/archiwum.wielkopolskipn.pl\/wp-content\/uploads\/2022\/06\/sosny2IMG_6348-1024x683.jpg 1024w, https:\/\/archiwum.wielkopolskipn.pl\/wp-content\/uploads\/2022\/06\/sosny2IMG_6348-300x200.jpg 300w, https:\/\/archiwum.wielkopolskipn.pl\/wp-content\/uploads\/2022\/06\/sosny2IMG_6348-768x512.jpg 768w, https:\/\/archiwum.wielkopolskipn.pl\/wp-content\/uploads\/2022\/06\/sosny2IMG_6348-1536x1024.jpg 1536w, https:\/\/archiwum.wielkopolskipn.pl\/wp-content\/uploads\/2022\/06\/sosny2IMG_6348-2048x1365.jpg 2048w\" sizes=\"auto, (max-width: 767px) 89vw, (max-width: 1000px) 54vw, (max-width: 1071px) 543px, 580px\" \/><\/figure><div class=\"wp-block-media-text__content\">\n<p style=\"font-size:16px\"><strong>1.Pomnikowy drzewostan sosnowy<\/strong>. Sosna, b\u0119d\u0105ca najbardziej pospolitym gatunkiem drzewiastym w Polsce, nie dorasta w lasach gospodarczych do tak okaza\u0142ych rozmiar\u00f3w, jak na terenach Wielkopolskiego Parku Narodowego.<\/p>\n<\/div><\/div>\n\n\n\n<p><strong>2 <strong>Warta I. <\/strong><\/strong>Jedna z trzech najbardziej rozpoznawalnych rzek polski. Chod\u017a najcz\u0119\u015bciej kojarzona z regionem Wielkopolski, sw\u00f3j bieg rozpoczyna na Wy\u017cynie Krakowsko-Cz\u0119stochowskiej.<\/p>\n\n\n\n<p><strong>3.Warta II. <\/strong>Obserwuj\u0105c bieg rzeki, warto przyjrze\u0107 si\u0119 jej erozyjnej dzia\u0142alno\u015bci. Kszta\u0142t doliny podlega dzia\u0142alno\u015bci akumulacyjnej i erozyjnej w\u00f3d Warty.<\/p>\n\n\n\n<div class=\"wp-block-media-text alignwide is-stacked-on-mobile\"><figure class=\"wp-block-media-text__media\"><img loading=\"lazy\" decoding=\"async\" width=\"1024\" height=\"683\" src=\"https:\/\/archiwum.wielkopolskipn.pl\/wp-content\/uploads\/2022\/06\/Bobry_JW-1024x683.jpg\" alt=\"\" class=\"wp-image-1403 size-full\" srcset=\"https:\/\/archiwum.wielkopolskipn.pl\/wp-content\/uploads\/2022\/06\/Bobry_JW-1024x683.jpg 1024w, https:\/\/archiwum.wielkopolskipn.pl\/wp-content\/uploads\/2022\/06\/Bobry_JW-300x200.jpg 300w, https:\/\/archiwum.wielkopolskipn.pl\/wp-content\/uploads\/2022\/06\/Bobry_JW-768x512.jpg 768w, https:\/\/archiwum.wielkopolskipn.pl\/wp-content\/uploads\/2022\/06\/Bobry_JW-1536x1024.jpg 1536w, https:\/\/archiwum.wielkopolskipn.pl\/wp-content\/uploads\/2022\/06\/Bobry_JW-2048x1365.jpg 2048w\" sizes=\"auto, (max-width: 767px) 89vw, (max-width: 1000px) 54vw, (max-width: 1071px) 543px, 580px\" \/><\/figure><div class=\"wp-block-media-text__content\">\n<p style=\"font-size:16px\"><strong>4.\u015alady bobra. <\/strong>Przy korycie Warty widoczne s\u0105 powalone pnie drzew b\u0119d\u0105ce \u015bladami \u017cerowania bobr\u00f3w. Przypominaj\u0105 nam one o niezwyk\u0142ych zachowaniach bobr\u00f3w, najwi\u0119kszych spo\u015br\u00f3d europejskich gryzoni.<\/p>\n<\/div><\/div>\n\n\n\n<p>5. <strong>Ptasie \u0142owisko. <\/strong>Warta przyci\u0105ga do swojego koryta wiele gatunk\u00f3w ptak\u00f3w. Wykorzystuj\u0105 one ostrogi wygrzewaj\u0105c si\u0119 oraz poluj\u0105c na inne zwierz\u0119ta wodne.<\/p>\n\n\n\n<div class=\"wp-block-media-text alignwide is-stacked-on-mobile\"><figure class=\"wp-block-media-text__media\"><img loading=\"lazy\" decoding=\"async\" width=\"1024\" height=\"678\" src=\"https:\/\/archiwum.wielkopolskipn.pl\/wp-content\/uploads\/2022\/06\/Wirynka-1024x678.jpg\" alt=\"\" class=\"wp-image-1408 size-full\" srcset=\"https:\/\/archiwum.wielkopolskipn.pl\/wp-content\/uploads\/2022\/06\/Wirynka-1024x678.jpg 1024w, https:\/\/archiwum.wielkopolskipn.pl\/wp-content\/uploads\/2022\/06\/Wirynka-300x199.jpg 300w, https:\/\/archiwum.wielkopolskipn.pl\/wp-content\/uploads\/2022\/06\/Wirynka-768x509.jpg 768w, https:\/\/archiwum.wielkopolskipn.pl\/wp-content\/uploads\/2022\/06\/Wirynka-1536x1017.jpg 1536w, https:\/\/archiwum.wielkopolskipn.pl\/wp-content\/uploads\/2022\/06\/Wirynka-2048x1356.jpg 2048w\" sizes=\"auto, (max-width: 767px) 89vw, (max-width: 1000px) 54vw, (max-width: 1071px) 543px, 580px\" \/><\/figure><div class=\"wp-block-media-text__content\">\n<p style=\"font-size:16px\"><strong>6<\/strong>. <strong>Wirynka. <\/strong>Niewielki lewobrze\u017cny dop\u0142yw Warty, b\u0119d\u0105cy \u015bwiadectwem negatywnego oddzia\u0142ywania lokalnej ludno\u015bci na przyrod\u0119 Wielkopolskiego Parku Narodowego.<\/p>\n<\/div><\/div>\n\n\n\n<p><strong>7<\/strong>. <strong>Pomnikowa sosna. <\/strong>W\u015br\u00f3d drzew rosn\u0105cych wzd\u0142u\u017c trasy znajduje si\u0119 jeden pomnik przyrody. Jest to sosna pospolita, kt\u00f3ra zosta\u0142a obj\u0119ta t\u0105 form\u0105 ochrony przyrody ju\u017c w 1965 r., zachwycaj\u0105c swoim nietypowym wygl\u0105dem.&nbsp;<\/p>\n\n\n\n<p><strong>8.Starorzecze. <\/strong>Obszar obj\u0119ty ochron\u0105 \u015bcis\u0142\u0105 prezentuj\u0105cy dawne koryto rzeki Warty. Eutroficzne zbiorniki w kszta\u0142cie \u0142ukowatych wst\u0119g s\u0105 zalewane okresowo, przez pochodz\u0105ce z Warty wiosenne wody roztopowe, stanowi\u0105c ostoj\u0119 biologicznej r\u00f3\u017cnorodno\u015bci.<\/p>\n\n\n\n<p><strong>9.Warta III. <\/strong>Rzeki charakteryzuj\u0105 si\u0119 wieloma specyficznymi cechami. Pr\u0105d rzeczny powoduje, \u017ce martwa materia organiczna nie spada swobodnie na dno, lecz jest przenoszona w g\u0142\u0105b rzeki i osadzana na brzegach.<\/p>\n\n\n\n<div class=\"wp-block-media-text alignwide is-stacked-on-mobile\"><figure class=\"wp-block-media-text__media\"><img loading=\"lazy\" decoding=\"async\" width=\"1024\" height=\"567\" src=\"https:\/\/archiwum.wielkopolskipn.pl\/wp-content\/uploads\/2022\/06\/Nadwarcianska_dron_KN-1-1024x567.jpg\" alt=\"\" class=\"wp-image-1413 size-full\" srcset=\"https:\/\/archiwum.wielkopolskipn.pl\/wp-content\/uploads\/2022\/06\/Nadwarcianska_dron_KN-1-1024x567.jpg 1024w, https:\/\/archiwum.wielkopolskipn.pl\/wp-content\/uploads\/2022\/06\/Nadwarcianska_dron_KN-1-300x166.jpg 300w, https:\/\/archiwum.wielkopolskipn.pl\/wp-content\/uploads\/2022\/06\/Nadwarcianska_dron_KN-1-768x426.jpg 768w, https:\/\/archiwum.wielkopolskipn.pl\/wp-content\/uploads\/2022\/06\/Nadwarcianska_dron_KN-1-1536x851.jpg 1536w, https:\/\/archiwum.wielkopolskipn.pl\/wp-content\/uploads\/2022\/06\/Nadwarcianska_dron_KN-1-2048x1135.jpg 2048w\" sizes=\"auto, (max-width: 767px) 89vw, (max-width: 1000px) 54vw, (max-width: 1071px) 543px, 580px\" \/><\/figure><div class=\"wp-block-media-text__content\">\n<p><strong>Dodatkowe informacje:<\/strong><\/p>\n\n\n\n<p>Ze wzgl\u0119du na charakter \u015bcie\u017cki (trasy rowerowe) na trasie brak tablic informacyjnych odnosz\u0105cych si\u0119 do poszczeg\u00f3lnych punkt\u00f3w \u015bcie\u017cki. Istnieje mo\u017cliwo\u015b\u0107 zakupienia przewodnika do \u015bcie\u017cki.<\/p>\n<\/div><\/div>\n","protected":false},"excerpt":{"rendered":"<p>Opis: Malownicza trasa przebiegaj\u0105ca wzd\u0142u\u017c brzeg\u00f3w koryta Warty, ukazuje pe\u0142n\u0105 gam\u0119 r\u00f3\u017cnorodnych siedlisk przyrodniczych. Od \u0142\u0119g\u00f3w topolowo-wierzbowych po bory sosnowe. Zaobserwowa\u0107 tutaj mo\u017cna krajobrazotw\u00f3rcz\u0105 rol\u0119 rzeki poprzez zmian\u0119 koryta i pozostawiania starorzeczy, jako nowych eutroficznych siedlisk.&nbsp; Na trasie widoczne s\u0105 r\u00f3wnie\u017c negatywne efekty, zagra\u017caj\u0105ce przyrodzie WPN przez pobliskie osadnictwo, otaczaj\u0105ce z ka\u017cdej strony Park. Przystanki: &hellip; <\/p>\n<p class=\"link-more\"><a href=\"https:\/\/archiwum.wielkopolskipn.pl\/en\/nadwarcianska-sciezka-dydaktyczna\/\" class=\"more-link\">Continue reading<span class=\"screen-reader-text\"> &#8220;NADWARCIA\u0143SKA \u015aCIE\u017bKA DYDAKTYCZNA&#8221;<\/span><\/a><\/p>\n","protected":false},"author":1,"featured_media":0,"parent":0,"menu_order":0,"comment_status":"closed","ping_status":"closed","template":"","meta":{"ngg_post_thumbnail":0,"footnotes":""},"class_list":["post-1190","page","type-page","status-publish","hentry"],"_links":{"self":[{"href":"https:\/\/archiwum.wielkopolskipn.pl\/en\/wp-json\/wp\/v2\/pages\/1190","targetHints":{"allow":["GET"]}}],"collection":[{"href":"https:\/\/archiwum.wielkopolskipn.pl\/en\/wp-json\/wp\/v2\/pages"}],"about":[{"href":"https:\/\/archiwum.wielkopolskipn.pl\/en\/wp-json\/wp\/v2\/types\/page"}],"author":[{"embeddable":true,"href":"https:\/\/archiwum.wielkopolskipn.pl\/en\/wp-json\/wp\/v2\/users\/1"}],"replies":[{"embeddable":true,"href":"https:\/\/archiwum.wielkopolskipn.pl\/en\/wp-json\/wp\/v2\/comments?post=1190"}],"version-history":[{"count":15,"href":"https:\/\/archiwum.wielkopolskipn.pl\/en\/wp-json\/wp\/v2\/pages\/1190\/revisions"}],"predecessor-version":[{"id":2488,"href":"https:\/\/archiwum.wielkopolskipn.pl\/en\/wp-json\/wp\/v2\/pages\/1190\/revisions\/2488"}],"wp:attachment":[{"href":"https:\/\/archiwum.wielkopolskipn.pl\/en\/wp-json\/wp\/v2\/media?parent=1190"}],"curies":[{"name":"wp","href":"https:\/\/api.w.org\/{rel}","templated":true}]}}