{"id":1185,"date":"2022-06-01T12:36:24","date_gmt":"2022-06-01T10:36:24","guid":{"rendered":"http:\/\/new.wielkopolskipn.pl\/?page_id=1185"},"modified":"2023-02-09T12:19:02","modified_gmt":"2023-02-09T11:19:02","slug":"wokol-starej-wiezy","status":"publish","type":"page","link":"https:\/\/archiwum.wielkopolskipn.pl\/en\/wokol-starej-wiezy\/","title":{"rendered":"WOK\u00d3\u0141 STAREJ WIE\u017bY"},"content":{"rendered":"\n<div class=\"wp-block-cover is-light\"><span aria-hidden=\"true\" class=\"wp-block-cover__background has-background-dim-0 has-background-dim\"><\/span><img loading=\"lazy\" decoding=\"async\" width=\"2560\" height=\"1696\" class=\"wp-block-cover__image-background wp-image-1324\" alt=\"\" src=\"https:\/\/archiwum.wielkopolskipn.pl\/wp-content\/uploads\/2022\/06\/Stara-wieza-scaled.jpg\" data-object-fit=\"cover\" srcset=\"https:\/\/archiwum.wielkopolskipn.pl\/wp-content\/uploads\/2022\/06\/Stara-wieza-scaled.jpg 2560w, https:\/\/archiwum.wielkopolskipn.pl\/wp-content\/uploads\/2022\/06\/Stara-wieza-300x199.jpg 300w, https:\/\/archiwum.wielkopolskipn.pl\/wp-content\/uploads\/2022\/06\/Stara-wieza-1024x678.jpg 1024w, https:\/\/archiwum.wielkopolskipn.pl\/wp-content\/uploads\/2022\/06\/Stara-wieza-768x509.jpg 768w, https:\/\/archiwum.wielkopolskipn.pl\/wp-content\/uploads\/2022\/06\/Stara-wieza-1536x1017.jpg 1536w, https:\/\/archiwum.wielkopolskipn.pl\/wp-content\/uploads\/2022\/06\/Stara-wieza-2048x1356.jpg 2048w\" sizes=\"auto, (max-width: 767px) 89vw, (max-width: 1000px) 54vw, (max-width: 1071px) 543px, 580px\" \/><div class=\"wp-block-cover__inner-container is-layout-flow wp-block-cover-is-layout-flow\">\n<p class=\"has-text-align-center has-white-color has-black-background-color has-text-color has-background has-medium-font-size\">WOK\u00d3\u0141 STAREJ WIE\u017bY<\/p>\n<\/div><\/div>\n\n\n\n<p><\/p>\n\n\n\n<div class=\"wp-block-media-text alignwide is-stacked-on-mobile\"><figure class=\"wp-block-media-text__media\"><img loading=\"lazy\" decoding=\"async\" width=\"1024\" height=\"678\" src=\"https:\/\/archiwum.wielkopolskipn.pl\/wp-content\/uploads\/2022\/06\/Witacz-1024x678.jpg\" alt=\"\" class=\"wp-image-1339 size-full\" srcset=\"https:\/\/archiwum.wielkopolskipn.pl\/wp-content\/uploads\/2022\/06\/Witacz-1024x678.jpg 1024w, https:\/\/archiwum.wielkopolskipn.pl\/wp-content\/uploads\/2022\/06\/Witacz-300x199.jpg 300w, https:\/\/archiwum.wielkopolskipn.pl\/wp-content\/uploads\/2022\/06\/Witacz-768x509.jpg 768w, https:\/\/archiwum.wielkopolskipn.pl\/wp-content\/uploads\/2022\/06\/Witacz-1536x1017.jpg 1536w, https:\/\/archiwum.wielkopolskipn.pl\/wp-content\/uploads\/2022\/06\/Witacz-2048x1356.jpg 2048w\" sizes=\"auto, (max-width: 767px) 89vw, (max-width: 1000px) 54vw, (max-width: 1071px) 543px, 580px\" \/><\/figure><div class=\"wp-block-media-text__content\">\n<div class=\"wp-block-group is-vertical is-layout-flex wp-container-core-group-is-layout-8cf370e7 wp-block-group-is-layout-flex\">\n<p><strong>Temat \u015bcie\u017cki<\/strong>: Ekosystemy Wielkopolskiego Parku Narodowego<\/p>\n\n\n\n<p><strong>Lokalizacja:<\/strong> Szreniawa<\/p>\n\n\n\n<p><strong>Link do mapy:<\/strong> <\/p>\n\n\n\n<p><a href=\"https:\/\/www.google.pl\/maps\/d\/edit?mid=1qmlkFZNUy6TpuGxQ3X4OuHHIdyXyAh0&#038;usp=sharing\">https:\/\/www.google.pl\/maps\/d\/edit?mid=1qmlkFZNUy6TpuGxQ3X4OuHHIdyXyAh0&#038;usp=sharing<\/a><\/p>\n\n\n\n<p><strong>Parking:<\/strong> Parking le\u015bny w Szreniawie<\/p>\n\n\n\n<p><strong>D\u0142ugo\u015b\u0107 trasy<\/strong>: 1,2km<\/p>\n\n\n\n<p><strong>Czas przej\u015bcia: <\/strong>ok. 1 h<\/p>\n<\/div>\n<\/div><\/div>\n\n\n\n<p><strong>Opis: <\/strong>Podczas przej\u015bcia na \u015bcie\u017cce dydaktycznej Wok\u00f3\u0142 Starej Wie\u017cy uczestnicy uzyskaj\u0105 wiedz\u0119 na temat r\u00f3\u017cnorodno\u015bci ekosystem\u00f3w Wielkopolskiego Parku Narodowego. Poznaj\u0105 te\u017c problemy ochrony przyrody, szczeg\u00f3lnie te zwi\u0105zane z Uroczyskiem Krypel, a tak\u017ce specyfik\u0119 rze\u017aby tego terenu.<\/p>\n\n\n\n<p><strong>Przystanki:<\/strong><\/p>\n\n\n\n<ol class=\"wp-block-list\" type=\"1\">\n<li><strong>Krajobrazy Wielkopolskiego Parku Narodowego. <\/strong>Charakterystyczna dla krajobrazu Wielkopolskiego Parku Narodowego jest mozaika polno-le\u015bna, kt\u00f3ra wraz z licznymi jeziorami tworzy nisze ekologiczne dla wyst\u0119puj\u0105cych tu organizm\u00f3w.<\/li>\n\n\n\n<li><strong>Ekoton. <\/strong>Jest to strefa buforowa tworz\u0105ca granice pomi\u0119dzy ekosystemami. Przyk\u0142adem jest okrajek, kt\u00f3ry chroni wn\u0119trze lasu przed zmianami nas\u0142onecznienia oraz wilgotno\u015bci, a tak\u017ce jest biotopem, czyli siedliskiem, dla wielu gatunk\u00f3w ro\u015blin, cz\u0119sto rzadkich i obj\u0119tych ochron\u0105, o specyficznych wymaganiach.<\/li>\n\n\n\n<li><strong>Ekosystemy naturalne i sztuczne. <\/strong>Pag\u00f3rek, po kt\u00f3rym przebiega \u015bcie\u017cka jest pokryty lasem \u2013 przyk\u0142adem ekosystemu naturalnego, a w ramach ochrony przyrody chroniona jest r\u00f3\u017cnorodno\u015b\u0107 biologiczna takich ekosystem\u00f3w. Trudnym zadaniem cz\u0142owieka jest takie gospodarowanie ekosystemami sztucznymi \u2013 np. polami uprawnymi \u2013 by nie szkodzi\u0107 tej naturalnej r\u00f3\u017cnorodno\u015bci.<\/li>\n\n\n\n<li><strong>Kemy. <\/strong>Pag\u00f3rek nieopodal Szreniawy, na kt\u00f3rym stoi wie\u017ca Bierbaum\u00f3w jest kemem. Powsta\u0142 on z osad\u00f3w pozostajacych na dnie jeziora pomi\u0119dzy p\u0142atami ust\u0119puj\u0105cego l\u0105dolodu.<\/li>\n\n\n\n<li><strong>Gatunki specjalnej troski Wielkopolskiego Parku Narodowego. <\/strong>Do ro\u015blin tych zaliczane s\u0105 ro\u015bliny najrzadziej spotykane i najbardziej zagro\u017cone w Wielkopolskim PN. Sztandarowym przyk\u0142adem jest jarz\u0105b brekinia, nazywany brz\u0119kiem, zwi\u0105zany z lasami tworzonymi przez grab i d\u0105b, tzw. gr\u0105dami.<\/li>\n\n\n\n<li><strong>Gatunki obce w Wielkopolskim Parku Narodowym. <\/strong>Zagadnienie  gatunk\u00f3w obcych, w tym inwazyjnych jest jednym z najwi\u0119kszych problem\u00f3w ochrony przyrody Wielkopolskiego PN. W ostatnich badaniach na terenie WPN stwierdzona a\u017c ponad 150 takich gatunk\u00f3w!<\/li>\n<\/ol>\n\n\n\n<div class=\"wp-block-media-text alignwide is-stacked-on-mobile\"><figure class=\"wp-block-media-text__media\"><img loading=\"lazy\" decoding=\"async\" width=\"1024\" height=\"683\" src=\"https:\/\/archiwum.wielkopolskipn.pl\/wp-content\/uploads\/2022\/06\/punkt-widokowy-1024x683.jpg\" alt=\"\" class=\"wp-image-1342 size-full\" srcset=\"https:\/\/archiwum.wielkopolskipn.pl\/wp-content\/uploads\/2022\/06\/punkt-widokowy-1024x683.jpg 1024w, https:\/\/archiwum.wielkopolskipn.pl\/wp-content\/uploads\/2022\/06\/punkt-widokowy-300x200.jpg 300w, https:\/\/archiwum.wielkopolskipn.pl\/wp-content\/uploads\/2022\/06\/punkt-widokowy-768x512.jpg 768w, https:\/\/archiwum.wielkopolskipn.pl\/wp-content\/uploads\/2022\/06\/punkt-widokowy-1536x1024.jpg 1536w, https:\/\/archiwum.wielkopolskipn.pl\/wp-content\/uploads\/2022\/06\/punkt-widokowy-2048x1365.jpg 2048w\" sizes=\"auto, (max-width: 767px) 89vw, (max-width: 1000px) 54vw, (max-width: 1071px) 543px, 580px\" \/><\/figure><div class=\"wp-block-media-text__content\">\n<p style=\"font-size:16px\">7.<strong>Zabytkowa wie\u017ca <\/strong><br><strong>Mauzoleum Bierbaum\u00f3w. <\/strong><br>Wie\u017ca ta powsta\u0142a najprawdopodobniej w latach 60. XIX w. jako cz\u0119\u015b\u0107 kompleksu rezydencyjno-folwarcznego rodziny Bierbaum\u00f3w. Stanowi ciekawe po\u0142\u0105czenie obiektu zabytkowego z punktem widokowym.<\/p>\n<\/div><\/div>\n\n\n\n<div class=\"wp-block-media-text alignwide is-stacked-on-mobile\"><figure class=\"wp-block-media-text__media\"><img loading=\"lazy\" decoding=\"async\" width=\"1024\" height=\"678\" src=\"https:\/\/archiwum.wielkopolskipn.pl\/wp-content\/uploads\/2022\/06\/mrowisko-1024x678.jpg\" alt=\"\" class=\"wp-image-1340 size-full\" srcset=\"https:\/\/archiwum.wielkopolskipn.pl\/wp-content\/uploads\/2022\/06\/mrowisko-1024x678.jpg 1024w, https:\/\/archiwum.wielkopolskipn.pl\/wp-content\/uploads\/2022\/06\/mrowisko-300x199.jpg 300w, https:\/\/archiwum.wielkopolskipn.pl\/wp-content\/uploads\/2022\/06\/mrowisko-768x509.jpg 768w, https:\/\/archiwum.wielkopolskipn.pl\/wp-content\/uploads\/2022\/06\/mrowisko-1536x1017.jpg 1536w, https:\/\/archiwum.wielkopolskipn.pl\/wp-content\/uploads\/2022\/06\/mrowisko-2048x1356.jpg 2048w\" sizes=\"auto, (max-width: 767px) 89vw, (max-width: 1000px) 54vw, (max-width: 1071px) 543px, 580px\" \/><\/figure><div class=\"wp-block-media-text__content\">\n<p><strong>8<\/strong>.<strong>Mrowisko. <\/strong>Mr\u00f3wki, kt\u00f3rych w samej Polsce wyst\u0119puje ok. 100 gatunk\u00f3w, s\u0105 bezcennym sk\u0142adnikiem ekosystem\u00f3w, szczeg\u00f3lnie le\u015bnych. Odgrywaj\u0105 one m.in. rol\u0119 reducent\u00f3w materii organicznej.<\/p>\n\n\n\n<p><\/p>\n<\/div><\/div>\n\n\n\n<p><strong>9<\/strong>. <strong>Martwe drzewo. <\/strong>Martwe drzewa przybli\u017caj\u0105 lasy naturalne, kt\u00f3rych w Wielkopolskim PN jest coraz wi\u0119cej, do formy las\u00f3w pierwotnych. W skali ekosystemu le\u015bnego martwe drzewo mo\u017ce by\u0107 tzw. hotspotem r\u00f3\u017cnorodno\u015bci biologicznej, stanowi\u0105c miejsce do \u017cycia mn\u00f3stwa gatunk\u00f3w ro\u015blin i zwierz\u0105t.<\/p>\n\n\n\n<p><strong>10<\/strong>.<strong>Budowa warstwa lasu. <\/strong>Jest ona wyrazem z\u0142o\u017cono\u015bci ekosystemu le\u015bnego. Ka\u017cda warstwa tworzy specyficzn\u0105 nisz\u0119 ekologiczn\u0105 dla szeregu organizm\u00f3w.<\/p>\n\n\n\n<p><strong>11.<\/strong> <strong>G\u0142az narzutowy. <\/strong>Jest to pami\u0105tka po l\u0105dolodzie skandynawskim, kt\u00f3ry kszta\u0142towa\u0142 teren p\u00f3\u0142nocnej i \u015brodkowej Polski kilkana\u015bcie tysi\u0119cy lat temu. Rozmiary g\u0142az\u00f3w daj\u0105 wyobra\u017cenie o  sile l\u0105dolodu, kt\u00f3ry &#8220;zaci\u0105gn\u0105\u0142&#8221; je r\u00f3wnie\u017c na teren WPN.<\/p>\n\n\n\n<div class=\"wp-block-media-text alignwide is-stacked-on-mobile\"><figure class=\"wp-block-media-text__media\"><img loading=\"lazy\" decoding=\"async\" width=\"683\" height=\"1024\" src=\"https:\/\/archiwum.wielkopolskipn.pl\/wp-content\/uploads\/2022\/06\/Wieza_obiekt-_JW-1-683x1024.jpg\" alt=\"\" class=\"wp-image-1347 size-full\" srcset=\"https:\/\/archiwum.wielkopolskipn.pl\/wp-content\/uploads\/2022\/06\/Wieza_obiekt-_JW-1-683x1024.jpg 683w, https:\/\/archiwum.wielkopolskipn.pl\/wp-content\/uploads\/2022\/06\/Wieza_obiekt-_JW-1-200x300.jpg 200w, https:\/\/archiwum.wielkopolskipn.pl\/wp-content\/uploads\/2022\/06\/Wieza_obiekt-_JW-1-768x1152.jpg 768w, https:\/\/archiwum.wielkopolskipn.pl\/wp-content\/uploads\/2022\/06\/Wieza_obiekt-_JW-1-1024x1536.jpg 1024w, https:\/\/archiwum.wielkopolskipn.pl\/wp-content\/uploads\/2022\/06\/Wieza_obiekt-_JW-1-1365x2048.jpg 1365w, https:\/\/archiwum.wielkopolskipn.pl\/wp-content\/uploads\/2022\/06\/Wieza_obiekt-_JW-1-scaled.jpg 1707w\" sizes=\"auto, (max-width: 683px) 100vw, 683px\" \/><\/figure><div class=\"wp-block-media-text__content\">\n<p><strong>Dodatkowe informacje:<\/strong><\/p>\n\n\n\n<p>Trasa o kszta\u0142cie p\u0119tli.<\/p>\n\n\n\n<p>Wie\u017ca Bierbaum\u00f3w jest obiektem Muzeum Narodowego Rolnictwa i Przemys\u0142u Rolno-Spo\u017cywczego w Szreniawie i w celu jej zwiedzenia nale\u017cy kontaktowa\u0107 si\u0119 z Muzeum (Szreniawa, ul. Dworcowa 5, 62-052 Komorniki). <\/p>\n\n\n\n<p>Istnieje mo\u017cliwo\u015b\u0107 zakupienia przewodnika do \u015bcie\u017cki lub samodzielne jej zwiedzanie z wykorzystaniem licznych tablic edukacyjnych dostosowanych r\u00f3wnie\u017c do potrzeb os\u00f3b niepe\u0142nosprawnych.<\/p>\n<\/div><\/div>\n","protected":false},"excerpt":{"rendered":"<p>Opis: Podczas przej\u015bcia na \u015bcie\u017cce dydaktycznej Wok\u00f3\u0142 Starej Wie\u017cy uczestnicy uzyskaj\u0105 wiedz\u0119 na temat r\u00f3\u017cnorodno\u015bci ekosystem\u00f3w Wielkopolskiego Parku Narodowego. Poznaj\u0105 te\u017c problemy ochrony przyrody, szczeg\u00f3lnie te zwi\u0105zane z Uroczyskiem Krypel, a tak\u017ce specyfik\u0119 rze\u017aby tego terenu. Przystanki: 7.Zabytkowa wie\u017ca Mauzoleum Bierbaum\u00f3w. Wie\u017ca ta powsta\u0142a najprawdopodobniej w latach 60. XIX w. jako cz\u0119\u015b\u0107 kompleksu rezydencyjno-folwarcznego rodziny &hellip; <\/p>\n<p class=\"link-more\"><a href=\"https:\/\/archiwum.wielkopolskipn.pl\/en\/wokol-starej-wiezy\/\" class=\"more-link\">Continue reading<span class=\"screen-reader-text\"> &#8220;WOK\u00d3\u0141 STAREJ WIE\u017bY&#8221;<\/span><\/a><\/p>\n","protected":false},"author":1,"featured_media":0,"parent":0,"menu_order":0,"comment_status":"closed","ping_status":"closed","template":"","meta":{"ngg_post_thumbnail":0,"footnotes":""},"class_list":["post-1185","page","type-page","status-publish","hentry"],"_links":{"self":[{"href":"https:\/\/archiwum.wielkopolskipn.pl\/en\/wp-json\/wp\/v2\/pages\/1185","targetHints":{"allow":["GET"]}}],"collection":[{"href":"https:\/\/archiwum.wielkopolskipn.pl\/en\/wp-json\/wp\/v2\/pages"}],"about":[{"href":"https:\/\/archiwum.wielkopolskipn.pl\/en\/wp-json\/wp\/v2\/types\/page"}],"author":[{"embeddable":true,"href":"https:\/\/archiwum.wielkopolskipn.pl\/en\/wp-json\/wp\/v2\/users\/1"}],"replies":[{"embeddable":true,"href":"https:\/\/archiwum.wielkopolskipn.pl\/en\/wp-json\/wp\/v2\/comments?post=1185"}],"version-history":[{"count":15,"href":"https:\/\/archiwum.wielkopolskipn.pl\/en\/wp-json\/wp\/v2\/pages\/1185\/revisions"}],"predecessor-version":[{"id":2454,"href":"https:\/\/archiwum.wielkopolskipn.pl\/en\/wp-json\/wp\/v2\/pages\/1185\/revisions\/2454"}],"wp:attachment":[{"href":"https:\/\/archiwum.wielkopolskipn.pl\/en\/wp-json\/wp\/v2\/media?parent=1185"}],"curies":[{"name":"wp","href":"https:\/\/api.w.org\/{rel}","templated":true}]}}