{"id":1157,"date":"2022-06-01T10:30:07","date_gmt":"2022-06-01T08:30:07","guid":{"rendered":"http:\/\/new.wielkopolskipn.pl\/?page_id=1157"},"modified":"2022-08-25T10:09:56","modified_gmt":"2022-08-25T08:09:56","slug":"zasady-swiadczenia-uslug-edukacyjnych","status":"publish","type":"page","link":"https:\/\/archiwum.wielkopolskipn.pl\/en\/zasady-swiadczenia-uslug-edukacyjnych\/","title":{"rendered":"ZASADY \u015aWIADCZENIA US\u0141UG EDUKACYJNYCH"},"content":{"rendered":"\n<h2 class=\"wp-block-heading\"><strong>REGULAMIN ZAJ\u0118\u0106 EDUKACYJNYCH ORGANIZOWANYCH<\/strong> <strong>PRZEZ CENTRUM EDUKACJI EKOLOGICZNEJ<\/strong> <strong>WIELKOPOLSKIEGO PARKU NARODOWEGO<\/strong><\/h2>\n\n\n\n<p class=\"has-text-align-left\"><strong>\u00a7 1<\/strong><\/p>\n\n\n\n<div class=\"wp-block-group is-vertical is-layout-flex wp-container-core-group-is-layout-8cf370e7 wp-block-group-is-layout-flex\">\n<ol class=\"wp-block-list\" type=\"1\"><li>Regulamin okre\u015bla: <\/li><\/ol>\n\n\n\n<p>a) warunki uczestnictwa w Zaj\u0119ciach edukacyjnych,<\/p>\n\n\n\n<p>b) zasady prowadzenia Zaj\u0119\u0107 edukacyjnych,<\/p>\n\n\n\n<p>c) podmioty uprawnione do wzi\u0119cia udzia\u0142u w Zaj\u0119ciach edukacyjnych,<\/p>\n\n\n\n<p>d) zasady rejestracji w Zaj\u0119ciach edukacyjnych organizowanych przez Centrum Edukacji Ekologicznej Wielkopolskiego Parku Narodowego (dalej: CEE WPN),<\/p>\n\n\n\n<p>e )obowi\u0105zki Opiekuna grupy,<\/p>\n\n\n\n<p>f) obowi\u0105zki Uczestnik\u00f3w,<\/p>\n\n\n\n<p>g) koszty udzia\u0142u w Zaj\u0119ciach edukacyjnych.<\/p>\n<\/div>\n\n\n\n<p class=\"has-text-align-left\"><strong>\u00a7 <\/strong>2<\/p>\n\n\n\n<p>2. Ilekro\u0107 w Regulaminie mowa jest o:<\/p>\n\n\n\n<div class=\"wp-block-group is-vertical is-layout-flex wp-container-core-group-is-layout-8cf370e7 wp-block-group-is-layout-flex\">\n<p>a)Organizatorze \u2013 rozumie si\u0119 przez to pracownik\u00f3w Wielkopolskiego Parku Narodowego (dalej: WPN) z siedzib\u0105 w Jeziorach, 62-050, Mosina,<\/p>\n\n\n\n<p>b)Podmiocie \u2013 rozumie si\u0119 przez to instytucj\u0119, kt\u00f3ra reprezentowana jest przez Opiekuna oraz pokrywa nale\u017cno\u015b\u0107 za Zaj\u0119cia edukacyjne,<\/p>\n\n\n\n<p>c) Opiekunie \u2013 rozumie si\u0119 przez to osob\u0119 zg\u0142aszaj\u0105c\u0105 ch\u0119\u0107 udzia\u0142u w Zaj\u0119ciach edukacyjnych, kt\u00f3ra odpowiada za Uczestnik\u00f3w podczas Zaj\u0119\u0107 edukacyjnych oraz jest odpowiedzialna za dokonanie wszelkich formalno\u015bci zwi\u0105zanych z udzia\u0142em w Zaj\u0119ciach edukacyjnych, w tym dokonanie p\u0142atno\u015bci,<\/p>\n\n\n\n<p>d)Uczestniku \u2013 rozumie si\u0119 przez to osob\u0119 uczestnicz\u0105ca w Zaj\u0119ciach edukacyjnych, za kt\u00f3r\u0105 odpowiada Opiekun,<\/p>\n\n\n\n<p>e)Formularzu zg\u0142oszenia \u2013 rozumie si\u0119 przez to kwestionariusz, kt\u00f3ry wype\u0142nia Opiekun. Stanowi on podstaw\u0119 do przeprowadzenia Zaj\u0119\u0107 edukacyjnych. Opiekun przesy\u0142a go Organizatorowi, kt\u00f3ry na jego podstawie okre\u015bla dat\u0119 i warunki uczestnictwa w zaj\u0119ciach edukacyjnych. Formularze zg\u0142oszenia stanowi\u0105 za\u0142\u0105czniki do niniejszego Regulaminu.<\/p>\n\n\n\n<p>f)Zaj\u0119ciach edukacyjnych \u2013 rozumie si\u0119 przez to wybrany przez Opiekuna program edukacyjny. Jego zakres rzeczowy opisany jest na stronie internetowej Organizatora. Zaj\u0119cia edukacyjne s\u0105 realizowane przez pracownik\u00f3w CEE WPN<\/p>\n\n\n\n<p>g) Zaj\u0119ciach w terenie \u2013 rozumie si\u0119 przez to program edukacyjny o charakterze przyrodniczym realizowany wok\u00f3\u0142 budynku Dyrekcji WPN oraz na \u015bcie\u017ckach edukacyjnych Parku,<\/p>\n\n\n\n<p>h)Zaj\u0119ciach w salach i w terenie \u2013 rozumie si\u0119 przez to program edukacyjny w j\u0119zyku polskim lub angielskim o charakterze przyrodniczym, kt\u00f3ry realizowany jest zar\u00f3wno w pomieszczeniach Dyrekcji WPN, tj. w sali audiowizualnej, sali lekcyjnej, Muzeum Przyrodniczym WPN (dalej: Muzeum), sali konferencyjnej i in. oraz w obszarze na zewn\u0105trz budynku Dyrekcji WPN,<\/p>\n\n\n\n<p>i)Zaj\u0119ciach online- rozumie si\u0119 przez to program edukacyjny prowadzony poprzez platform\u0119 online administrowan\u0105 przez Podmiot. <\/p>\n\n\n\n<p>j)Zaj\u0119ciach w szkole \u2013 rozumie si\u0119 przez to program edukacyjny prowadzony przez pracownik\u00f3w Centrum Edukacji w plac\u00f3wkach o\u015bwiatowych po\u0142o\u017conych w&nbsp;s\u0105siedztwie Wielkopolskiego Parku Narodowego.<\/p>\n\n\n\n<p><\/p>\n\n\n\n<p class=\"has-text-align-center\"><strong>\u00a7 3<\/strong><\/p>\n\n\n\n<p>3.Program Zaj\u0119\u0107 edukacyjnych zosta\u0142 okre\u015blony indywidualnie do celu zaj\u0119\u0107 i przedstawiony na stronie internetowej Organizatora. Cel zaj\u0119\u0107 \u015bci\u015ble jest powi\u0105zany z tematyk\u0105 przyrodnicz\u0105 i rol\u0105 Wielkopolskiego Parku Narodowego.<\/p>\n\n\n\n<p><strong>\u00a7 4<\/strong><\/p>\n\n\n\n<p>4. Organizator przewiduje nast\u0119puj\u0105ce formy prowadzenia zaj\u0119\u0107:<\/p>\n\n\n\n<p>a)Zaj\u0119cia w Muzeum,<\/p>\n\n\n\n<p>b)Zaj\u0119cia w terenie,<\/p>\n\n\n\n<p>c)Zaj\u0119cia w sali i w terenie,<\/p>\n\n\n\n<p>d)Zaj\u0119cia online, <\/p>\n\n\n\n<p>e)Zaj\u0119cia w szkole,<\/p>\n\n\n\n<p>f)Inne formy zaj\u0119\u0107 edukacyjnych, kt\u00f3re mog\u0105 by\u0107 realizowane po wcze\u015bniejszym uzgodnieniu ich zakresu i terminu z Dyrekcj\u0105 WPN i jego pisemnym potwierdzeniu.<\/p>\n\n\n\n<p>5. Niezale\u017cnie od wybranego programu, zaj\u0119cia odbywaj\u0105 si\u0119 w ci\u0105gu 1 dnia roboczego.<\/p>\n\n\n\n<p>6. Zaj\u0119cia edukacyjne mog\u0105 odbywa\u0107 si\u0119 w godzinach od 9 do 14.<\/p>\n\n\n\n<p>7. W ci\u0105gu 1 dnia Zaj\u0119cia edukacyjne s\u0105 przeprowadzane dla maksimum 2 grup.<\/p>\n\n\n\n<p><strong>\u00a7 5<\/strong><\/p>\n\n\n\n<p><strong>8.Zasady rejestracji:<\/strong><\/p>\n\n\n\n<p>a) <strong>rejestracja na Zaj\u0119cia edukacyjne odbywa si\u0119 wy\u0142\u0105cznie poprzez formularz dost\u0119pny<br>na stronie internetowej Organizatora,<\/strong><\/p>\n\n\n\n<p>b)Opiekun grupy wype\u0142nia formularz zg\u0142oszeniowy, kt\u00f3ry wysy\u0142a na adres e-mail lesna.szkola@wielkopolskipn.pl,<\/p>\n\n\n\n<p>c)Organizator zatwierdza termin zaj\u0119\u0107 i potwierdza przyj\u0119cie ich realizacji w wiadomo\u015bci mailowej lub telefonicznej.<\/p>\n\n\n\n<p><strong>\u00a7 6<\/strong><\/p>\n\n\n\n<p><strong>9. Warunki uczestnictwa w Zaj\u0119ciach edukacyjnych:<\/strong><\/p>\n\n\n\n<p>a) Zaj\u0119cia edukacyjne zostan\u0105 przeprowadzone <strong>wy\u0142\u0105cznie po potwierdzeniu przez Organizatora terminu oraz po uiszczeniu op\u0142aty za Zaj\u0119cia edukacyjne do 3 dni roboczych przed terminem planowanych zaj\u0119\u0107,<\/strong><\/p>\n\n\n\n<p>b) Zaj\u0119cia edukacyjne odbywaj\u0105 si\u0119 w grupach licz\u0105cych od 10 do 25 os\u00f3b,<\/p>\n\n\n\n<p>c)Organizator zastrzega sobie prawo do odwo\u0142ania Zaj\u0119\u0107 edukacyjnych w przypadku, gdy wyst\u0105pi\u0105 warunki atmosferyczne uniemo\u017cliwiaj\u0105ce przeprowadzenie zaj\u0119\u0107 w terenie (burza, nawalny deszcz, silny wiatr) lub w przypadku wyst\u0105pienia zagro\u017cenia epidemiologicznego COVID-19. W\u00f3wczas ca\u0142o\u015b\u0107 op\u0142aty za niezrealizowane zaj\u0119cia zostaje zwr\u00f3cona na konto Podmiotu,<\/p>\n\n\n\n<p>d)Organizator zastrzega sobie brak zwrotu op\u0142aty, za pojedynczych uczestnik\u00f3w, kt\u00f3rzy nie wezm\u0105 udzia\u0142u w zaj\u0119ciach edukacyjnych w wyznaczonym terminie,<\/p>\n\n\n\n<p>e)w przypadku sp\u00f3\u017anienia si\u0119 Uczestnik\u00f3w co najmniej o 15 minut na Zaj\u0119cia edukacyjne Opiekun grupy zobowi\u0105zuje si\u0119 do poinformowania o tym Organizatora drog\u0105 telefoniczn\u0105.<\/p>\n\n\n\n<p>f) wymagane jest, aby Uczestnicy posiadali odzie\u017c terenow\u0105 i przeciwdeszczow\u0105 i buty terenowe,<\/p>\n\n\n\n<p>g)przed wyjazdem na zaj\u0119cia zalecane jest, aby Uczestnicy zaopatrzyli si\u0119 w preparaty przeciwko komarom i kleszczom oraz u\u017cyli ich przed wyj\u015bciem w teren,<\/p>\n\n\n\n<p>h)Uczestnicy i Opiekun grupy stosuj\u0105 si\u0119 do polece\u0144 przekazywane przez Organizatora,<\/p>\n\n\n\n<p>i)Organizator zastrzega sobie prawo do skr\u00f3cenia Zaj\u0119\u0107 edukacyjnych rezygnuj\u0105c z realizacji cz\u0119\u015bci programu, wy\u0142\u0105cznie w nast\u0119pstwie sp\u00f3\u017anienia Uczestnik\u00f3w z powodu utrudnie\u0144 drogowych lub stanu psychofizycznego Uczestnik\u00f3w. O potrzebie skr\u00f3cenia Zaj\u0119\u0107 edukacyjnych z powodu stanu psychofizycznego uczestnik\u00f3w informuje Organizatora Opiekun.<\/p>\n\n\n\n<p><strong>10. Do obowi\u0105zk\u00f3w Opiekuna nale\u017cy:<\/strong><\/p>\n\n\n\n<p>a)wype\u0142nienie formularza zg\u0142oszenia oraz uiszczenie op\u0142aty za Zaj\u0119cia edukacyjne,<\/p>\n\n\n\n<p>b) sprawowanie w spos\u00f3b ci\u0105g\u0142y opieki nad Uczestnikami zaj\u0119\u0107, co rozumie si\u0119 jako sta\u0142y pobyt Opiekuna z grup\u0105,<\/p>\n\n\n\n<p>c) posiadanie przy sobie apteczki pierwszej pomocy,<\/p>\n\n\n\n<p>d) poinformowanie Organizatora w formularzu zg\u0142osze\u0144 o chorobach Uczestnika, kt\u00f3re w jaki\u015b spos\u00f3b mog\u0105 wp\u0142yn\u0105\u0107 na realizacj\u0119 zaj\u0119\u0107 edukacyjnych (w tym autyzm, ADHD, choroby oczu, niedos\u0142uch, inny rodzaj niepe\u0142nosprawno\u015bci lub choroby). Organizator powinien wiedzie\u0107 o takich przypad\u0142o\u015bciach w celu dostosowania programu r\u00f3wnie\u017c do potrzeb tych Uczestnik\u00f3w. W przypadku braku takiej informacji Organizator zak\u0142ada, \u017ce nie ma potrzeby modyfikowania standardowego programu i sposobu lub formy przekazywania tre\u015bci edukacyjnych,<\/p>\n\n\n\n<p>e) <strong>poinformowanie Uczestnik\u00f3w o konieczno\u015bci przygotowania si\u0119 na Zaj\u0119cia edukacyjne<br>w zakresie opisanym w \u00a7 7 z wyprzedzeniem umo\u017cliwiaj\u0105cym Uczestnikom przygotowanie,<\/strong><\/p>\n\n\n\n<p>f)poinformowanie Organizatora o ewentualnym wyst\u0105pieniu objaw\u00f3w COVID-19 u Opiekuna lub Uczestnik\u00f3w w terminie do 14 dni po przeprowadzeniu Zaj\u0119\u0107 edukacyjnych.<\/p>\n\n\n\n<p><strong>\u00a7 7<\/strong><\/p>\n\n\n\n<p><strong>11. Uczestnik powinien:<\/strong><\/p>\n\n\n\n<p>a) by\u0107 zaopatrzony w odzie\u017c terenow\u0105, pozwalaj\u0105c\u0105 na swobodne i bezpieczne przemieszczanie si\u0119 w terenie<\/p>\n\n\n\n<p>b) posiada\u0107 kurtk\u0119 przeciwdeszczow\u0105 lub peleryn\u0119 zapewniaj\u0105c\u0105 komfort przej\u015bcia podczas deszczu, \u015bniegu lub innego opadu,<\/p>\n\n\n\n<p>c) posiada\u0107 obuwie umo\u017cliwiaj\u0105ce komfortowe przej\u015bcie w terenie o r\u00f3\u017cnej wysoko\u015bci i zr\u00f3\u017cnicowanej nawierzchni,<\/p>\n\n\n\n<p>d) by\u0107 zaopatrzony w wod\u0119 lub ciep\u0142y nap\u00f3j w termosie oraz jedzenie, przeznaczone do spo\u017cycia podczas wyznaczonych przez Organizatora przerw,<\/p>\n\n\n\n<p>e) posiada\u0107 nakrycie g\u0142owy, zale\u017cnie od pory roku chroni\u0105ce przed zimnem lub s\u0142o\u0144cem,<\/p>\n\n\n\n<p>f) posiada\u0107 i u\u017cy\u0107 preparat\u00f3w przeciwko kleszczom i komarom,<\/p>\n\n\n\n<p>g)posiada\u0107 podk\u0142adk\u0119 do pisania i d\u0142ugopis do wykorzystania w terenie, a w przypadku zaj\u0119\u0107 plastycznych posiada\u0107 kredki i inne materia\u0142y plastyczne.<\/p>\n\n\n\n<p><strong>\u00a7 8<\/strong><\/p>\n\n\n\n<p><strong>12. Op\u0142aty:<\/strong><\/p>\n\n\n\n<p>a)<strong>op\u0142at\u0119 <\/strong>za zaj\u0119cia nale\u017cy ui\u015bci\u0107 przelewem najp\u00f3\u017aniej <strong>na trzy dni przed <\/strong>planowanymi zaj\u0119ciami na <strong>konto <\/strong>BGK oddzia\u0142 Pozna\u0144 nr <strong>16 1130 1088 0001 3126 8320 0009<\/strong> z <strong>tytu\u0142em <\/strong>przelewu w formacie: \u201enazwisko\/instytucja, miejsce i data zam\u00f3wionej us\u0142ugi edukacyjnej, ZAJ\u0118CIA EDUKACYJNE lub w wyj\u0105tkowych sytuacjach w formie got\u00f3wki, po wcze\u015bniejszym ustaleniu takiej formy p\u0142atno\u015bci z pracownikiem Centrum Edukacji Ekologicznej, w dniu realizacji zaj\u0119\u0107<strong>,<\/strong><\/p>\n\n\n\n<p>b)pro\u015bba o wystawienie faktury powinna zosta\u0107 zg\u0142oszona Organizatorowi przez Opiekuna<br>w formularzu zg\u0142oszenia,<\/p>\n\n\n\n<p>c)op\u0142at\u0119 pobiera si\u0119 za:<\/p>\n\n\n\n<ul class=\"wp-block-list\"><li>Zaj\u0119cia w Muzeum,<\/li><li>Zaj\u0119cia w terenie,<\/li><li>Zaj\u0119cia w salach i w terenie,<\/li><li>Zaj\u0119cia online,<\/li><li>Zaj\u0119cia w szkole.<\/li><\/ul>\n\n\n\n<p>d) <strong><strong>dodatkowe atrakcje, min. ognisko, op\u0142acane s\u0105 osobnym przelewem na konto <\/strong>BGK oddzia\u0142 Pozna\u0144 nr <strong>16 1130 1088 0001 3126 8320 0009,<\/strong><\/strong><\/p>\n\n\n\n<p>e)nale\u017cno\u015b\u0107 za Zaj\u0119cia edukacyjne nie pokrywa op\u0142aty parkingowej<\/p>\n\n\n\n<p><strong>13. Op\u0142aty reguluje Cennik stanowi\u0105cy za\u0142\u0105cznik do niniejszego Regulaminu i dost\u0119pny na stronie internetowej Organizatora.<\/strong><\/p>\n\n\n\n<p><strong>14. Organizator wyznacza nast\u0119puj\u0105ce op\u0142aty:<\/strong><\/p>\n\n\n\n<p>a) bilet normalny na wej\u015bcie do Muzeum,<\/p>\n\n\n\n<p>b) bilet ulgowy na wej\u015bcie do Muzeum,<\/p>\n\n\n\n<p>c) bilet dla posiadaczy Karty Du\u017cej Rodziny na wej\u015bcie do Muzeum,<\/p>\n\n\n\n<p>d) op\u0142ata za Zaj\u0119cia w terenie,<\/p>\n\n\n\n<p>e)op\u0142ata za Zaj\u0119cia w salach i w terenie,<\/p>\n\n\n\n<p>f) op\u0142ata za Zaj\u0119cia online,<\/p>\n\n\n\n<p>g)op\u0142ata za wyjazdy do szk\u00f3\u0142.<\/p>\n\n\n\n<p><strong>\u00a7 9<\/strong><\/p>\n\n\n\n<p>15. Organizator zastrzega sobie prawo do dokumentowania przebiegu Zaj\u0119\u0107 edukacyjnych do cel\u00f3w sprawozdawczych oraz galerii na portalu Facebook. Publikowane w tych celach zdj\u0119cia nie ukazuj\u0105 twarzy Uczestnik\u00f3w, je\u017celi nie zosta\u0142a na to wyra\u017cona zgoda.<\/p>\n\n\n\n<p>16.Informacje zwi\u0105zane z Zaj\u0119ciami edukacyjnymi dost\u0119pne s\u0105 na stronie internetowej<br>WPN: wielkopolskipn.pl, u pracownik\u00f3w CEE WPN oraz pod adresem e-mail: lesna.szkola@wielkopolskipn.pl<\/p>\n\n\n\n<p><strong>\u00a7 10<\/strong><\/p>\n\n\n\n<p>17. Postanowienia ko\u0144cowe<\/p>\n\n\n\n<p>a) Dokonanie p\u0142atno\u015bci za zaj\u0119cia jest r\u00f3wnoznaczne z zapoznaniem si\u0119 Opiekuna z niniejszym Regulaminem i dobrowolnym przyj\u0119ciem jego postanowie\u0144 do stosowania,<\/p>\n\n\n\n<p>b) Opiekun wyra\u017ca zgod\u0119 na przetwarzanie danych osobowych dla cel\u00f3w zwi\u0105zanych z organizacj\u0105 zaj\u0119\u0107 i przesy\u0142aniem oferty edukacyjnej.<\/p>\n\n\n\n<p>c) w przypadku wej\u015bcia w \u017cycie nowych ogranicze\u0144 zwi\u0105zanych z zagro\u017ceniem epidemiologicznym, uniemo\u017cliwiaj\u0105cych realizacj\u0119 oferty edukacyjnej CEE WPN lub jej cz\u0119\u015bci, Wielkopolski Park Narodowy zastrzega sobie mo\u017cliwo\u015b\u0107 dokonywania zmian w ofercie edukacyjnej, a w szczeg\u00f3lno\u015bci mo\u017cliwo\u015b\u0107 zawieszenia \u201eZaj\u0119\u0107 w salach i w terenie\u201d oraz &#8220;Zaj\u0119\u0107 w szkole&#8221; na rzecz \u201eZaj\u0119\u0107 w terenie\u201d i \u201eZaj\u0119\u0107 online\u201d.<\/p>\n<\/div>\n","protected":false},"excerpt":{"rendered":"<p>REGULAMIN ZAJ\u0118\u0106 EDUKACYJNYCH ORGANIZOWANYCH PRZEZ CENTRUM EDUKACJI EKOLOGICZNEJ WIELKOPOLSKIEGO PARKU NARODOWEGO \u00a7 1 Regulamin okre\u015bla: a) warunki uczestnictwa w Zaj\u0119ciach edukacyjnych, b) zasady prowadzenia Zaj\u0119\u0107 edukacyjnych, c) podmioty uprawnione do wzi\u0119cia udzia\u0142u w Zaj\u0119ciach edukacyjnych, d) zasady rejestracji w Zaj\u0119ciach edukacyjnych organizowanych przez Centrum Edukacji Ekologicznej Wielkopolskiego Parku Narodowego (dalej: CEE WPN), e )obowi\u0105zki Opiekuna &hellip; <\/p>\n<p class=\"link-more\"><a href=\"https:\/\/archiwum.wielkopolskipn.pl\/en\/zasady-swiadczenia-uslug-edukacyjnych\/\" class=\"more-link\">Continue reading<span class=\"screen-reader-text\"> &#8220;ZASADY \u015aWIADCZENIA US\u0141UG EDUKACYJNYCH&#8221;<\/span><\/a><\/p>\n","protected":false},"author":1,"featured_media":0,"parent":0,"menu_order":0,"comment_status":"closed","ping_status":"closed","template":"","meta":{"ngg_post_thumbnail":0,"footnotes":""},"class_list":["post-1157","page","type-page","status-publish","hentry"],"_links":{"self":[{"href":"https:\/\/archiwum.wielkopolskipn.pl\/en\/wp-json\/wp\/v2\/pages\/1157","targetHints":{"allow":["GET"]}}],"collection":[{"href":"https:\/\/archiwum.wielkopolskipn.pl\/en\/wp-json\/wp\/v2\/pages"}],"about":[{"href":"https:\/\/archiwum.wielkopolskipn.pl\/en\/wp-json\/wp\/v2\/types\/page"}],"author":[{"embeddable":true,"href":"https:\/\/archiwum.wielkopolskipn.pl\/en\/wp-json\/wp\/v2\/users\/1"}],"replies":[{"embeddable":true,"href":"https:\/\/archiwum.wielkopolskipn.pl\/en\/wp-json\/wp\/v2\/comments?post=1157"}],"version-history":[{"count":13,"href":"https:\/\/archiwum.wielkopolskipn.pl\/en\/wp-json\/wp\/v2\/pages\/1157\/revisions"}],"predecessor-version":[{"id":1844,"href":"https:\/\/archiwum.wielkopolskipn.pl\/en\/wp-json\/wp\/v2\/pages\/1157\/revisions\/1844"}],"wp:attachment":[{"href":"https:\/\/archiwum.wielkopolskipn.pl\/en\/wp-json\/wp\/v2\/media?parent=1157"}],"curies":[{"name":"wp","href":"https:\/\/api.w.org\/{rel}","templated":true}]}}