{"id":1113,"date":"2022-06-01T08:10:41","date_gmt":"2022-06-01T06:10:41","guid":{"rendered":"http:\/\/new.wielkopolskipn.pl\/?page_id=1113"},"modified":"2022-10-21T09:29:17","modified_gmt":"2022-10-21T07:29:17","slug":"konne","status":"publish","type":"page","link":"https:\/\/archiwum.wielkopolskipn.pl\/en\/konne\/","title":{"rendered":"KONNE"},"content":{"rendered":"\n<ol class=\"wp-block-list\" type=\"1\"><li>W Wielkopolskim Parku Narodowym wyznaczono trasy, kt\u00f3re zosta\u0142y udost\u0119pnione do jazdy konnej. W celu wykupienia wjazdu na wskazane szlaki, nale\u017cy dokona\u0107 wp\u0142aty na konto Parku<strong> BGK oddzia\u0142 Pozna\u0144 nr 16 1130 1088 0001 3126 8320 0009 <\/strong>z podaniem w tytule przelewu nast\u0119puj\u0105cych informacji:<ul><li>dopisek \u201eWP\u0141ATA ZA JAZD\u0118 KONN\u0104\u201d;<\/li><li>imi\u0119 konia;<\/li><li>numer paszportu konia;<\/li><li>termin jazdy konnej.<\/li><\/ul><\/li><li>Ka\u017cda osoba korzystaj\u0105ca z jazdy konnej zobowi\u0105zana jest posiada\u0107 przy sobie<strong> dow\u00f3d wp\u0142aty z powy\u017cszymi informacjami<\/strong>, a tak\u017ce <strong>paszport konia<\/strong>, kt\u00f3re nale\u017cy okaza\u0107 podczas kontroli.<\/li><li>Osoby zainteresowane otrzymaniem <strong>faktury VAT<\/strong> prosimy o zg\u0142oszenie takiej informacji na adres mailowy <a href=\"mailto:sekretariat@wielkopolskipn.pl\">sekretariat@wielkopolskipn.pl<\/a> z podaniem we wiadomo\u015bci danych do faktury.<\/li><li>Cennik jazdy konnej:<ul><li>30,00 z\u0142 \/ dzie\u0144 &#8211; od poniedzia\u0142ku do pi\u0105tku \/ 1 ko\u0144<\/li><li>40,00 z\u0142 \/ dzie\u0144 &#8211; sobota lub niedziela \/ 1 ko\u0144<\/li><li>70,00 z\u0142 \/ weekend &#8211; sobota i niedziela \/ 1 ko\u0144<\/li><li>200,00 z\u0142 \/ miesi\u0105c \/ 1 ko\u0144<\/li><li>1 000,00 z\u0142 \/ rok \/ 1 ko\u0144<\/li><\/ul><\/li><li>Ka\u017cdy korzystaj\u0105cy z jazdy konnej zobowi\u0105zany jest do przestrzegania<a href=\"https:\/\/archiwum.wielkopolskipn.pl\/park\/kategoria\/pl\/regulamin\/20\/\"> regulaminu Wielkopolskiego Parku Narodowego<\/a>.<\/li><li>Jazda konna na terenie WPN dopuszczona jest wy\u0142\u0105cznie po trasach udost\u0119pnionych do jazdy konnej.<\/li><li>Korzystanie ze szlak\u00f3w konnych odbywa si\u0119 na w\u0142asn\u0105 odpowiedzialno\u015b\u0107.<\/li><\/ol>\n\n\n\n<p><\/p>\n\n\n\n<p><\/p>\n","protected":false},"excerpt":{"rendered":"<p>W Wielkopolskim Parku Narodowym wyznaczono trasy, kt\u00f3re zosta\u0142y udost\u0119pnione do jazdy konnej. W celu wykupienia wjazdu na wskazane szlaki, nale\u017cy dokona\u0107 wp\u0142aty na konto Parku BGK oddzia\u0142 Pozna\u0144 nr 16 1130 1088 0001 3126 8320 0009 z podaniem w tytule przelewu nast\u0119puj\u0105cych informacji: dopisek \u201eWP\u0141ATA ZA JAZD\u0118 KONN\u0104\u201d; imi\u0119 konia; numer paszportu konia; termin jazdy &hellip; <\/p>\n<p class=\"link-more\"><a href=\"https:\/\/archiwum.wielkopolskipn.pl\/en\/konne\/\" class=\"more-link\">Continue reading<span class=\"screen-reader-text\"> &#8220;KONNE&#8221;<\/span><\/a><\/p>\n","protected":false},"author":8,"featured_media":0,"parent":0,"menu_order":0,"comment_status":"closed","ping_status":"closed","template":"","meta":{"ngg_post_thumbnail":0,"footnotes":""},"class_list":["post-1113","page","type-page","status-publish","hentry"],"_links":{"self":[{"href":"https:\/\/archiwum.wielkopolskipn.pl\/en\/wp-json\/wp\/v2\/pages\/1113","targetHints":{"allow":["GET"]}}],"collection":[{"href":"https:\/\/archiwum.wielkopolskipn.pl\/en\/wp-json\/wp\/v2\/pages"}],"about":[{"href":"https:\/\/archiwum.wielkopolskipn.pl\/en\/wp-json\/wp\/v2\/types\/page"}],"author":[{"embeddable":true,"href":"https:\/\/archiwum.wielkopolskipn.pl\/en\/wp-json\/wp\/v2\/users\/8"}],"replies":[{"embeddable":true,"href":"https:\/\/archiwum.wielkopolskipn.pl\/en\/wp-json\/wp\/v2\/comments?post=1113"}],"version-history":[{"count":8,"href":"https:\/\/archiwum.wielkopolskipn.pl\/en\/wp-json\/wp\/v2\/pages\/1113\/revisions"}],"predecessor-version":[{"id":2104,"href":"https:\/\/archiwum.wielkopolskipn.pl\/en\/wp-json\/wp\/v2\/pages\/1113\/revisions\/2104"}],"wp:attachment":[{"href":"https:\/\/archiwum.wielkopolskipn.pl\/en\/wp-json\/wp\/v2\/media?parent=1113"}],"curies":[{"name":"wp","href":"https:\/\/api.w.org\/{rel}","templated":true}]}}