{"id":1002,"date":"2022-05-31T07:51:19","date_gmt":"2022-05-31T05:51:19","guid":{"rendered":"http:\/\/new.wielkopolskipn.pl\/?page_id=1002"},"modified":"2022-08-24T12:53:02","modified_gmt":"2022-08-24T10:53:02","slug":"sciezki-edukacyjne-2","status":"publish","type":"page","link":"https:\/\/archiwum.wielkopolskipn.pl\/en\/sciezki-edukacyjne-2\/","title":{"rendered":"\u015aCIE\u017bKI  EDUKACYJNE"},"content":{"rendered":"\n<p style=\"font-size:15px\"><strong><a href=\"http:\/\/archiwum.wielkopolskipn.pl\/na-tropach-ladolodu\/\" data-type=\"URL\" data-id=\"http:\/\/archiwum.wielkopolskipn.pl\/na-tropach-ladolodu\/\">NA TROPACH L\u0104DOLODU<\/a><\/strong> &#8211; D\u0142ugo\u015b\u0107 trasy: 5km<\/p>\n\n\n\n<p style=\"font-size:15px\"><strong><a href=\"http:\/\/archiwum.wielkopolskipn.pl\/wokol-starej-wiezy\/\" data-type=\"URL\" data-id=\"http:\/\/archiwum.wielkopolskipn.pl\/wokol-starej-wiezy\/\">WOK\u00d3\u0141 STAREJ WIE\u017bY<\/a><\/strong> &#8211; D\u0142ugo\u015b\u0107 trasy: 1,2km<\/p>\n\n\n\n<p style=\"font-size:15px\"><strong><a href=\"http:\/\/archiwum.wielkopolskipn.pl\/nadwarcianska-sciezka-dydaktyczna\/\" data-type=\"page\" data-id=\"1190\">NADWARCIA\u0143SKA \u015aCIE\u017bKA DYDAKTYCZNA<\/a><\/strong><\/p>\n\n\n\n<p style=\"font-size:15px\"><strong><a href=\"http:\/\/archiwum.wielkopolskipn.pl\/lesna-szkola-w-jeziorach\/\" data-type=\"page\">LE\u015aNA SZKO\u0141A W JEZIORACH<\/a><\/strong><\/p>\n\n\n\n<p style=\"font-size:15px\"><strong><a href=\"http:\/\/archiwum.wielkopolskipn.pl\/rosliny-na-sciezce-dydaktycznej-lesna-szkola-w-jeziorach\/\" data-type=\"URL\" data-id=\"http:\/\/archiwum.wielkopolskipn.pl\/rosliny-na-sciezce-dydaktycznej-lesna-szkola-w-jeziorach\/\">RO\u015aLINY NA \u015aCIE\u017bCE DYDAKTYCZNEJ LE\u015aNA SZKO\u0141A W JEZIORACH<\/a><\/strong><\/p>\n\n\n\n<p style=\"font-size:15px\"><strong><a href=\"http:\/\/archiwum.wielkopolskipn.pl\/sciezka-dydaktyczna-osowa-gora-jeziory\/\" data-type=\"URL\" data-id=\"http:\/\/archiwum.wielkopolskipn.pl\/sciezka-dydaktyczna-osowa-gora-jeziory\/\">\u015aCIE\u017bKA DYDAKTYCZNA OSOWA G\u00d3RA- JEZIORY<\/a><\/strong><\/p>\n\n\n\n<p><\/p>\n","protected":false},"excerpt":{"rendered":"<p>NA TROPACH L\u0104DOLODU &#8211; D\u0142ugo\u015b\u0107 trasy: 5km WOK\u00d3\u0141 STAREJ WIE\u017bY &#8211; D\u0142ugo\u015b\u0107 trasy: 1,2km NADWARCIA\u0143SKA \u015aCIE\u017bKA DYDAKTYCZNA LE\u015aNA SZKO\u0141A W JEZIORACH RO\u015aLINY NA \u015aCIE\u017bCE DYDAKTYCZNEJ LE\u015aNA SZKO\u0141A W JEZIORACH \u015aCIE\u017bKA DYDAKTYCZNA OSOWA G\u00d3RA- JEZIORY<\/p>\n","protected":false},"author":1,"featured_media":0,"parent":0,"menu_order":0,"comment_status":"closed","ping_status":"closed","template":"","meta":{"ngg_post_thumbnail":0,"footnotes":""},"class_list":["post-1002","page","type-page","status-publish","hentry"],"_links":{"self":[{"href":"https:\/\/archiwum.wielkopolskipn.pl\/en\/wp-json\/wp\/v2\/pages\/1002","targetHints":{"allow":["GET"]}}],"collection":[{"href":"https:\/\/archiwum.wielkopolskipn.pl\/en\/wp-json\/wp\/v2\/pages"}],"about":[{"href":"https:\/\/archiwum.wielkopolskipn.pl\/en\/wp-json\/wp\/v2\/types\/page"}],"author":[{"embeddable":true,"href":"https:\/\/archiwum.wielkopolskipn.pl\/en\/wp-json\/wp\/v2\/users\/1"}],"replies":[{"embeddable":true,"href":"https:\/\/archiwum.wielkopolskipn.pl\/en\/wp-json\/wp\/v2\/comments?post=1002"}],"version-history":[{"count":19,"href":"https:\/\/archiwum.wielkopolskipn.pl\/en\/wp-json\/wp\/v2\/pages\/1002\/revisions"}],"predecessor-version":[{"id":1793,"href":"https:\/\/archiwum.wielkopolskipn.pl\/en\/wp-json\/wp\/v2\/pages\/1002\/revisions\/1793"}],"wp:attachment":[{"href":"https:\/\/archiwum.wielkopolskipn.pl\/en\/wp-json\/wp\/v2\/media?parent=1002"}],"curies":[{"name":"wp","href":"https:\/\/api.w.org\/{rel}","templated":true}]}}